{"id":750556,"date":"2025-08-28T04:23:41","date_gmt":"2025-08-28T01:23:41","guid":{"rendered":"https:\/\/roveyayinevi.com.tr\/index.php\/urun\/jason-thornu-sevmek\/"},"modified":"2026-04-16T03:03:55","modified_gmt":"2026-04-16T00:03:55","slug":"jason-thornu-sevmek","status":"publish","type":"product","link":"https:\/\/roveyayinevi.com.tr\/index.php\/urun\/jason-thornu-sevmek\/","title":{"rendered":"Jason Thorn\u2019u Sevmek"},"content":{"rendered":"<p>\u00c7ocukluk a\u015fk\u0131n bir film y\u0131ld\u0131z\u0131 ve ondan esinlenerek yazd\u0131\u011f\u0131n kitab\u0131n ba\u015frol\u00fc olmak \u00fczere   Olive Taylor kendini bildi bileli tek bir ki\u015fiden ho\u015flan\u0131yordu. Abisinin en yak\u0131n arkada\u015f\u0131 Jason Thorn\u2019u ilk g\u00f6rd\u00fc\u011f\u00fcnde yedi ya\u015f\u0131ndayd\u0131 ve bir g\u00fcn evleneceklerinden emindi. Ama y\u0131llar sonra beklenmedik bir \u015fey olmu\u015f, Jason kalbini parampar\u00e7a etmi\u015f, hemen ard\u0131ndan da ailevi sebeplerden \u00f6t\u00fcr\u00fc ta\u015f\u0131nmak zorunda kalm\u0131\u015ft\u0131.   Aradan ge\u00e7en y\u0131llarda onu akl\u0131ndan \u00e7\u0131karmak kolay olabilirdi, tabii Jason Thorn t\u00fcm kad\u0131nlar\u0131n arzulad\u0131\u011f\u0131 bir film y\u0131ld\u0131z\u0131 olmasayd\u0131. Olive ise art\u0131k \u00e7oksatan bir yazard\u0131 ve kitab\u0131n\u0131n haklar\u0131n\u0131 sat\u0131n almak isteyen bir film st\u00fcdyosuyla g\u00f6r\u00fc\u015f\u00fcyordu.   Filmin ba\u015frol\u00fc olarak Jason\u2019la anla\u015f\u0131ld\u0131\u011f\u0131nda, Olive\u2019in tam olarak k\u00fcllenmemi\u015f duygular\u0131 var g\u00fcc\u00fcyle geri d\u00f6necek ve Jason\u2019\u0131n itibar\u0131n\u0131 kurtarmak i\u00e7in yapt\u0131klar\u0131 anla\u015fmayla i\u015fler iyice sarpa saracakt\u0131.   Olive\u2019in kalbi bu kez daha feci bir \u015fekilde k\u0131r\u0131lmaktan kurtulabilir miydi?     \u201cJason Thorn\u2019a resmen bay\u0131ld\u0131m! Seksi k\u00f6t\u00fc \u00e7ocuk bir an i\u00e7inizi titretirken, bir sonraki an Olive\u2019le tatl\u0131 at\u0131\u015fmalar\u0131 ve korumac\u0131 bir \u015fekilde sahiplenmesiyle kalbinizi \u0131s\u0131t\u0131yor.\u201d \u2014Totally Booked Blog   \u201cAman Tanr\u0131m, m\u00fckemmellik abidesi Jason. Asl\u0131nda \u00e7ok da k\u00f6t\u00fc olmad\u0131\u011f\u0131 ortaya \u00e7\u0131kan o k\u00f6t\u00fc \u00e7ocuk. Bir film y\u0131ld\u0131z\u0131na \u00e2\u015f\u0131k olup mutlu sona ula\u015fabilece\u011finize sizi inand\u0131rabilir.\u201d \u2014Give Me Books   \u201cJason Thorn\u2019u Sevmek, tatl\u0131 ve komik anlar\u0131 \u00e7ok iyi dengeliyor ve karakterler kendilerini kapt\u0131r\u0131p edepsizle\u015fti\u011finde i\u015fin i\u00e7ine alev alev bir seksilik de ekleniyor.\u201d \u2014Schmexy Girl Book Blog   \u201cFoto\u011fraf \u00e7ekiminin uzun zamand\u0131r okudu\u011fum en ate\u015fli sahnelerden biri oldu\u011funu s\u00f6ylemeden ge\u00e7emeyece\u011fim.\u201d \u2014Lustful Literature <\/p>\n","protected":false},"excerpt":{"rendered":"<p>\u00c7ocukluk a\u015fk\u0131n bir film y\u0131ld\u0131z\u0131 ve ondan esinlenerek yazd\u0131\u011f\u0131n kitab\u0131n ba\u015frol\u00fc olmak \u00fczere Olive Taylor kendini bildi bileli tek bir ki\u015fiden ho\u015flan\u0131yordu. Abisinin en yak\u0131n arkada\u015f\u0131<span class=\"excerpt-hellip\"> [\u2026]<\/span><\/p>\n","protected":false},"featured_media":0,"template":"","meta":{"_monsterinsights_skip_tracking":false,"_monsterinsights_sitenote_active":false,"_monsterinsights_sitenote_note":"","_monsterinsights_sitenote_category":0},"product_brand":[],"product_cat":[12291,12711],"product_tag":[],"class_list":{"0":"post-750556","1":"product","2":"type-product","3":"status-publish","5":"product_cat-edebiyat","6":"product_cat-roman-oyku","7":"pa_cilt-ciltsiz","8":"pa_tur-kitap","9":"pa_yayinevi-yabanci-yayinevi","10":"pa_yazar-ella-maise","12":"first","13":"instock","14":"sale","15":"shipping-taxable","16":"purchasable","17":"product-type-simple"},"_links":{"self":[{"href":"https:\/\/roveyayinevi.com.tr\/index.php\/wp-json\/wp\/v2\/product\/750556","targetHints":{"allow":["GET"]}}],"collection":[{"href":"https:\/\/roveyayinevi.com.tr\/index.php\/wp-json\/wp\/v2\/product"}],"about":[{"href":"https:\/\/roveyayinevi.com.tr\/index.php\/wp-json\/wp\/v2\/types\/product"}],"wp:attachment":[{"href":"https:\/\/roveyayinevi.com.tr\/index.php\/wp-json\/wp\/v2\/media?parent=750556"}],"wp:term":[{"taxonomy":"product_brand","embeddable":true,"href":"https:\/\/roveyayinevi.com.tr\/index.php\/wp-json\/wp\/v2\/product_brand?post=750556"},{"taxonomy":"product_cat","embeddable":true,"href":"https:\/\/roveyayinevi.com.tr\/index.php\/wp-json\/wp\/v2\/product_cat?post=750556"},{"taxonomy":"product_tag","embeddable":true,"href":"https:\/\/roveyayinevi.com.tr\/index.php\/wp-json\/wp\/v2\/product_tag?post=750556"}],"curies":[{"name":"wp","href":"https:\/\/api.w.org\/{rel}","templated":true}]}}