{"id":750553,"date":"2025-08-28T04:23:36","date_gmt":"2025-08-28T01:23:36","guid":{"rendered":"https:\/\/roveyayinevi.com.tr\/index.php\/urun\/herkes-icin-metafor-terapi\/"},"modified":"2026-04-08T03:10:31","modified_gmt":"2026-04-08T00:10:31","slug":"herkes-icin-metafor-terapi","status":"publish","type":"product","link":"https:\/\/roveyayinevi.com.tr\/index.php\/urun\/herkes-icin-metafor-terapi\/","title":{"rendered":"Herkes \u0130\u00e7in Metafor Terapi"},"content":{"rendered":"<p>Anlamak, anlatmak ve anla\u015f\u0131lmak yolunda bir rehber\u2026 Kimi zaman kar\u015f\u0131m\u0131zdaki insana bir \u015fey anlatmak ister ama do\u011frudan ifade edemeyiz. Kimi zaman konuya nereden girece\u011fimize, nas\u0131l ba\u015flayaca\u011f\u0131m\u0131za karar veremeyiz. Kimi zaman da problemlerimiz y\u00fcz\u00fcnden s\u0131k\u0131\u015fm\u0131\u015f hisseder ve bizi \u00e7\u0131k\u0131\u015fa g\u00f6t\u00fcrecek yeni bak\u0131\u015f a\u00e7\u0131lar\u0131n\u0131 fark edemeyiz. T\u00fcm bu anlarda metaforlar yard\u0131m\u0131m\u0131za ko\u015fmak i\u00e7in haz\u0131rd\u0131r. Anlamak, anlatmak ve anla\u015f\u0131lmak yolunda elimizden tutarlar. Filmlerde, din\u00ee kitaplarda, filozoflar\u0131n anlat\u0131mlar\u0131nda, reklamlarda, f\u0131kralarda ya da sanatta metaforlara \u00e7ok\u00e7a ba\u015fvurulmas\u0131n\u0131n sebebi onun bu b\u00fcy\u00fcl\u00fc g\u00fcc\u00fcd\u00fcr. Klinik Psikolog ve Avrupa Akredite EMDR Terapisti, S\u00fcperviz\u00f6r\u00fc ve Dan\u0131\u015fman\u0131 Pelin \u00d6zta\u015f metaforlar d\u00fcnyas\u0131n\u0131n kap\u0131s\u0131n\u0131 bu kitapla t\u00fcm okurlar i\u00e7in a\u00e7\u0131yor. \u00dclkemizde bu alanda yaz\u0131lm\u0131\u015f ilk kitap olan Herkes \u0130\u00e7in Metafor Terapi; aktar\u0131m ve ikna g\u00fcc\u00fcm\u00fcz\u00fc y\u00fckseltmek, ya\u015fad\u0131\u011f\u0131m\u0131z olaylar\u0131n hi\u00e7 fark etmedi\u011fimiz y\u00f6nlerini g\u00f6rebilmek; sevdi\u011fimiz sanat yap\u0131tlar\u0131n\u0131n ard\u0131ndaki metaforik gizemi ke\u015ffetmek, i\u015fimizde daha yarat\u0131c\u0131 olabilmek ve dan\u0131\u015fanlar\u0131m\u0131za ya da sevdiklerimize daha iyi destek olabilmek i\u00e7in \u00f6rneklerle dolu bir metafor hazinesi. Herkes \u0130\u00e7in Metafor Terapi kitab\u0131 hem psikoterapistler i\u00e7in hem de ebeveynler, \u00f6\u011fretmenler, sanat\u00e7\u0131lar, farkl\u0131 sekt\u00f6r \u00e7al\u0131\u015fanlar\u0131 ve daha etkili d\u00fc\u015f\u00fcnmek, anlamak ve aktarmak isteyenler i\u00e7in kapsaml\u0131 bir ba\u015fucu rehberi olacak.   \u201cHer kelimeyle birlikte, bir bak\u0131ma, bizimle ayn\u0131 t\u00fcrden varl\u0131klardaki tarihsel bir tele dokunuruz; bu y\u00fczden, telaffuz etti\u011fimiz her s\u00f6zc\u00fck, ne zaman ayn\u0131 dili konu\u015fsak, ba\u015fka her canl\u0131daki akordu etkiler.&#8221; -Carl Gustav Jung <\/p>\n","protected":false},"excerpt":{"rendered":"<p>Anlamak, anlatmak ve anla\u015f\u0131lmak yolunda bir rehber\u2026 Kimi zaman kar\u015f\u0131m\u0131zdaki insana bir \u015fey anlatmak ister ama do\u011frudan ifade edemeyiz. Kimi zaman konuya nereden girece\u011fimize, nas\u0131l ba\u015flayaca\u011f\u0131m\u0131za<span class=\"excerpt-hellip\"> [\u2026]<\/span><\/p>\n","protected":false},"featured_media":0,"template":"","meta":{"_monsterinsights_skip_tracking":false,"_monsterinsights_sitenote_active":false,"_monsterinsights_sitenote_note":"","_monsterinsights_sitenote_category":0},"product_brand":[],"product_cat":[12364,12376],"product_tag":[],"class_list":{"0":"post-750553","1":"product","2":"type-product","3":"status-publish","5":"product_cat-genel-konular","6":"product_cat-kisisel-gelisim","7":"pa_cilt-ciltsiz","8":"pa_tur-kitap","9":"pa_yayinevi-muptela-yayinevi","10":"pa_yazar-pelin-oztas","12":"first","13":"instock","14":"sale","15":"shipping-taxable","16":"purchasable","17":"product-type-simple"},"_links":{"self":[{"href":"https:\/\/roveyayinevi.com.tr\/index.php\/wp-json\/wp\/v2\/product\/750553","targetHints":{"allow":["GET"]}}],"collection":[{"href":"https:\/\/roveyayinevi.com.tr\/index.php\/wp-json\/wp\/v2\/product"}],"about":[{"href":"https:\/\/roveyayinevi.com.tr\/index.php\/wp-json\/wp\/v2\/types\/product"}],"wp:attachment":[{"href":"https:\/\/roveyayinevi.com.tr\/index.php\/wp-json\/wp\/v2\/media?parent=750553"}],"wp:term":[{"taxonomy":"product_brand","embeddable":true,"href":"https:\/\/roveyayinevi.com.tr\/index.php\/wp-json\/wp\/v2\/product_brand?post=750553"},{"taxonomy":"product_cat","embeddable":true,"href":"https:\/\/roveyayinevi.com.tr\/index.php\/wp-json\/wp\/v2\/product_cat?post=750553"},{"taxonomy":"product_tag","embeddable":true,"href":"https:\/\/roveyayinevi.com.tr\/index.php\/wp-json\/wp\/v2\/product_tag?post=750553"}],"curies":[{"name":"wp","href":"https:\/\/api.w.org\/{rel}","templated":true}]}}