{"id":750552,"date":"2025-08-28T04:23:35","date_gmt":"2025-08-28T01:23:35","guid":{"rendered":"https:\/\/roveyayinevi.com.tr\/index.php\/urun\/kaos-saraylari-amber-yilliklari-5\/"},"modified":"2026-04-16T03:03:55","modified_gmt":"2026-04-16T00:03:55","slug":"kaos-saraylari-amber-yilliklari-5","status":"publish","type":"product","link":"https:\/\/roveyayinevi.com.tr\/index.php\/urun\/kaos-saraylari-amber-yilliklari-5\/","title":{"rendered":"Kaos Saraylar\u0131 &#8211; Amber Y\u0131ll\u0131klar\u0131 5"},"content":{"rendered":"<p>Bilinen d\u00fcnyalar\u0131n hepsini ve Amber\u2019i binlerce y\u0131ld\u0131r ayakta tutan Desen, \u015fimdi Kaos\u2019un y\u0131k\u0131c\u0131 g\u00fc\u00e7lerinin sald\u0131r\u0131s\u0131 alt\u0131ndad\u0131r. Oberon\u2019un d\u00f6n\u00fc\u015f\u00fcyle prens ve prenseslerin hepsine bir g\u00f6rev d\u00fc\u015fer fakat g\u00f6revlerin en b\u00fcy\u00fc\u011f\u00fc Corwin\u2019indir: Evreni bir u\u00e7tan di\u011fer uca katedip Kaos Saraylar\u0131\u2019na ula\u015fmal\u0131 ve entrikac\u0131 karde\u015fi Brand\u2019i alt etmelidir.   Her \u015feyi silip s\u00fcp\u00fcrecek k\u0131yamet f\u0131rt\u0131nas\u0131n\u0131n \u00f6n\u00fcn\u00fc kesmeye \u00e7al\u0131\u015fan Corwin birbirinden tuhaf engelleri a\u015fmaya ve Desen\u2019i tekrar yaratmaya \u00e7al\u0131\u015facakt\u0131r. Kaos Saraylar\u0131\u2019n\u0131n dans eden g\u00f6\u011f\u00fc alt\u0131ndaki topraklar ise o g\u00fcne de\u011fin hi\u00e7 g\u00f6r\u00fclmemi\u015f bir cenaze alay\u0131na sahne olacakt\u0131r.   Amber Y\u0131ll\u0131klar\u0131\u2019n\u0131n be\u015finci kitab\u0131 Kaos Saraylar\u0131\u2019yla birlikte Corwin\u2019in epik hik\u00e2yesi sona eriyor.    \u201cKomik, bilge ve hayranl\u0131k uyand\u0131r\u0131c\u0131\u2026 Kimse ger\u00e7ekle miti Roger Zelazny gibi bir araya getiremezdi.\u201d \u2013Neil Gaiman <\/p>\n","protected":false},"excerpt":{"rendered":"<p>Bilinen d\u00fcnyalar\u0131n hepsini ve Amber\u2019i binlerce y\u0131ld\u0131r ayakta tutan Desen, \u015fimdi Kaos\u2019un y\u0131k\u0131c\u0131 g\u00fc\u00e7lerinin sald\u0131r\u0131s\u0131 alt\u0131ndad\u0131r. Oberon\u2019un d\u00f6n\u00fc\u015f\u00fcyle prens ve prenseslerin hepsine bir g\u00f6rev d\u00fc\u015fer fakat<span class=\"excerpt-hellip\"> [\u2026]<\/span><\/p>\n","protected":false},"featured_media":0,"template":"","meta":{"_monsterinsights_skip_tracking":false,"_monsterinsights_sitenote_active":false,"_monsterinsights_sitenote_note":"","_monsterinsights_sitenote_category":0},"product_brand":[],"product_cat":[12291,14777],"product_tag":[],"class_list":{"0":"post-750552","1":"product","2":"type-product","3":"status-publish","5":"product_cat-edebiyat","6":"product_cat-fantastik","7":"pa_cilt-ciltsiz","8":"pa_tur-kitap","9":"pa_yayinevi-ithaki-yayinlari","10":"pa_yazar-roger-zelazny","12":"first","13":"instock","14":"sale","15":"shipping-taxable","16":"purchasable","17":"product-type-simple"},"_links":{"self":[{"href":"https:\/\/roveyayinevi.com.tr\/index.php\/wp-json\/wp\/v2\/product\/750552","targetHints":{"allow":["GET"]}}],"collection":[{"href":"https:\/\/roveyayinevi.com.tr\/index.php\/wp-json\/wp\/v2\/product"}],"about":[{"href":"https:\/\/roveyayinevi.com.tr\/index.php\/wp-json\/wp\/v2\/types\/product"}],"wp:attachment":[{"href":"https:\/\/roveyayinevi.com.tr\/index.php\/wp-json\/wp\/v2\/media?parent=750552"}],"wp:term":[{"taxonomy":"product_brand","embeddable":true,"href":"https:\/\/roveyayinevi.com.tr\/index.php\/wp-json\/wp\/v2\/product_brand?post=750552"},{"taxonomy":"product_cat","embeddable":true,"href":"https:\/\/roveyayinevi.com.tr\/index.php\/wp-json\/wp\/v2\/product_cat?post=750552"},{"taxonomy":"product_tag","embeddable":true,"href":"https:\/\/roveyayinevi.com.tr\/index.php\/wp-json\/wp\/v2\/product_tag?post=750552"}],"curies":[{"name":"wp","href":"https:\/\/api.w.org\/{rel}","templated":true}]}}