{"id":750550,"date":"2025-08-28T04:23:32","date_gmt":"2025-08-28T01:23:32","guid":{"rendered":"https:\/\/roveyayinevi.com.tr\/index.php\/urun\/oberonun-eli-amber-yilliklari-4\/"},"modified":"2026-04-16T03:03:55","modified_gmt":"2026-04-16T00:03:55","slug":"oberonun-eli-amber-yilliklari-4","status":"publish","type":"product","link":"https:\/\/roveyayinevi.com.tr\/index.php\/urun\/oberonun-eli-amber-yilliklari-4\/","title":{"rendered":"Oberon\u2019un Eli &#8211; Amber Y\u0131ll\u0131klar\u0131 4"},"content":{"rendered":"<p>\u015eeytani g\u00fc\u00e7ler gizemli Kara Yol arac\u0131l\u0131\u011f\u0131yla G\u00f6lgeler\u2019e ak\u0131n etmeye devam etmektedir. Amber kraliyet ailesinin kadim s\u0131rr\u0131 ortaya \u00e7\u0131km\u0131\u015ft\u0131r ve Kaos g\u00fc\u00e7leri sonsuz olas\u0131l\u0131klarla dolu evreni yok etmeyi ama\u00e7lamaktad\u0131r. Kaos\u2019u bozguna u\u011fratmak i\u00e7in Corwin\u2019in kendisine ihanet eden karde\u015fini bulup durdurmas\u0131 ve bu u\u011furda bir kez daha G\u00f6lgeler\u2019de y\u00fcr\u00fcmesi gerekecektir.   T\u00fcm evrenin kaderini belirleyecek ka\u00e7\u0131n\u0131lmaz sava\u015fta Amber\u2019in galip gelebilmesi i\u00e7in Corwin\u2019in G\u00f6lge D\u00fcnya\u2019y\u0131 ziyaret edip H\u00fck\u00fcm M\u00fccevheri\u2019ni ele ge\u00e7irmesi zorunda kalacakt\u0131r \u2013 tabii birileri ondan h\u0131zl\u0131 davranmazsa.   Her \u015feyi de\u011fi\u015ftirecek sava\u015f Amber Y\u0131ll\u0131klar\u0131\u2019n\u0131n d\u00f6rd\u00fcnc\u00fc kitab\u0131 Oberon\u2019un Eli\u2019nde ba\u015fl\u0131yor!   \u201cRoger Zelazny\u2019nin g\u00f6sterdi\u011fi performans, istisnas\u0131z her zaman g\u00f6z kama\u015ft\u0131r\u0131c\u0131yd\u0131.\u201d \u2013Robert Silverberg <\/p>\n","protected":false},"excerpt":{"rendered":"<p>\u015eeytani g\u00fc\u00e7ler gizemli Kara Yol arac\u0131l\u0131\u011f\u0131yla G\u00f6lgeler\u2019e ak\u0131n etmeye devam etmektedir. Amber kraliyet ailesinin kadim s\u0131rr\u0131 ortaya \u00e7\u0131km\u0131\u015ft\u0131r ve Kaos g\u00fc\u00e7leri sonsuz olas\u0131l\u0131klarla dolu evreni yok<span class=\"excerpt-hellip\"> [\u2026]<\/span><\/p>\n","protected":false},"featured_media":0,"template":"","meta":{"_monsterinsights_skip_tracking":false,"_monsterinsights_sitenote_active":false,"_monsterinsights_sitenote_note":"","_monsterinsights_sitenote_category":0},"product_brand":[],"product_cat":[12291,14777],"product_tag":[],"class_list":{"0":"post-750550","1":"product","2":"type-product","3":"status-publish","5":"product_cat-edebiyat","6":"product_cat-fantastik","7":"pa_cilt-ciltsiz","8":"pa_tur-kitap","9":"pa_yayinevi-ithaki-yayinlari","10":"pa_yazar-roger-zelazny","12":"first","13":"instock","14":"sale","15":"shipping-taxable","16":"purchasable","17":"product-type-simple"},"_links":{"self":[{"href":"https:\/\/roveyayinevi.com.tr\/index.php\/wp-json\/wp\/v2\/product\/750550","targetHints":{"allow":["GET"]}}],"collection":[{"href":"https:\/\/roveyayinevi.com.tr\/index.php\/wp-json\/wp\/v2\/product"}],"about":[{"href":"https:\/\/roveyayinevi.com.tr\/index.php\/wp-json\/wp\/v2\/types\/product"}],"wp:attachment":[{"href":"https:\/\/roveyayinevi.com.tr\/index.php\/wp-json\/wp\/v2\/media?parent=750550"}],"wp:term":[{"taxonomy":"product_brand","embeddable":true,"href":"https:\/\/roveyayinevi.com.tr\/index.php\/wp-json\/wp\/v2\/product_brand?post=750550"},{"taxonomy":"product_cat","embeddable":true,"href":"https:\/\/roveyayinevi.com.tr\/index.php\/wp-json\/wp\/v2\/product_cat?post=750550"},{"taxonomy":"product_tag","embeddable":true,"href":"https:\/\/roveyayinevi.com.tr\/index.php\/wp-json\/wp\/v2\/product_tag?post=750550"}],"curies":[{"name":"wp","href":"https:\/\/api.w.org\/{rel}","templated":true}]}}