{"id":750549,"date":"2025-08-28T04:23:31","date_gmt":"2025-08-28T01:23:31","guid":{"rendered":"https:\/\/roveyayinevi.com.tr\/index.php\/urun\/tekboynuzun-isareti-amber-yilliklari-3\/"},"modified":"2026-04-16T03:03:55","modified_gmt":"2026-04-16T00:03:55","slug":"tekboynuzun-isareti-amber-yilliklari-3","status":"publish","type":"product","link":"https:\/\/roveyayinevi.com.tr\/index.php\/urun\/tekboynuzun-isareti-amber-yilliklari-3\/","title":{"rendered":"Tekboynuz\u2019un \u0130\u015fareti &#8211; Amber Y\u0131ll\u0131klar\u0131 3"},"content":{"rendered":"<p>Hakk\u0131 olan tahta nihayet oturan Corwin, s\u0131k\u0131nt\u0131lar\u0131n\u0131n sonlanmad\u0131\u011f\u0131n\u0131n, aksine yeni ba\u015flad\u0131\u011f\u0131n\u0131n fark\u0131na var\u0131r. \u00c7ok g\u00fc\u00e7l\u00fc, bir o kadar da esrarengiz bir d\u00fc\u015fman Amber\u2019de kol gezmektedir ve kraliyet ailesini kendi silah\u0131yla vurmaya haz\u0131rlanmaktad\u0131r. Amber\u2019i korumak i\u00e7in karde\u015flerini bir araya toplamaktan ba\u015fka \u00e7aresi olmayan Corwin kendini yine karmakar\u0131\u015f\u0131k bir kraliyet komplosunun ortas\u0131nda bulur. Amber Saray\u0131\u2019nda kimsenin kellesi g\u00fcvende de\u011fildir \u2013 tac\u0131 takan\u0131n bile.   Amber\u2019i korumak i\u00e7in at\u0131laca\u011f\u0131 macerada Corwin, Amber\u2019in ay \u0131\u015f\u0131\u011f\u0131yla y\u0131kanan g\u00f6lgesi Tir-na Nog\u2019th\u2019u ve enfes deniz manzaras\u0131yla b\u00fcy\u00fcl\u00fc Tekboynuz Korusu\u2019nu ziyaret edecek ve d\u00fcnyas\u0131n\u0131n hi\u00e7 bilmedi\u011fi gizemli y\u00f6nlerini ke\u015ffedecektir.   Amber Y\u0131ll\u0131klar\u0131\u2019n\u0131n \u00fc\u00e7\u00fcnc\u00fc kitab\u0131 Tekboynuz\u2019un \u0130\u015fareti, Corwin i\u00e7in bir d\u00f6n\u00fcm noktas\u0131 niteli\u011finde!   \u201cEserlerimi en \u00e7ok etkileyen yazar Roger Zelazny\u2019dir.\u201d \u2013Neil Gaiman <\/p>\n","protected":false},"excerpt":{"rendered":"<p>Hakk\u0131 olan tahta nihayet oturan Corwin, s\u0131k\u0131nt\u0131lar\u0131n\u0131n sonlanmad\u0131\u011f\u0131n\u0131n, aksine yeni ba\u015flad\u0131\u011f\u0131n\u0131n fark\u0131na var\u0131r. \u00c7ok g\u00fc\u00e7l\u00fc, bir o kadar da esrarengiz bir d\u00fc\u015fman Amber\u2019de kol gezmektedir ve<span class=\"excerpt-hellip\"> [\u2026]<\/span><\/p>\n","protected":false},"featured_media":0,"template":"","meta":{"_monsterinsights_skip_tracking":false,"_monsterinsights_sitenote_active":false,"_monsterinsights_sitenote_note":"","_monsterinsights_sitenote_category":0},"product_brand":[],"product_cat":[12291,14777],"product_tag":[],"class_list":{"0":"post-750549","1":"product","2":"type-product","3":"status-publish","5":"product_cat-edebiyat","6":"product_cat-fantastik","7":"pa_cilt-ciltsiz","8":"pa_tur-kitap","9":"pa_yayinevi-ithaki-yayinlari","10":"pa_yazar-roger-zelazny","12":"first","13":"instock","14":"sale","15":"shipping-taxable","16":"purchasable","17":"product-type-simple"},"_links":{"self":[{"href":"https:\/\/roveyayinevi.com.tr\/index.php\/wp-json\/wp\/v2\/product\/750549","targetHints":{"allow":["GET"]}}],"collection":[{"href":"https:\/\/roveyayinevi.com.tr\/index.php\/wp-json\/wp\/v2\/product"}],"about":[{"href":"https:\/\/roveyayinevi.com.tr\/index.php\/wp-json\/wp\/v2\/types\/product"}],"wp:attachment":[{"href":"https:\/\/roveyayinevi.com.tr\/index.php\/wp-json\/wp\/v2\/media?parent=750549"}],"wp:term":[{"taxonomy":"product_brand","embeddable":true,"href":"https:\/\/roveyayinevi.com.tr\/index.php\/wp-json\/wp\/v2\/product_brand?post=750549"},{"taxonomy":"product_cat","embeddable":true,"href":"https:\/\/roveyayinevi.com.tr\/index.php\/wp-json\/wp\/v2\/product_cat?post=750549"},{"taxonomy":"product_tag","embeddable":true,"href":"https:\/\/roveyayinevi.com.tr\/index.php\/wp-json\/wp\/v2\/product_tag?post=750549"}],"curies":[{"name":"wp","href":"https:\/\/api.w.org\/{rel}","templated":true}]}}