{"id":750546,"date":"2025-08-28T04:23:26","date_gmt":"2025-08-28T01:23:26","guid":{"rendered":"https:\/\/roveyayinevi.com.tr\/index.php\/urun\/amberde-dokuz-prens-amber-yilliklari-1\/"},"modified":"2026-04-16T03:03:55","modified_gmt":"2026-04-16T00:03:55","slug":"amberde-dokuz-prens-amber-yilliklari-1","status":"publish","type":"product","link":"https:\/\/roveyayinevi.com.tr\/index.php\/urun\/amberde-dokuz-prens-amber-yilliklari-1\/","title":{"rendered":"Amber\u2019de Dokuz Prens &#8211; Amber Y\u0131ll\u0131klar\u0131 1"},"content":{"rendered":"<p>\u201cT\u00dcM YOLLAR AMBER\u2019E \u00c7IKAR&#8230;\u201d   Amber Prensi Corwin, y\u00fczy\u0131llard\u0131r mahk\u00fbm edildi\u011fi s\u00fcrg\u00fcn hayat\u0131ndan kurtulup yitirdi\u011fi haf\u0131zas\u0131n\u0131 tekrar kazanmak ve evine, tek ger\u00e7ek d\u00fcnya olan Amber\u2019e geri d\u00f6nmek \u00fczere yola \u00e7\u0131kar. Fakat bu yolculukta dostlar\u0131na da d\u00fc\u015fmanlar\u0131 kadar temkinle yakla\u015fmal\u0131d\u0131r \u2013 \u00f6zellikle de s\u00f6z konusu entrikac\u0131 ve kurnaz karde\u015fleri oldu\u011funda. \u00dcstelik Amber\u2019de i\u015fler de\u011fi\u015fmi\u015f, karde\u015fi Eric taht\u0131 ele ge\u00e7irmi\u015ftir. Dokuz prensin tahta \u00e7\u0131kmak i\u00e7in k\u00e2h meydanlarda k\u00e2h kapal\u0131 kap\u0131lar ard\u0131nda sava\u015ft\u0131\u011f\u0131 bu b\u00fcy\u00fcl\u00fc d\u00fcnyada hi\u00e7bir \u015fey g\u00f6r\u00fcnd\u00fc\u011f\u00fc gibi de\u011fildir.   \u00c7\u0131kaca\u011f\u0131 bu tehlikeli macera Corwin\u2019i devasa a\u011fa\u00e7lar\u0131n kaplad\u0131\u011f\u0131 masals\u0131 Arden\u2019den, kanla lekelenmi\u015f merdivenleri ve Amber\u2019dekine t\u0131pat\u0131p benzeyen kalesiyle hayalet diyar Rebma\u2019ya g\u00f6t\u00fcrecektir.   Corwin\u2019in tahta uzanan yolculu\u011fu, Amber Y\u0131ll\u0131klar\u0131\u2019n\u0131n ilk kitab\u0131 Amber\u2019de Dokuz Prens\u2019le ba\u015fl\u0131yor!   \u201cZelazny e\u015fsiz bir \u00f6yk\u00fcc\u00fc. T\u00fcr\u00fcm\u00fcz\u00fcn hi\u00e7 g\u00f6rmedi\u011fi kadar renkli, egzotik ve unutulmaz d\u00fcnyalar\u0131n yarat\u0131c\u0131s\u0131.\u201d  \u2013George R. R. Martin <\/p>\n","protected":false},"excerpt":{"rendered":"<p>\u201cT\u00dcM YOLLAR AMBER\u2019E \u00c7IKAR&#8230;\u201d Amber Prensi Corwin, y\u00fczy\u0131llard\u0131r mahk\u00fbm edildi\u011fi s\u00fcrg\u00fcn hayat\u0131ndan kurtulup yitirdi\u011fi haf\u0131zas\u0131n\u0131 tekrar kazanmak ve evine, tek ger\u00e7ek d\u00fcnya olan Amber\u2019e geri d\u00f6nmek<span class=\"excerpt-hellip\"> [\u2026]<\/span><\/p>\n","protected":false},"featured_media":0,"template":"","meta":{"_monsterinsights_skip_tracking":false,"_monsterinsights_sitenote_active":false,"_monsterinsights_sitenote_note":"","_monsterinsights_sitenote_category":0},"product_brand":[],"product_cat":[12291,14777],"product_tag":[],"class_list":{"0":"post-750546","1":"product","2":"type-product","3":"status-publish","5":"product_cat-edebiyat","6":"product_cat-fantastik","7":"pa_cilt-ciltsiz","8":"pa_tur-kitap","9":"pa_yayinevi-ithaki-yayinlari","10":"pa_yazar-roger-zelazny","12":"first","13":"instock","14":"sale","15":"shipping-taxable","16":"purchasable","17":"product-type-simple"},"_links":{"self":[{"href":"https:\/\/roveyayinevi.com.tr\/index.php\/wp-json\/wp\/v2\/product\/750546","targetHints":{"allow":["GET"]}}],"collection":[{"href":"https:\/\/roveyayinevi.com.tr\/index.php\/wp-json\/wp\/v2\/product"}],"about":[{"href":"https:\/\/roveyayinevi.com.tr\/index.php\/wp-json\/wp\/v2\/types\/product"}],"wp:attachment":[{"href":"https:\/\/roveyayinevi.com.tr\/index.php\/wp-json\/wp\/v2\/media?parent=750546"}],"wp:term":[{"taxonomy":"product_brand","embeddable":true,"href":"https:\/\/roveyayinevi.com.tr\/index.php\/wp-json\/wp\/v2\/product_brand?post=750546"},{"taxonomy":"product_cat","embeddable":true,"href":"https:\/\/roveyayinevi.com.tr\/index.php\/wp-json\/wp\/v2\/product_cat?post=750546"},{"taxonomy":"product_tag","embeddable":true,"href":"https:\/\/roveyayinevi.com.tr\/index.php\/wp-json\/wp\/v2\/product_tag?post=750546"}],"curies":[{"name":"wp","href":"https:\/\/api.w.org\/{rel}","templated":true}]}}