{"id":750545,"date":"2025-08-28T04:23:25","date_gmt":"2025-08-28T01:23:25","guid":{"rendered":"https:\/\/roveyayinevi.com.tr\/index.php\/urun\/caravaggio-kirmizisi\/"},"modified":"2026-04-16T03:03:55","modified_gmt":"2026-04-16T00:03:55","slug":"caravaggio-kirmizisi","status":"publish","type":"product","link":"https:\/\/roveyayinevi.com.tr\/index.php\/urun\/caravaggio-kirmizisi\/","title":{"rendered":"Caravaggio K\u0131rm\u0131z\u0131s\u0131"},"content":{"rendered":"<p>\u0130lk roman\u0131 Godard Makinesi\u2019nden sonra okuru bu kez de \u00f6yk\u00fcleriyle selaml\u0131yor Merve Yakut. Caravaggio K\u0131rm\u0131z\u0131s\u0131, Yakut\u2019un geni\u015f anlat\u0131 yelpazesinden tutkulu bir se\u00e7ki.   Bu \u00f6yk\u00fclerde, Osmanl\u0131caya merakl\u0131 bir kedinin ya da yery\u00fcz\u00fcndeki son sineman\u0131n yer g\u00f6stericisinin, Fransa\u2019ya g\u00f6\u00e7 etmi\u015f bir \u201coda kad\u0131n\u0131\u201dn\u0131n ya da ambulansla hastaneye giden eski bir me\u015fhurun birka\u00e7 dakikas\u0131na \u015fahit oluyoruz. Bir \u015feye tutkuyla ba\u011flanm\u0131\u015flar\u0131 ve toplumla ters d\u00fc\u015fmek pahas\u0131na arzusunun pe\u015finden gidenleri anlat\u0131yor Yakut Caravaggio K\u0131rm\u0131z\u0131s\u0131\u2019nda.   \u201cAd\u0131n\u0131 merak etti\u011fim, sa\u011f yan\u0131mdaki adam aram\u0131zdaki kol\u00e7a\u011fa kolunu uzat\u0131yor. Varl\u0131\u011f\u0131ndan yaln\u0131zca dakikalar \u00f6nce haberdar olmama kar\u015f\u0131n y\u00fczy\u0131llar\u0131 dolduran yak\u0131nla\u015fma iste\u011fimle ben de yana\u015ft\u0131r\u0131yorum kolumu kolunun yan\u0131na. Yar\u0131 yar\u0131ya payla\u015ft\u0131\u011f\u0131m\u0131z bu kol\u00e7ak ona m\u0131 aittir, benim mi say\u0131l\u0131r? Adab\u0131mua\u015feret kitaplar\u0131nda yaz\u0131lmayan kaidelerden biri. Aram\u0131zdaki kol\u00e7ak asl\u0131nda kimin?\u201d <\/p>\n","protected":false},"excerpt":{"rendered":"<p>\u0130lk roman\u0131 Godard Makinesi\u2019nden sonra okuru bu kez de \u00f6yk\u00fcleriyle selaml\u0131yor Merve Yakut. Caravaggio K\u0131rm\u0131z\u0131s\u0131, Yakut\u2019un geni\u015f anlat\u0131 yelpazesinden tutkulu bir se\u00e7ki. Bu \u00f6yk\u00fclerde, Osmanl\u0131caya merakl\u0131<span class=\"excerpt-hellip\"> [\u2026]<\/span><\/p>\n","protected":false},"featured_media":0,"template":"","meta":{"_monsterinsights_skip_tracking":false,"_monsterinsights_sitenote_active":false,"_monsterinsights_sitenote_note":"","_monsterinsights_sitenote_category":0},"product_brand":[],"product_cat":[12291,18202],"product_tag":[],"class_list":{"0":"post-750545","1":"product","2":"type-product","3":"status-publish","5":"product_cat-edebiyat","6":"product_cat-hikaye","7":"pa_cilt-ciltsiz","8":"pa_tur-kitap","9":"pa_yayinevi-ithaki-yayinlari","10":"pa_yazar-merve-yakut","12":"first","13":"instock","14":"sale","15":"shipping-taxable","16":"purchasable","17":"product-type-simple"},"_links":{"self":[{"href":"https:\/\/roveyayinevi.com.tr\/index.php\/wp-json\/wp\/v2\/product\/750545","targetHints":{"allow":["GET"]}}],"collection":[{"href":"https:\/\/roveyayinevi.com.tr\/index.php\/wp-json\/wp\/v2\/product"}],"about":[{"href":"https:\/\/roveyayinevi.com.tr\/index.php\/wp-json\/wp\/v2\/types\/product"}],"wp:attachment":[{"href":"https:\/\/roveyayinevi.com.tr\/index.php\/wp-json\/wp\/v2\/media?parent=750545"}],"wp:term":[{"taxonomy":"product_brand","embeddable":true,"href":"https:\/\/roveyayinevi.com.tr\/index.php\/wp-json\/wp\/v2\/product_brand?post=750545"},{"taxonomy":"product_cat","embeddable":true,"href":"https:\/\/roveyayinevi.com.tr\/index.php\/wp-json\/wp\/v2\/product_cat?post=750545"},{"taxonomy":"product_tag","embeddable":true,"href":"https:\/\/roveyayinevi.com.tr\/index.php\/wp-json\/wp\/v2\/product_tag?post=750545"}],"curies":[{"name":"wp","href":"https:\/\/api.w.org\/{rel}","templated":true}]}}