{"id":750541,"date":"2025-08-28T04:23:18","date_gmt":"2025-08-28T01:23:18","guid":{"rendered":"https:\/\/roveyayinevi.com.tr\/index.php\/urun\/disney-sonsuz-oyku-arabalar-3\/"},"modified":"2026-04-16T03:03:54","modified_gmt":"2026-04-16T00:03:54","slug":"disney-sonsuz-oyku-arabalar-3","status":"publish","type":"product","link":"https:\/\/roveyayinevi.com.tr\/index.php\/urun\/disney-sonsuz-oyku-arabalar-3\/","title":{"rendered":"Disney Sonsuz \u00d6yk\u00fc Arabalar 3"},"content":{"rendered":"<p>Bu kitap heyecan dolu! \u00d6nce yar\u0131\u015f\u00e7\u0131 arabalar\u0131n soluk solu\u011fa maceras\u0131n\u0131 oku. Sonra&#8230; \u00f6yk\u00fc bitmesin!   3D hayal g\u00fcc\u00fc sahnesini kur, en sevdi\u011fin kahramanlarla \u00f6yk\u00fcy\u00fc devam ettir. Fig\u00fcrlerini yar\u0131\u015ft\u0131r, Piston Kupas\u0131 maceras\u0131na devam et, hayal g\u00fcc\u00fcn\u00fc g\u00f6ster!   D\u0130KKAT: BU K\u0130TAP \u00c7OCU\u011eUNUZUN K\u00dc\u00c7\u00dcK MOTOR BECER\u0130LER\u0130N\u0130N, HAYAL G\u00dcC\u00dcN\u00dcN VE YARATICILI\u011eININ GEL\u0130\u015e\u0130M\u0130NE DESTEK OLAB\u0130L\u0130R! <\/p>\n","protected":false},"excerpt":{"rendered":"<p>Bu kitap heyecan dolu! \u00d6nce yar\u0131\u015f\u00e7\u0131 arabalar\u0131n soluk solu\u011fa maceras\u0131n\u0131 oku. Sonra&#8230; \u00f6yk\u00fc bitmesin! 3D hayal g\u00fcc\u00fc sahnesini kur, en sevdi\u011fin kahramanlarla \u00f6yk\u00fcy\u00fc devam ettir. Fig\u00fcrlerini<span class=\"excerpt-hellip\"> [\u2026]<\/span><\/p>\n","protected":false},"featured_media":0,"template":"","meta":{"_monsterinsights_skip_tracking":false,"_monsterinsights_sitenote_active":false,"_monsterinsights_sitenote_note":"","_monsterinsights_sitenote_category":0},"product_brand":[],"product_cat":[12274,12284],"product_tag":[],"class_list":{"0":"post-750541","1":"product","2":"type-product","3":"status-publish","5":"product_cat-cocuk-ve-genclik-kitaplari","6":"product_cat-hikayeler","7":"pa_cilt-ciltsiz","8":"pa_tur-kitap","9":"pa_yayinevi-dogan-cocuk","10":"pa_yazar-kolektif","12":"first","13":"instock","14":"sale","15":"shipping-taxable","16":"purchasable","17":"product-type-simple"},"_links":{"self":[{"href":"https:\/\/roveyayinevi.com.tr\/index.php\/wp-json\/wp\/v2\/product\/750541","targetHints":{"allow":["GET"]}}],"collection":[{"href":"https:\/\/roveyayinevi.com.tr\/index.php\/wp-json\/wp\/v2\/product"}],"about":[{"href":"https:\/\/roveyayinevi.com.tr\/index.php\/wp-json\/wp\/v2\/types\/product"}],"wp:attachment":[{"href":"https:\/\/roveyayinevi.com.tr\/index.php\/wp-json\/wp\/v2\/media?parent=750541"}],"wp:term":[{"taxonomy":"product_brand","embeddable":true,"href":"https:\/\/roveyayinevi.com.tr\/index.php\/wp-json\/wp\/v2\/product_brand?post=750541"},{"taxonomy":"product_cat","embeddable":true,"href":"https:\/\/roveyayinevi.com.tr\/index.php\/wp-json\/wp\/v2\/product_cat?post=750541"},{"taxonomy":"product_tag","embeddable":true,"href":"https:\/\/roveyayinevi.com.tr\/index.php\/wp-json\/wp\/v2\/product_tag?post=750541"}],"curies":[{"name":"wp","href":"https:\/\/api.w.org\/{rel}","templated":true}]}}