{"id":750540,"date":"2025-08-28T04:23:16","date_gmt":"2025-08-28T01:23:16","guid":{"rendered":"https:\/\/roveyayinevi.com.tr\/index.php\/urun\/tuhaf-cok-tuhaf\/"},"modified":"2026-04-16T03:03:54","modified_gmt":"2026-04-16T00:03:54","slug":"tuhaf-cok-tuhaf","status":"publish","type":"product","link":"https:\/\/roveyayinevi.com.tr\/index.php\/urun\/tuhaf-cok-tuhaf\/","title":{"rendered":"Tuhaf, \u00c7ok Tuhaf"},"content":{"rendered":"<p>\u201cGer\u00e7ek daha tuhaft\u0131r \u00e7\u00fcnk\u00fc.\u201d   D\u00f6rt bir yandan gelen g\u00f6r\u00fcnt\u00fclerde d\u00fcnyay\u0131 tan\u0131yamad\u0131\u011f\u0131m\u0131z gibi, y\u00fcz\u00fcm\u00fczdeki maskeler y\u00fcz\u00fcnden birbirimizi de tan\u0131yamad\u0131k bir s\u00fcre. Hatta y\u00fcz y\u00fcze gel(e)medik. Tam pandemiyle aram\u0131za \u2013sosyal\u2013 mesafe koymay\u0131 ba\u015fard\u0131k galiba diye d\u00fc\u015f\u00fcn\u00fcrken, bamba\u015fka \u201cger\u00e7eklikler\u201d \u00e7arpt\u0131 y\u00fcz\u00fcm\u00fcze. Hi\u00e7 gecikmeden hem de. Belki de ne ilk ne de son bu tuhafl\u0131klar!   Bu derlemede farkl\u0131 t\u00fcrlerdeki, farkl\u0131 \u00fcsluplardaki, farkl\u0131 bak\u0131\u015f a\u00e7\u0131lar\u0131na sahip \u00f6yk\u00fcler \u201ctuhaf\u201d \u00e7at\u0131s\u0131 alt\u0131nda bir araya geldi. Tuhafl\u0131klar\u0131 biraz da okurlar\u0131na ba\u011fl\u0131. Ne kadar normal kal\u0131nabildi\u011fine&#8230;    Tuhafl\u0131klar\u0131n kurgularda s\u0131n\u0131rl\u0131 kalmas\u0131n\u0131 dilesek, imk\u00e2ns\u0131z\u0131 m\u0131 istemi\u015f oluruz?   Ceyhan Usanmaz, G\u00f6k\u00e7e G\u00fcnd\u00fc\u00e7, Hakan B\u0131\u00e7akc\u0131, I\u015f\u0131n Beril Tetik, Levent \u015eeny\u00fcrek, Mehmet Berk Yalt\u0131r\u0131k, Meryem G\u00fcltabak, Onur Selamet <\/p>\n","protected":false},"excerpt":{"rendered":"<p>\u201cGer\u00e7ek daha tuhaft\u0131r \u00e7\u00fcnk\u00fc.\u201d D\u00f6rt bir yandan gelen g\u00f6r\u00fcnt\u00fclerde d\u00fcnyay\u0131 tan\u0131yamad\u0131\u011f\u0131m\u0131z gibi, y\u00fcz\u00fcm\u00fczdeki maskeler y\u00fcz\u00fcnden birbirimizi de tan\u0131yamad\u0131k bir s\u00fcre. Hatta y\u00fcz y\u00fcze gel(e)medik. Tam pandemiyle<span class=\"excerpt-hellip\"> [\u2026]<\/span><\/p>\n","protected":false},"featured_media":0,"template":"","meta":{"_monsterinsights_skip_tracking":false,"_monsterinsights_sitenote_active":false,"_monsterinsights_sitenote_note":"","_monsterinsights_sitenote_category":0},"product_brand":[],"product_cat":[12291,14777],"product_tag":[],"class_list":{"0":"post-750540","1":"product","2":"type-product","3":"status-publish","5":"product_cat-edebiyat","6":"product_cat-fantastik","7":"pa_cilt-ciltsiz","8":"pa_tur-kitap","9":"pa_yayinevi-ithaki-yayinlari","10":"pa_yazar-kolektif","12":"first","13":"instock","14":"sale","15":"shipping-taxable","16":"purchasable","17":"product-type-simple"},"_links":{"self":[{"href":"https:\/\/roveyayinevi.com.tr\/index.php\/wp-json\/wp\/v2\/product\/750540","targetHints":{"allow":["GET"]}}],"collection":[{"href":"https:\/\/roveyayinevi.com.tr\/index.php\/wp-json\/wp\/v2\/product"}],"about":[{"href":"https:\/\/roveyayinevi.com.tr\/index.php\/wp-json\/wp\/v2\/types\/product"}],"wp:attachment":[{"href":"https:\/\/roveyayinevi.com.tr\/index.php\/wp-json\/wp\/v2\/media?parent=750540"}],"wp:term":[{"taxonomy":"product_brand","embeddable":true,"href":"https:\/\/roveyayinevi.com.tr\/index.php\/wp-json\/wp\/v2\/product_brand?post=750540"},{"taxonomy":"product_cat","embeddable":true,"href":"https:\/\/roveyayinevi.com.tr\/index.php\/wp-json\/wp\/v2\/product_cat?post=750540"},{"taxonomy":"product_tag","embeddable":true,"href":"https:\/\/roveyayinevi.com.tr\/index.php\/wp-json\/wp\/v2\/product_tag?post=750540"}],"curies":[{"name":"wp","href":"https:\/\/api.w.org\/{rel}","templated":true}]}}