{"id":750539,"date":"2025-08-28T04:23:14","date_gmt":"2025-08-28T01:23:14","guid":{"rendered":"https:\/\/roveyayinevi.com.tr\/index.php\/urun\/naturmort\/"},"modified":"2026-04-16T03:03:54","modified_gmt":"2026-04-16T00:03:54","slug":"naturmort","status":"publish","type":"product","link":"https:\/\/roveyayinevi.com.tr\/index.php\/urun\/naturmort\/","title":{"rendered":"Nat\u00fcrmort"},"content":{"rendered":"<p>D\u0131zd\u0131klar, Amalfi, Merkez, ard\u0131 arkas\u0131 kesilmeyen sigaralar, siyah oje, sa\u00e7 band\u0131, Yok \u00c7ocuklar\u2019a musallat, tanr\u0131\u00e7alara lay\u0131k, \u00e7irkinli\u011fine yak\u0131\u015f\u0131r hazin ikiy\u00fczl\u00fcl\u00fck, k\u0131rp\u0131\u015fan g\u00f6lgeler, oyunbozan hakikat. E\u011flenceliler okumasa da olur.   Emre A\u011fano\u011flu\u2019nun metni montaj masas\u0131nda yaratt\u0131\u011f\u0131 ikinci roman\u0131 Nat\u00fcrmort, Ayk\u0131r\u0131 Seyir\u2019in yay\u0131mlanan \u00fc\u00e7\u00fcnc\u00fc kitab\u0131.   \u201c\u015eehrin kangrenli sokaklar\u0131na serpilmi\u015f bir avu\u00e7 tuzdu Yok \u00c7ocuklar. Gayriresmi isimleri kortizonun yok etti\u011fi bedeninin ac\u0131s\u0131n\u0131 siyah beyaz foto\u011fraflar\u0131ndan, g\u00f6z\u00fcne kestirdi\u011fi \u00f6\u011frencilerin gelece\u011finden \u00e7\u0131karmaya yeminli bir e\u011fitmenden emanetti \u2013 bir hi\u00e7 olman\u0131n g\u00fczelliklerini \u00f6\u011frenmi\u015flerdi ondan. \u00c7o\u011fu ya\u015f\u0131t\u0131, b\u00fcy\u00fc\u011f\u00fc yaln\u0131zl\u0131klar\u0131n\u0131 bula\u015f\u0131c\u0131 hastal\u0131klardan daha ac\u0131mas\u0131z buluyordu; antidot diye onlar\u0131 oradan oraya s\u00fcr\u00fcklemi\u015f, iflah olmayacaklar\u0131n\u0131 g\u00f6r\u00fcnce zarars\u0131z say\u0131p onlara bi\u00e7tikleri, ho\u015fg\u00f6r\u00fc sayd\u0131klar\u0131 nihai \u00e7\u00f6z\u00fcm\u00fc ertelemi\u015flerdi. Bedenlerinin kendilerine ait oldu\u011fu sanr\u0131s\u0131ndan s\u0131yr\u0131lmad\u0131klar\u0131 i\u00e7in \u015fansl\u0131 sayard\u0131 kendini Yok \u00c7ocuklar. Filmleri kay\u0131p y\u00f6netmenleri, y\u0131llard\u0131r yazmamak i\u00e7in yazan edebiyat\u00e7\u0131lar\u0131, kanser nefesli ressamlar\u0131 severlerdi. Ate\u015f pahas\u0131 berbat i\u00e7kilerle, sakinle\u015ftiricilerle, yogayla besleniyor, g\u00fcn\u00fcn birinde uyanmay\u0131 bekliyorlard\u0131. Lise mezunu, \u00fcniversite mezunuydular; lisans\u00fcst\u00fcn\u00fc, aseks\u00fcelli\u011fi, e\u015fcinselli\u011fi, heteroseks\u00fcelli\u011fi denemi\u015f, hepsinde mutsuz olunca kendilerini g\u00fcvende hissetmi\u015flerdi.\u201d <\/p>\n","protected":false},"excerpt":{"rendered":"<p>D\u0131zd\u0131klar, Amalfi, Merkez, ard\u0131 arkas\u0131 kesilmeyen sigaralar, siyah oje, sa\u00e7 band\u0131, Yok \u00c7ocuklar\u2019a musallat, tanr\u0131\u00e7alara lay\u0131k, \u00e7irkinli\u011fine yak\u0131\u015f\u0131r hazin ikiy\u00fczl\u00fcl\u00fck, k\u0131rp\u0131\u015fan g\u00f6lgeler, oyunbozan hakikat. E\u011flenceliler okumasa<span class=\"excerpt-hellip\"> [\u2026]<\/span><\/p>\n","protected":false},"featured_media":0,"template":"","meta":{"_monsterinsights_skip_tracking":false,"_monsterinsights_sitenote_active":false,"_monsterinsights_sitenote_note":"","_monsterinsights_sitenote_category":0},"product_brand":[],"product_cat":[12291,12711],"product_tag":[],"class_list":{"0":"post-750539","1":"product","2":"type-product","3":"status-publish","5":"product_cat-edebiyat","6":"product_cat-roman-oyku","7":"pa_cilt-ciltsiz","8":"pa_tur-kitap","9":"pa_yayinevi-ithaki-yayinlari","10":"pa_yazar-emre-aganoglu","12":"first","13":"instock","14":"sale","15":"shipping-taxable","16":"purchasable","17":"product-type-simple"},"_links":{"self":[{"href":"https:\/\/roveyayinevi.com.tr\/index.php\/wp-json\/wp\/v2\/product\/750539","targetHints":{"allow":["GET"]}}],"collection":[{"href":"https:\/\/roveyayinevi.com.tr\/index.php\/wp-json\/wp\/v2\/product"}],"about":[{"href":"https:\/\/roveyayinevi.com.tr\/index.php\/wp-json\/wp\/v2\/types\/product"}],"wp:attachment":[{"href":"https:\/\/roveyayinevi.com.tr\/index.php\/wp-json\/wp\/v2\/media?parent=750539"}],"wp:term":[{"taxonomy":"product_brand","embeddable":true,"href":"https:\/\/roveyayinevi.com.tr\/index.php\/wp-json\/wp\/v2\/product_brand?post=750539"},{"taxonomy":"product_cat","embeddable":true,"href":"https:\/\/roveyayinevi.com.tr\/index.php\/wp-json\/wp\/v2\/product_cat?post=750539"},{"taxonomy":"product_tag","embeddable":true,"href":"https:\/\/roveyayinevi.com.tr\/index.php\/wp-json\/wp\/v2\/product_tag?post=750539"}],"curies":[{"name":"wp","href":"https:\/\/api.w.org\/{rel}","templated":true}]}}