{"id":750526,"date":"2025-08-28T04:22:54","date_gmt":"2025-08-28T01:22:54","guid":{"rendered":"https:\/\/roveyayinevi.com.tr\/index.php\/urun\/tohumdan-hasada\/"},"modified":"2026-04-16T03:03:54","modified_gmt":"2026-04-16T00:03:54","slug":"tohumdan-hasada","status":"publish","type":"product","link":"https:\/\/roveyayinevi.com.tr\/index.php\/urun\/tohumdan-hasada\/","title":{"rendered":"Tohumdan Hasada"},"content":{"rendered":"<p>\u201cH\u00e2l\u00e2 Butler okumad\u0131ysan\u0131z, bilimkurgunun ne kadar zengin imk\u00e2nlara sahip oldu\u011funu anlayamam\u0131\u015fs\u0131n\u0131z demektir.\u201d  \u2013Orson Scott Card   \u201cButler\u2019\u0131n sars\u0131c\u0131 ve \u00e7o\u011fu zaman insan\u0131 huzursuz eden romanlar\u0131 \u0131rk, cinsiyet, g\u00fc\u00e7 ve insan olmak gibi kapsaml\u0131 konular\u0131 ele al\u0131yor.\u201d \u2013New York Times   \u201cB\u0130R GEN MUTASYONU. B\u0130R \u00c7E\u015e\u0130T ASALAK. B\u0130R TANRI. BELK\u0130 \u015eEYTAN.\u201d   Yaln\u0131zca kaleminin kuvveti de\u011fil ayn\u0131 zamanda muhalif duru\u015fu, \u0131rk ve cinsiyet e\u015fitsizli\u011fine kar\u015f\u0131 tepkisiyle de d\u00f6neminin en m\u00fchim fig\u00fcrlerinden biri olan tarihteki ilk kad\u0131n siyah bilimkurgu yazarlar\u0131ndan Octavia E. Butler, hem bilimkurguda hem de Afroamerikan edebiyat\u0131nda bir d\u00f6n\u00fcm noktas\u0131. \u00d6r\u00fcnt\u00fcc\u00fcler D\u00f6rtlemesi\u2019ni olu\u015fturan, yazar\u0131n reddetti\u011fi biri hari\u00e7 t\u00fcm kitaplar\u0131n\u0131 bir araya getiren Tohumdan Hasada ise Butler\u2019\u0131n kimlik ve d\u00f6n\u00fc\u015f\u00fcm temalar\u0131n\u0131n k\u00f6k buldu\u011fu eser.   On yedinci y\u00fczy\u0131l Afrika\u2019s\u0131nda \u015fekil de\u011fi\u015ftirebilen, iyile\u015ftirici g\u00fc\u00e7lere sahip Anyanwu, g\u00fc\u00e7l\u00fc ve y\u0131k\u0131c\u0131 bir varl\u0131k olan Doro\u2019yla kar\u015f\u0131la\u015f\u0131r. Y\u00fczy\u0131llard\u0131r ba\u015fkalar\u0131n\u0131n bedenini \u00e7alarak hayatta kalan Doro kendi psi\u015fik insan t\u00fcr\u00fcn\u00fc yaratman\u0131n pe\u015finde t\u00fcm d\u00fcnyaya tohumlar\u0131n\u0131 sa\u00e7maktad\u0131r.   Doro\u2019nun nas\u0131l bir tiran oldu\u011funu anlayan Anyanwu onda hem en b\u00fcy\u00fck d\u00fc\u015fman\u0131n\u0131 hem de en yak\u0131n dostunu bulacakt\u0131r. Birbirinin y\u00fcre\u011fine farkl\u0131 sebeplerle korku salan bu ikiliyi, her nesilde yeni bir zorluk beklemektedir. Doro\u2019nun m\u00fckemmelli\u011fe en yakla\u015ft\u0131\u011f\u0131 k\u0131z\u0131 Mary, babas\u0131n\u0131n planlar\u0131n\u0131 \u00f6\u011frendi\u011finde kendisi gibileri \u00f6zg\u00fcrle\u015ftirmek ve insanl\u0131\u011fa yeni bir rota \u00e7izmek i\u00e7in ona meydan okuyacak fakat bu rota, uzaydan gelen ve insanlar\u0131 de\u011fi\u015ftiren bir hastal\u0131kla s\u0131nand\u0131\u011f\u0131nda kontrolden \u00e7\u0131kacakt\u0131r.   \u0130nsanl\u0131\u011f\u0131n gelece\u011fi bir tasar\u0131ya g\u00f6re \u015fekillenebilir mi? Kurtulu\u015f tohumunun kendi ba\u015f\u0131na filizlenmesi m\u00fcmk\u00fcn m\u00fc?   Tohumdan Hasada, medeniyetin nas\u0131l d\u00f6n\u00fc\u015ft\u00fc\u011f\u00fcn\u00fcn mitik hik\u00e2yesi. <\/p>\n","protected":false},"excerpt":{"rendered":"<p>\u201cH\u00e2l\u00e2 Butler okumad\u0131ysan\u0131z, bilimkurgunun ne kadar zengin imk\u00e2nlara sahip oldu\u011funu anlayamam\u0131\u015fs\u0131n\u0131z demektir.\u201d \u2013Orson Scott Card \u201cButler\u2019\u0131n sars\u0131c\u0131 ve \u00e7o\u011fu zaman insan\u0131 huzursuz eden romanlar\u0131 \u0131rk, cinsiyet,<span class=\"excerpt-hellip\"> [\u2026]<\/span><\/p>\n","protected":false},"featured_media":0,"template":"","meta":{"_monsterinsights_skip_tracking":false,"_monsterinsights_sitenote_active":false,"_monsterinsights_sitenote_note":"","_monsterinsights_sitenote_category":0},"product_brand":[],"product_cat":[12540,12291],"product_tag":[],"class_list":{"0":"post-750526","1":"product","2":"type-product","3":"status-publish","5":"product_cat-bilim-kurgu","6":"product_cat-edebiyat","7":"pa_cilt-ciltsiz","8":"pa_tur-kitap","9":"pa_yayinevi-ithaki-yayinlari","10":"pa_yazar-octavia-e-butler","12":"first","13":"instock","14":"sale","15":"shipping-taxable","16":"purchasable","17":"product-type-simple"},"_links":{"self":[{"href":"https:\/\/roveyayinevi.com.tr\/index.php\/wp-json\/wp\/v2\/product\/750526","targetHints":{"allow":["GET"]}}],"collection":[{"href":"https:\/\/roveyayinevi.com.tr\/index.php\/wp-json\/wp\/v2\/product"}],"about":[{"href":"https:\/\/roveyayinevi.com.tr\/index.php\/wp-json\/wp\/v2\/types\/product"}],"wp:attachment":[{"href":"https:\/\/roveyayinevi.com.tr\/index.php\/wp-json\/wp\/v2\/media?parent=750526"}],"wp:term":[{"taxonomy":"product_brand","embeddable":true,"href":"https:\/\/roveyayinevi.com.tr\/index.php\/wp-json\/wp\/v2\/product_brand?post=750526"},{"taxonomy":"product_cat","embeddable":true,"href":"https:\/\/roveyayinevi.com.tr\/index.php\/wp-json\/wp\/v2\/product_cat?post=750526"},{"taxonomy":"product_tag","embeddable":true,"href":"https:\/\/roveyayinevi.com.tr\/index.php\/wp-json\/wp\/v2\/product_tag?post=750526"}],"curies":[{"name":"wp","href":"https:\/\/api.w.org\/{rel}","templated":true}]}}