{"id":750525,"date":"2025-08-28T04:22:53","date_gmt":"2025-08-28T01:22:53","guid":{"rendered":"https:\/\/roveyayinevi.com.tr\/index.php\/urun\/sanatcinin-gordukleri-louise-bourgeois-ciltli\/"},"modified":"2026-04-16T03:03:54","modified_gmt":"2026-04-16T00:03:54","slug":"sanatcinin-gordukleri-louise-bourgeois-ciltli","status":"publish","type":"product","link":"https:\/\/roveyayinevi.com.tr\/index.php\/urun\/sanatcinin-gordukleri-louise-bourgeois-ciltli\/","title":{"rendered":"Sanat\u00e7\u0131n\u0131n G\u00f6rd\u00fckleri &#8211; Louise Bourgeois (Ciltli)"},"content":{"rendered":"<p>D\u00fcnyay\u0131 Louise Bourgeois\u2019n\u0131n g\u00f6zlerinden g\u00f6r\u00fcn! En sevdi\u011finiz sanat\u00e7\u0131lar\u0131n heykellerini, diki\u015flerini veya resimlerini yaparken nelerden etkilerini hi\u00e7 merak ettiniz mi? Metropolitan Sanat M\u00fczesi i\u015f birli\u011fiyle haz\u0131rlanan bu kitapta Frans\u0131z-Amerikal\u0131 sanat\u00e7\u0131 Louise Bourgeois ile tan\u0131\u015facaks\u0131n\u0131z. Louise Bourgeois nas\u0131l bir hayat ya\u015fad\u0131? Onu kuma\u015f eserleri, enstalasyonlar\u0131, resimleri ve heykelleri yapmaya y\u00f6nelten neydi? Onu etkileyen yerleri ve insanlar\u0131, ona fikir veren e\u015fyalar\u0131 ke\u015ffedin. Sonra s\u0131ra sizde. Siz de \u00e7evrenize bak\u0131m ve kendi sanat eserlerinizi yarat\u0131n!<\/p>\n","protected":false},"excerpt":{"rendered":"<p>D\u00fcnyay\u0131 Louise Bourgeois\u2019n\u0131n g\u00f6zlerinden g\u00f6r\u00fcn! En sevdi\u011finiz sanat\u00e7\u0131lar\u0131n heykellerini, diki\u015flerini veya resimlerini yaparken nelerden etkilerini hi\u00e7 merak ettiniz mi? Metropolitan Sanat M\u00fczesi i\u015f birli\u011fiyle haz\u0131rlanan bu<span class=\"excerpt-hellip\"> [\u2026]<\/span><\/p>\n","protected":false},"featured_media":0,"template":"","meta":{"_monsterinsights_skip_tracking":false,"_monsterinsights_sitenote_active":false,"_monsterinsights_sitenote_note":"","_monsterinsights_sitenote_category":0},"product_brand":[],"product_cat":[44608,12408],"product_tag":[],"class_list":{"0":"post-750525","1":"product","2":"type-product","3":"status-publish","5":"product_cat-diger-sanat","6":"product_cat-sanat","7":"pa_cilt-ciltli","8":"pa_tur-kitap","9":"pa_yayinevi-everest-yayinlari","10":"pa_yazar-amy-guglielmo","12":"first","13":"instock","14":"sale","15":"shipping-taxable","16":"purchasable","17":"product-type-simple"},"_links":{"self":[{"href":"https:\/\/roveyayinevi.com.tr\/index.php\/wp-json\/wp\/v2\/product\/750525","targetHints":{"allow":["GET"]}}],"collection":[{"href":"https:\/\/roveyayinevi.com.tr\/index.php\/wp-json\/wp\/v2\/product"}],"about":[{"href":"https:\/\/roveyayinevi.com.tr\/index.php\/wp-json\/wp\/v2\/types\/product"}],"wp:attachment":[{"href":"https:\/\/roveyayinevi.com.tr\/index.php\/wp-json\/wp\/v2\/media?parent=750525"}],"wp:term":[{"taxonomy":"product_brand","embeddable":true,"href":"https:\/\/roveyayinevi.com.tr\/index.php\/wp-json\/wp\/v2\/product_brand?post=750525"},{"taxonomy":"product_cat","embeddable":true,"href":"https:\/\/roveyayinevi.com.tr\/index.php\/wp-json\/wp\/v2\/product_cat?post=750525"},{"taxonomy":"product_tag","embeddable":true,"href":"https:\/\/roveyayinevi.com.tr\/index.php\/wp-json\/wp\/v2\/product_tag?post=750525"}],"curies":[{"name":"wp","href":"https:\/\/api.w.org\/{rel}","templated":true}]}}