{"id":750522,"date":"2025-08-28T04:22:49","date_gmt":"2025-08-28T01:22:49","guid":{"rendered":"https:\/\/roveyayinevi.com.tr\/index.php\/urun\/guvenle-bedenlenme\/"},"modified":"2026-04-16T03:03:54","modified_gmt":"2026-04-16T00:03:54","slug":"guvenle-bedenlenme","status":"publish","type":"product","link":"https:\/\/roveyayinevi.com.tr\/index.php\/urun\/guvenle-bedenlenme\/","title":{"rendered":"G\u00fcvenle Bedenlenme"},"content":{"rendered":"<p>Kendinize \u015funu hat\u0131rlat\u0131n: Olaylar ve insanlar hakk\u0131nda inan\u00e7lar\u0131n\u0131z de\u011fi\u015fmedi\u011fi s\u00fcrece tepkileriniz de de\u011fi\u015fmez. Ve ayn\u0131 eski y\u00f6ntemlerle tepki vermek, her zaman elde etti\u011finiz sonu\u00e7lardan farkl\u0131 sonu\u00e7 alamayaca\u011f\u0131n\u0131z\u0131 g\u00f6sterir. Eski inan\u00e7lar, ge\u00e7mi\u015fin tekrar d\u00f6ng\u00fclerinden ibaret bir h\u00e2le gelebilir. \u00c7ekti\u011finiz ac\u0131 kar\u015f\u0131s\u0131nda i\u00e7inde s\u0131k\u0131\u015f\u0131p kald\u0131\u011f\u0131n\u0131z kal\u0131plar\u0131n art\u0131k i\u015fe yaramad\u0131\u011f\u0131n\u0131 d\u00fc\u015f\u00fcn\u00fcyor ya da ge\u00e7mi\u015fin hayat\u0131n\u0131z\u0131n kontrol\u00fcn\u00fc ele ge\u00e7irdi\u011fini hissediyor olabilirsiniz. Belki de sahip oldu\u011funuz duygular\u0131n, an\u0131lar\u0131n ve deneyimlerin sizi tatmin edip etmedi\u011fini veya mutlu olmaktan al\u0131koyup koymad\u0131\u011f\u0131n\u0131 merak ediyorsunuz. Ya her \u015feyi de\u011fi\u015ftirebilseydiniz? Deirdre Fay, 1996 y\u0131l\u0131nda ba\u015flatt\u0131\u011f\u0131 ve h\u00e2l\u00e2 devam eden grup \u00e7al\u0131\u015fmalar\u0131na dayanarak, sahip oldu\u011funuz eski inan\u00e7lar\u0131n, ge\u00e7mi\u015fi bug\u00fcne getirdi\u011fini s\u00f6yl\u00fcyor. Kendi bilgeli\u011finize g\u00fcvenerek, eski inan\u00e7lar\u0131 kontrol etmenin m\u00fcmk\u00fcn oldu\u011funu, bunun yolunun ise yaln\u0131zca do\u011fru y\u00f6ntemi tespit etmekten ge\u00e7ti\u011fini vurguluyor.  Bu noktada G\u00fcvenle Bedenlenme, ac\u0131dan, kederden, bilincinde oldu\u011funuz ya da olmad\u0131\u011f\u0131n\u0131z travmalar\u0131n\u0131z\u0131n etkilerinden kurtularak i\u00e7 d\u00fcnyan\u0131zla daha bar\u0131\u015f\u0131k olman\u0131za ve dinlenme, d\u00fc\u015f\u00fcnme ve mutluluk i\u00e7in g\u00fcvenli bir beden geli\u015ftirmenize yard\u0131mc\u0131 olabilecek farkl\u0131 becerileri sizlerle payla\u015f\u0131yor. Bu kitap, ge\u00e7mi\u015finizin sizi i\u00e7ine s\u00fcr\u00fckledi\u011fi hayat\u0131 ya\u015famak yerine, ya\u015famak istedi\u011finiz hayat\u0131 yaratman\u0131z i\u00e7in rehberiniz olacak!<\/p>\n","protected":false},"excerpt":{"rendered":"<p>Kendinize \u015funu hat\u0131rlat\u0131n: Olaylar ve insanlar hakk\u0131nda inan\u00e7lar\u0131n\u0131z de\u011fi\u015fmedi\u011fi s\u00fcrece tepkileriniz de de\u011fi\u015fmez. Ve ayn\u0131 eski y\u00f6ntemlerle tepki vermek, her zaman elde etti\u011finiz sonu\u00e7lardan farkl\u0131 sonu\u00e7<span class=\"excerpt-hellip\"> [\u2026]<\/span><\/p>\n","protected":false},"featured_media":0,"template":"","meta":{"_monsterinsights_skip_tracking":false,"_monsterinsights_sitenote_active":false,"_monsterinsights_sitenote_note":"","_monsterinsights_sitenote_category":0},"product_brand":[],"product_cat":[12357],"product_tag":[],"class_list":{"0":"post-750522","1":"product","2":"type-product","3":"status-publish","5":"product_cat-psikoloji","6":"pa_cilt-ciltsiz","7":"pa_tur-kitap","8":"pa_yayinevi-sola-unitas","9":"pa_yazar-deirdre-fay-janina-fisher","11":"first","12":"instock","13":"sale","14":"shipping-taxable","15":"purchasable","16":"product-type-simple"},"_links":{"self":[{"href":"https:\/\/roveyayinevi.com.tr\/index.php\/wp-json\/wp\/v2\/product\/750522","targetHints":{"allow":["GET"]}}],"collection":[{"href":"https:\/\/roveyayinevi.com.tr\/index.php\/wp-json\/wp\/v2\/product"}],"about":[{"href":"https:\/\/roveyayinevi.com.tr\/index.php\/wp-json\/wp\/v2\/types\/product"}],"wp:attachment":[{"href":"https:\/\/roveyayinevi.com.tr\/index.php\/wp-json\/wp\/v2\/media?parent=750522"}],"wp:term":[{"taxonomy":"product_brand","embeddable":true,"href":"https:\/\/roveyayinevi.com.tr\/index.php\/wp-json\/wp\/v2\/product_brand?post=750522"},{"taxonomy":"product_cat","embeddable":true,"href":"https:\/\/roveyayinevi.com.tr\/index.php\/wp-json\/wp\/v2\/product_cat?post=750522"},{"taxonomy":"product_tag","embeddable":true,"href":"https:\/\/roveyayinevi.com.tr\/index.php\/wp-json\/wp\/v2\/product_tag?post=750522"}],"curies":[{"name":"wp","href":"https:\/\/api.w.org\/{rel}","templated":true}]}}