{"id":750518,"date":"2025-08-28T04:22:42","date_gmt":"2025-08-28T01:22:42","guid":{"rendered":"https:\/\/roveyayinevi.com.tr\/index.php\/urun\/ekrem-baydarin-anilari-mustafa-kemalin-gizli-orgutu\/"},"modified":"2026-04-16T03:03:54","modified_gmt":"2026-04-16T00:03:54","slug":"ekrem-baydarin-anilari-mustafa-kemalin-gizli-orgutu","status":"publish","type":"product","link":"https:\/\/roveyayinevi.com.tr\/index.php\/urun\/ekrem-baydarin-anilari-mustafa-kemalin-gizli-orgutu\/","title":{"rendered":"Ekrem Baydar\u2019\u0131n An\u0131lar\u0131: Mustafa Kemal\u2019in Gizli \u00d6rg\u00fct\u00fc"},"content":{"rendered":"<p>Milli M\u00fccadele\u2019nin en ate\u015fli g\u00fcnlerindeyiz\u2026 \u0130stanbul i\u015fgal alt\u0131ndad\u0131r. Anadolu hareketinin en b\u00fcy\u00fck \u00f6nceli\u011fi, gereksinim duyulan cephanenin ve haberle\u015fme ara\u00e7-gere\u00e7lerinin Ankara\u2019ya iletilmesidir. \u0130\u015fte bu \u015fartlarda, b\u00fcy\u00fck zorluklara g\u00f6\u011f\u00fcs gererek, i\u00e7 ve d\u0131\u015f d\u00fc\u015fmanlardan gizli olarak Anadolu\u2019nun kalbine s\u00fcrekli bir hat kuran Fel\u00e2h Grubu\u2019nun kurucusu Kurmay Binba\u015f\u0131 Ekrem Bey ve arkada\u015flar\u0131n\u0131n sayg\u0131de\u011fer \u00e7al\u0131\u015fmalar\u0131, vatan\u0131n kurtulu\u015funa b\u00fcy\u00fck katk\u0131 yapm\u0131\u015ft\u0131r. Kurtulu\u015f i\u00e7in sava\u015fan ordumuzun ba\u015far\u0131s\u0131nda \u00f6nemli pay\u0131 olan emekli Korgeneral Ekrem Baydar\u2019\u0131n \u201cMustafa Kemal\u2019in Gizli \u00d6rg\u00fct\u00fcn\u00fc Ben \u0130dare Ediyordum\u201d ad\u0131 ile yay\u0131mlanan an\u0131lar\u0131, Milli M\u00fccadele\u2019ye dair gizli kalm\u0131\u015f bir\u00e7ok konunun \u00fczerindeki sis perdesini kald\u0131rm\u0131\u015ft\u0131r. Cumhuriyet gazetesinin deneyimli yaz\u0131 i\u015fleri m\u00fcd\u00fcr\u00fc Sami Kara\u00f6ren taraf\u0131ndan derlenerek 6 Ekim \u2013 2 Kas\u0131m 1970 tarihleri aras\u0131nda yaz\u0131 dizisi olarak ilk defa g\u00fcn y\u00fcz\u00fcne \u00e7\u0131kar\u0131lan, tarihi belge niteli\u011findeki bu an\u0131lar, b\u00fcy\u00fck ses getirmi\u015ftir. Anadolu Devrimi\u2019nin 100. Y\u0131l\u0131nda, bir di\u011fer usta kalem I\u015f\u0131k Kansu\u2019nun yay\u0131na haz\u0131rlad\u0131\u011f\u0131 bu eser, \u00fclkemizin kurtulu\u015f ve kurulu\u015f destan\u0131na ili\u015fkin olaylar\u0131n i\u00e7y\u00fcz\u00fcn\u00fc ortaya koymakta ve bug\u00fcn de yanl\u0131\u015f bilinen kimi noktalar\u0131 ayd\u0131nl\u0131\u011fa \u00e7\u0131karmaktad\u0131r. <\/p>\n","protected":false},"excerpt":{"rendered":"<p>Milli M\u00fccadele\u2019nin en ate\u015fli g\u00fcnlerindeyiz\u2026 \u0130stanbul i\u015fgal alt\u0131ndad\u0131r. Anadolu hareketinin en b\u00fcy\u00fck \u00f6nceli\u011fi, gereksinim duyulan cephanenin ve haberle\u015fme ara\u00e7-gere\u00e7lerinin Ankara\u2019ya iletilmesidir. \u0130\u015fte bu \u015fartlarda, b\u00fcy\u00fck zorluklara<span class=\"excerpt-hellip\"> [\u2026]<\/span><\/p>\n","protected":false},"featured_media":0,"template":"","meta":{"_monsterinsights_skip_tracking":false,"_monsterinsights_sitenote_active":false,"_monsterinsights_sitenote_note":"","_monsterinsights_sitenote_category":0},"product_brand":[],"product_cat":[13701,12291],"product_tag":[],"class_list":{"0":"post-750518","1":"product","2":"type-product","3":"status-publish","5":"product_cat-ani-mektup-gunluk","6":"product_cat-edebiyat","7":"pa_cilt-ciltsiz","8":"pa_tur-kitap","9":"pa_yayinevi-cumhuriyet-kitaplari","10":"pa_yazar-sami-karaoren","12":"first","13":"instock","14":"sale","15":"shipping-taxable","16":"purchasable","17":"product-type-simple"},"_links":{"self":[{"href":"https:\/\/roveyayinevi.com.tr\/index.php\/wp-json\/wp\/v2\/product\/750518","targetHints":{"allow":["GET"]}}],"collection":[{"href":"https:\/\/roveyayinevi.com.tr\/index.php\/wp-json\/wp\/v2\/product"}],"about":[{"href":"https:\/\/roveyayinevi.com.tr\/index.php\/wp-json\/wp\/v2\/types\/product"}],"wp:attachment":[{"href":"https:\/\/roveyayinevi.com.tr\/index.php\/wp-json\/wp\/v2\/media?parent=750518"}],"wp:term":[{"taxonomy":"product_brand","embeddable":true,"href":"https:\/\/roveyayinevi.com.tr\/index.php\/wp-json\/wp\/v2\/product_brand?post=750518"},{"taxonomy":"product_cat","embeddable":true,"href":"https:\/\/roveyayinevi.com.tr\/index.php\/wp-json\/wp\/v2\/product_cat?post=750518"},{"taxonomy":"product_tag","embeddable":true,"href":"https:\/\/roveyayinevi.com.tr\/index.php\/wp-json\/wp\/v2\/product_tag?post=750518"}],"curies":[{"name":"wp","href":"https:\/\/api.w.org\/{rel}","templated":true}]}}