{"id":750516,"date":"2025-08-28T04:22:40","date_gmt":"2025-08-28T01:22:40","guid":{"rendered":"https:\/\/roveyayinevi.com.tr\/index.php\/urun\/hayli-duyarli-ebeveyn\/"},"modified":"2026-04-16T03:03:54","modified_gmt":"2026-04-16T00:03:54","slug":"hayli-duyarli-ebeveyn","status":"publish","type":"product","link":"https:\/\/roveyayinevi.com.tr\/index.php\/urun\/hayli-duyarli-ebeveyn\/","title":{"rendered":"Hayli Duyarl\u0131 Ebeveyn"},"content":{"rendered":"<p>Hayli duyarl\u0131 insanlar, yaln\u0131zca iyi ebeveyn de\u011fil, ayn\u0131 zamanda harika ebeveyn olma potansiyeline de sahiptir. Pratik oldu\u011fu kadar \u00f6nemli olan bu \u00e7\u0131\u011f\u0131r a\u00e7\u0131c\u0131 k\u0131lavuz, ebeveynlere, kendilerinin ve \u00e7ocuklar\u0131n\u0131n ebeveynlik yolculu\u011funun her a\u015famas\u0131nda ba\u015far\u0131l\u0131 olabilmeleri i\u00e7in g\u00fcven, fark\u0131ndal\u0131k ve temel ba\u015fa \u00e7\u0131kma becerilerini nas\u0131l geli\u015ftireceklerini g\u00f6steriyor. Bu kitapta yazar kapsaml\u0131 ara\u015ft\u0131rmalara ve kendi deneyimlerine dayanarak hayli duyarl\u0131 ebeveynlerin hayli duyarl\u0131 sonu\u00e7lar\u0131n\u0131 tan\u0131mlay\u0131p ele almalar\u0131na yard\u0131mc\u0131 oluyor, ayr\u0131ca \u015funlar\u0131 da sunuyor: \u2022 Ebeveynlerin duyarl\u0131l\u0131k d\u00fczeylerini belirlemelerine yard\u0131mc\u0131  olacak bir test\u2022 A\u015f\u0131r\u0131 uyar\u0131lma ile ba\u015fa \u00e7\u0131kma ara\u00e7lar\u0131\u2022 Ebeveynli\u011fi \u00e7evreleyen olumsuz duygularla ba\u015fa \u00e7\u0131kmaya    y\u00f6nelik tavsiyeler\u2022 \u00c7ocuk sahibi olman\u0131n getirdi\u011fi sosyal uyar\u0131m ve etkile\u015fimi     y\u00f6netmenin yollar\u0131\u2022 Di\u011fer ebeveynlerin yan\u0131nda utanga\u00e7l\u0131kla ba\u015fa \u00e7\u0131kma teknikleri\u2022 Hayli duyarl\u0131 ebeveynlerin ili\u015fkilerinde kar\u015f\u0131la\u015ft\u0131klar\u0131 be\u015f b\u00fcy\u00fck  soruna ve bunlar\u0131n nas\u0131l a\u015f\u0131laca\u011f\u0131na dair \u00e7\u00f6z\u00fcmler<\/p>\n","protected":false},"excerpt":{"rendered":"<p>Hayli duyarl\u0131 insanlar, yaln\u0131zca iyi ebeveyn de\u011fil, ayn\u0131 zamanda harika ebeveyn olma potansiyeline de sahiptir. Pratik oldu\u011fu kadar \u00f6nemli olan bu \u00e7\u0131\u011f\u0131r a\u00e7\u0131c\u0131 k\u0131lavuz, ebeveynlere, kendilerinin<span class=\"excerpt-hellip\"> [\u2026]<\/span><\/p>\n","protected":false},"featured_media":0,"template":"","meta":{"_monsterinsights_skip_tracking":false,"_monsterinsights_sitenote_active":false,"_monsterinsights_sitenote_note":"","_monsterinsights_sitenote_category":0},"product_brand":[],"product_cat":[12357],"product_tag":[],"class_list":{"0":"post-750516","1":"product","2":"type-product","3":"status-publish","5":"product_cat-psikoloji","6":"pa_cilt-ciltsiz","7":"pa_tur-kitap","8":"pa_yayinevi-epsilon-yayinlari","9":"pa_yazar-elaine-n-aron","11":"first","12":"instock","13":"sale","14":"shipping-taxable","15":"purchasable","16":"product-type-simple"},"_links":{"self":[{"href":"https:\/\/roveyayinevi.com.tr\/index.php\/wp-json\/wp\/v2\/product\/750516","targetHints":{"allow":["GET"]}}],"collection":[{"href":"https:\/\/roveyayinevi.com.tr\/index.php\/wp-json\/wp\/v2\/product"}],"about":[{"href":"https:\/\/roveyayinevi.com.tr\/index.php\/wp-json\/wp\/v2\/types\/product"}],"wp:attachment":[{"href":"https:\/\/roveyayinevi.com.tr\/index.php\/wp-json\/wp\/v2\/media?parent=750516"}],"wp:term":[{"taxonomy":"product_brand","embeddable":true,"href":"https:\/\/roveyayinevi.com.tr\/index.php\/wp-json\/wp\/v2\/product_brand?post=750516"},{"taxonomy":"product_cat","embeddable":true,"href":"https:\/\/roveyayinevi.com.tr\/index.php\/wp-json\/wp\/v2\/product_cat?post=750516"},{"taxonomy":"product_tag","embeddable":true,"href":"https:\/\/roveyayinevi.com.tr\/index.php\/wp-json\/wp\/v2\/product_tag?post=750516"}],"curies":[{"name":"wp","href":"https:\/\/api.w.org\/{rel}","templated":true}]}}