{"id":750514,"date":"2025-08-28T04:22:36","date_gmt":"2025-08-28T01:22:36","guid":{"rendered":"https:\/\/roveyayinevi.com.tr\/index.php\/urun\/bir-mimara-mektup\/"},"modified":"2026-04-16T03:03:54","modified_gmt":"2026-04-16T00:03:54","slug":"bir-mimara-mektup","status":"publish","type":"product","link":"https:\/\/roveyayinevi.com.tr\/index.php\/urun\/bir-mimara-mektup\/","title":{"rendered":"Bir Mimara Mektup"},"content":{"rendered":"<p>T\u00fcm \u015fiirler, sinemalar, sar\u0131 \u00f6rg\u00fcl\u00fc kedi yelekleri \u00e7ocuklukla ilgili de\u011fil mi zaten? Bukowski\u2019ye berbat bir \u00e7ocukluk ya\u015fatt\u0131\u011f\u0131n i\u00e7in te\u015fekk\u00fcrler bay\u0131m hayal k\u0131r\u0131kl\u0131klar\u0131yla dolu \u00e7ocuklar olmasa daralt\u0131c\u0131 bir ya\u015famda bulurdum kendimi \u00e7ekilebilitesi y\u00fcksek ve daralt\u0131c\u0131 ya\u015famlar dilerim sizlere.<\/p>\n","protected":false},"excerpt":{"rendered":"<p>T\u00fcm \u015fiirler, sinemalar, sar\u0131 \u00f6rg\u00fcl\u00fc kedi yelekleri \u00e7ocuklukla ilgili de\u011fil mi zaten? Bukowski\u2019ye berbat bir \u00e7ocukluk ya\u015fatt\u0131\u011f\u0131n i\u00e7in te\u015fekk\u00fcrler bay\u0131m hayal k\u0131r\u0131kl\u0131klar\u0131yla dolu \u00e7ocuklar olmasa daralt\u0131c\u0131<span class=\"excerpt-hellip\"> [\u2026]<\/span><\/p>\n","protected":false},"featured_media":0,"template":"","meta":{"_monsterinsights_skip_tracking":false,"_monsterinsights_sitenote_active":false,"_monsterinsights_sitenote_note":"","_monsterinsights_sitenote_category":0},"product_brand":[],"product_cat":[12291,12509],"product_tag":[],"class_list":{"0":"post-750514","1":"product","2":"type-product","3":"status-publish","5":"product_cat-edebiyat","6":"product_cat-siir","7":"pa_cilt-ciltsiz","8":"pa_tur-kitap","9":"pa_yayinevi-totem-yayinlari","10":"pa_yazar-halil-ibrahim-yilmaz","12":"first","13":"instock","14":"sale","15":"shipping-taxable","16":"purchasable","17":"product-type-simple"},"_links":{"self":[{"href":"https:\/\/roveyayinevi.com.tr\/index.php\/wp-json\/wp\/v2\/product\/750514","targetHints":{"allow":["GET"]}}],"collection":[{"href":"https:\/\/roveyayinevi.com.tr\/index.php\/wp-json\/wp\/v2\/product"}],"about":[{"href":"https:\/\/roveyayinevi.com.tr\/index.php\/wp-json\/wp\/v2\/types\/product"}],"wp:attachment":[{"href":"https:\/\/roveyayinevi.com.tr\/index.php\/wp-json\/wp\/v2\/media?parent=750514"}],"wp:term":[{"taxonomy":"product_brand","embeddable":true,"href":"https:\/\/roveyayinevi.com.tr\/index.php\/wp-json\/wp\/v2\/product_brand?post=750514"},{"taxonomy":"product_cat","embeddable":true,"href":"https:\/\/roveyayinevi.com.tr\/index.php\/wp-json\/wp\/v2\/product_cat?post=750514"},{"taxonomy":"product_tag","embeddable":true,"href":"https:\/\/roveyayinevi.com.tr\/index.php\/wp-json\/wp\/v2\/product_tag?post=750514"}],"curies":[{"name":"wp","href":"https:\/\/api.w.org\/{rel}","templated":true}]}}