{"id":750512,"date":"2025-08-28T04:22:33","date_gmt":"2025-08-28T01:22:33","guid":{"rendered":"https:\/\/roveyayinevi.com.tr\/index.php\/urun\/nagomi-yolu\/"},"modified":"2026-04-13T03:09:27","modified_gmt":"2026-04-13T00:09:27","slug":"nagomi-yolu","status":"publish","type":"product","link":"https:\/\/roveyayinevi.com.tr\/index.php\/urun\/nagomi-yolu\/","title":{"rendered":"Nagomi Yolu"},"content":{"rendered":"<p>Nagomi\u2019yi daha \u00f6nce duymad\u0131ysan\u0131z su\u00e7 sizin de\u011fil. Di\u011fer k\u00fclt\u00fcrler hakk\u0131nda pek \u00e7ok \u015fey biliyor olsan\u0131z bile daha \u00f6nce rastlamam\u0131\u015f olabilirsiniz. \u00c7\u00fcnk\u00fc Japon k\u00fclt\u00fcr\u00fcn\u00fcn zirvesi ve Japonlar\u0131n temsil etti\u011fi her \u015feyin merkezinde yer almas\u0131na ra\u011fmen nagomi \u00e7ok iyi korunmu\u015f bir s\u0131r gibidir. Nagomi kavram\u0131, wabi sabi, Zen, kintsugi, ichigo ichie ve ikigai gibi \u00f6nemli kavramlar\u0131n anas\u0131 say\u0131l\u0131r. \u201cKalbin ve zihnin dengede, huzurlu ve s\u00fck\u00fbnet i\u00e7inde olmas\u0131\u201d anlam\u0131na gelen nagomi sizi \u015fu be\u015f \u00f6zelli\u011fi geli\u015ftirmeye y\u00f6neltecektir: 1. Sevdiklerinizle ayn\u0131 fikirde olmad\u0131\u011f\u0131n\u0131zda dahi onlarla ili\u015fkinizi mutlu bir \u015fekilde s\u00fcrd\u00fcrmek. 2. Bir yandan kendi \u00f6z\u00fcn\u00fcze daima sad\u0131k kal\u0131p di\u011fer yandan yeni \u015feyler \u00f6\u011frenmek. 3. Ne yaparsan\u0131z yap\u0131n huzurla yapmak. 4. Uyumsuz g\u00f6r\u00fcnen unsurlar\u0131 ahenkli bir denge kuracak \u015fekilde kar\u0131\u015ft\u0131r\u0131p kayna\u015ft\u0131rmak. 5. Japon ya\u015fam felsefesini daha derinden anlamak. Nagomi ile tan\u0131\u015f\u0131p kavrad\u0131\u011f\u0131n\u0131zda ba\u015fkalar\u0131yla, do\u011fayla ve her \u015feyden \u00f6nemlisi kendinizle uyumlu, mutlu ve yarat\u0131c\u0131 bir hayat in\u015fa etmenizi sa\u011flayacak yeni fikirlerle donan\u0131rs\u0131n\u0131z. Nagomi, Japonya\u2019da ortaya \u00e7\u0131k\u0131p geli\u015fmi\u015f olmakla birlikte g\u00fcn\u00fcm\u00fcz d\u00fcnyas\u0131nda herkese uygundur. Siz de bu kitab\u0131 okuman\u0131z\u0131n hemen ard\u0131ndan nagomi yoluna (nagomido\u2019ya) koyulabilirsiniz. Nagomi\u2019ye ho\u015f geldiniz&#8230; Nagomi sizinle olsun!<\/p>\n","protected":false},"excerpt":{"rendered":"<p>Nagomi\u2019yi daha \u00f6nce duymad\u0131ysan\u0131z su\u00e7 sizin de\u011fil. Di\u011fer k\u00fclt\u00fcrler hakk\u0131nda pek \u00e7ok \u015fey biliyor olsan\u0131z bile daha \u00f6nce rastlamam\u0131\u015f olabilirsiniz. \u00c7\u00fcnk\u00fc Japon k\u00fclt\u00fcr\u00fcn\u00fcn zirvesi ve Japonlar\u0131n<span class=\"excerpt-hellip\"> [\u2026]<\/span><\/p>\n","protected":false},"featured_media":0,"template":"","meta":{"_monsterinsights_skip_tracking":false,"_monsterinsights_sitenote_active":false,"_monsterinsights_sitenote_note":"","_monsterinsights_sitenote_category":0},"product_brand":[],"product_cat":[12364,12376],"product_tag":[],"class_list":{"0":"post-750512","1":"product","2":"type-product","3":"status-publish","5":"product_cat-genel-konular","6":"product_cat-kisisel-gelisim","7":"pa_cilt-ciltsiz","8":"pa_tur-kitap","9":"pa_yayinevi-kuraldisi-yayinevi","10":"pa_yazar-ken-mogi","12":"first","13":"instock","14":"sale","15":"shipping-taxable","16":"purchasable","17":"product-type-simple"},"_links":{"self":[{"href":"https:\/\/roveyayinevi.com.tr\/index.php\/wp-json\/wp\/v2\/product\/750512","targetHints":{"allow":["GET"]}}],"collection":[{"href":"https:\/\/roveyayinevi.com.tr\/index.php\/wp-json\/wp\/v2\/product"}],"about":[{"href":"https:\/\/roveyayinevi.com.tr\/index.php\/wp-json\/wp\/v2\/types\/product"}],"wp:attachment":[{"href":"https:\/\/roveyayinevi.com.tr\/index.php\/wp-json\/wp\/v2\/media?parent=750512"}],"wp:term":[{"taxonomy":"product_brand","embeddable":true,"href":"https:\/\/roveyayinevi.com.tr\/index.php\/wp-json\/wp\/v2\/product_brand?post=750512"},{"taxonomy":"product_cat","embeddable":true,"href":"https:\/\/roveyayinevi.com.tr\/index.php\/wp-json\/wp\/v2\/product_cat?post=750512"},{"taxonomy":"product_tag","embeddable":true,"href":"https:\/\/roveyayinevi.com.tr\/index.php\/wp-json\/wp\/v2\/product_tag?post=750512"}],"curies":[{"name":"wp","href":"https:\/\/api.w.org\/{rel}","templated":true}]}}