{"id":750510,"date":"2025-08-28T04:22:29","date_gmt":"2025-08-28T01:22:29","guid":{"rendered":"https:\/\/roveyayinevi.com.tr\/index.php\/urun\/horimiya-horisan-ile-miyamurakun-08\/"},"modified":"2026-04-16T03:03:54","modified_gmt":"2026-04-16T00:03:54","slug":"horimiya-horisan-ile-miyamurakun-08","status":"publish","type":"product","link":"https:\/\/roveyayinevi.com.tr\/index.php\/urun\/horimiya-horisan-ile-miyamurakun-08\/","title":{"rendered":"Horimiya Horisan ile Miyamurakun 08"},"content":{"rendered":"<p>Horisan ile Miyamurakun?un etkileyici hik\u00e2yesi devam ediyor! Katagiri Lisesi \u00f6\u011frencileri spor festivaline haz\u0131r&#8230; Hori&#8217;nin kavgac\u0131 s\u00f6zleri sayesinde, fiziksel etkinliklere kar\u015f\u0131 fobisi olan Miyamura bile heyecanland\u0131 ve oyunlara kat\u0131lmaya can at\u0131yor sanki! Sengoku&#8217;nun kay\u0131ts\u0131zl\u0131\u011f\u0131, Sakura&#8217;n\u0131n ritim eksikli\u011fi ve Hori&#8217;nin erkeksi amigolu\u011fu \u00f6n plana \u00e7\u0131karken, \u00fc\u00e7\u00fcnc\u00fc s\u0131n\u0131flar okul hayatlar\u0131ndaki bu son spor festivalinden haf\u0131zalar\u0131nda kalacak son an\u0131lar\u0131 biriktiriyorlar, oysa Miyamura i\u00e7in bunlar onun festivalle ilgili ilk an\u0131lar\u0131 olacak! Okul hayat\u0131, arkada\u015fl\u0131klar ve kendini ke\u015ffetme hakk\u0131nda ilham verici hik\u00e2yesiyle _Horimiya_ sizi etkisi alt\u0131na alacak!<\/p>\n","protected":false},"excerpt":{"rendered":"<p>Horisan ile Miyamurakun?un etkileyici hik\u00e2yesi devam ediyor! Katagiri Lisesi \u00f6\u011frencileri spor festivaline haz\u0131r&#8230; Hori&#8217;nin kavgac\u0131 s\u00f6zleri sayesinde, fiziksel etkinliklere kar\u015f\u0131 fobisi olan Miyamura bile heyecanland\u0131 ve<span class=\"excerpt-hellip\"> [\u2026]<\/span><\/p>\n","protected":false},"featured_media":0,"template":"","meta":{"_monsterinsights_skip_tracking":false,"_monsterinsights_sitenote_active":false,"_monsterinsights_sitenote_note":"","_monsterinsights_sitenote_category":0},"product_brand":[],"product_cat":[12416,12291],"product_tag":[],"class_list":{"0":"post-750510","1":"product","2":"type-product","3":"status-publish","5":"product_cat-cizgi-roman","6":"product_cat-edebiyat","7":"pa_cilt-ciltsiz","8":"pa_tur-kitap","9":"pa_yayinevi-akil-celen-kitaplar","10":"pa_yazar-hero","12":"first","13":"instock","14":"sale","15":"shipping-taxable","16":"purchasable","17":"product-type-simple"},"_links":{"self":[{"href":"https:\/\/roveyayinevi.com.tr\/index.php\/wp-json\/wp\/v2\/product\/750510","targetHints":{"allow":["GET"]}}],"collection":[{"href":"https:\/\/roveyayinevi.com.tr\/index.php\/wp-json\/wp\/v2\/product"}],"about":[{"href":"https:\/\/roveyayinevi.com.tr\/index.php\/wp-json\/wp\/v2\/types\/product"}],"wp:attachment":[{"href":"https:\/\/roveyayinevi.com.tr\/index.php\/wp-json\/wp\/v2\/media?parent=750510"}],"wp:term":[{"taxonomy":"product_brand","embeddable":true,"href":"https:\/\/roveyayinevi.com.tr\/index.php\/wp-json\/wp\/v2\/product_brand?post=750510"},{"taxonomy":"product_cat","embeddable":true,"href":"https:\/\/roveyayinevi.com.tr\/index.php\/wp-json\/wp\/v2\/product_cat?post=750510"},{"taxonomy":"product_tag","embeddable":true,"href":"https:\/\/roveyayinevi.com.tr\/index.php\/wp-json\/wp\/v2\/product_tag?post=750510"}],"curies":[{"name":"wp","href":"https:\/\/api.w.org\/{rel}","templated":true}]}}