{"id":750506,"date":"2025-08-28T04:22:23","date_gmt":"2025-08-28T01:22:23","guid":{"rendered":"https:\/\/roveyayinevi.com.tr\/index.php\/urun\/beyaz-sakalin-hazinesi\/"},"modified":"2026-04-16T03:03:42","modified_gmt":"2026-04-16T00:03:42","slug":"beyaz-sakalin-hazinesi","status":"publish","type":"product","link":"https:\/\/roveyayinevi.com.tr\/index.php\/urun\/beyaz-sakalin-hazinesi\/","title":{"rendered":"Beyaz Sakal\u2019\u0131n Hazinesi"},"content":{"rendered":"<p>Eda Albayrak\u2019tan matematikle \u00f6r\u00fcl\u00fc bir macera. Ger\u00e7ek hazinenin ne oldu\u011funu ke\u015ffetmek isteyen okurlara\u2026   Dedem, emekli korsan. Oyunlar\u0131m\u0131zdaki ad\u0131 Beyaz Sakal. Evimiz bir ada, bah\u00e7emizdeki a\u011fa\u00e7 ev ise gemimiz Siyah \u0130nci&#8230; Kuzenlerim, karde\u015fim, teyzem ve ben, hepimiz bir araday\u0131z.  \u015eu s\u0131ralar ilgin\u00e7 g\u00fcnler ya\u015f\u0131yoruz. Gemimizle yelken a\u00e7\u0131p hazine ar\u0131yoruz. Hazine bulmak hi\u00e7 de kolay de\u011fil. Her \u015feyden \u00f6nce parolalar\u0131 veBeyaz Sakal\u2019\u0131n sordu\u011fu matematik sorular\u0131n\u0131 \u00e7\u00f6zmemiz gerekiyor!   Yarat\u0131c\u0131 d\u00fc\u015f\u00fcnme \u00fczerine \u00e7al\u0131\u015fan sevilen yazar Eda Albayrak okurlar\u0131n\u0131 hem bir korsan maceras\u0131na davet ediyor hem matematikle d\u00fc\u015f\u00fcnd\u00fcr\u00fcyor. <\/p>\n","protected":false},"excerpt":{"rendered":"<p>Eda Albayrak\u2019tan matematikle \u00f6r\u00fcl\u00fc bir macera. Ger\u00e7ek hazinenin ne oldu\u011funu ke\u015ffetmek isteyen okurlara\u2026 Dedem, emekli korsan. Oyunlar\u0131m\u0131zdaki ad\u0131 Beyaz Sakal. Evimiz bir ada, bah\u00e7emizdeki a\u011fa\u00e7 ev<span class=\"excerpt-hellip\"> [\u2026]<\/span><\/p>\n","protected":false},"featured_media":0,"template":"","meta":{"_monsterinsights_skip_tracking":false,"_monsterinsights_sitenote_active":false,"_monsterinsights_sitenote_note":"","_monsterinsights_sitenote_category":0},"product_brand":[],"product_cat":[12274,12284],"product_tag":[],"class_list":{"0":"post-750506","1":"product","2":"type-product","3":"status-publish","5":"product_cat-cocuk-ve-genclik-kitaplari","6":"product_cat-hikayeler","7":"pa_cilt-ciltsiz","8":"pa_tur-kitap","9":"pa_yayinevi-redhouse-kidz-yayinlari","10":"pa_yazar-eda-albayrak","12":"first","13":"instock","14":"sale","15":"shipping-taxable","16":"purchasable","17":"product-type-simple"},"_links":{"self":[{"href":"https:\/\/roveyayinevi.com.tr\/index.php\/wp-json\/wp\/v2\/product\/750506","targetHints":{"allow":["GET"]}}],"collection":[{"href":"https:\/\/roveyayinevi.com.tr\/index.php\/wp-json\/wp\/v2\/product"}],"about":[{"href":"https:\/\/roveyayinevi.com.tr\/index.php\/wp-json\/wp\/v2\/types\/product"}],"wp:attachment":[{"href":"https:\/\/roveyayinevi.com.tr\/index.php\/wp-json\/wp\/v2\/media?parent=750506"}],"wp:term":[{"taxonomy":"product_brand","embeddable":true,"href":"https:\/\/roveyayinevi.com.tr\/index.php\/wp-json\/wp\/v2\/product_brand?post=750506"},{"taxonomy":"product_cat","embeddable":true,"href":"https:\/\/roveyayinevi.com.tr\/index.php\/wp-json\/wp\/v2\/product_cat?post=750506"},{"taxonomy":"product_tag","embeddable":true,"href":"https:\/\/roveyayinevi.com.tr\/index.php\/wp-json\/wp\/v2\/product_tag?post=750506"}],"curies":[{"name":"wp","href":"https:\/\/api.w.org\/{rel}","templated":true}]}}