{"id":750504,"date":"2025-08-28T04:22:19","date_gmt":"2025-08-28T01:22:19","guid":{"rendered":"https:\/\/roveyayinevi.com.tr\/index.php\/urun\/bulunmasi-imkansiz-orman\/"},"modified":"2026-04-08T03:10:15","modified_gmt":"2026-04-08T00:10:15","slug":"bulunmasi-imkansiz-orman","status":"publish","type":"product","link":"https:\/\/roveyayinevi.com.tr\/index.php\/urun\/bulunmasi-imkansiz-orman\/","title":{"rendered":"Bulunmas\u0131 \u0130mkans\u0131z Orman"},"content":{"rendered":"<p>Sincap teyze kalabal\u0131k ve g\u00fcr\u00fclt\u00fcden bunal\u0131r, orman sakinleri pe\u015fine tak\u0131l\u0131r. Valizini toplayan d\u00fc\u015fer yola, yeni bir yuva bulma umuduyla\u2026 \u0130nsanlar \u00e7\u0131k\u0131nca kar\u015f\u0131lar\u0131na, da\u011f\u0131l\u0131rlar \u015fehrin d\u00f6rt bir yan\u0131na. Do\u011fay\u0131 d\u00fc\u015f\u00fcncesizce yok edenler, bakal\u0131m nas\u0131l bir \u00e7\u00f6z\u00fcm \u00fcretecekler? Sen de merak ediyorsan, durma. Hadi kat\u0131l orman sakinlerinin aras\u0131na, \u00e7\u0131k onlarla maceraya.<\/p>\n","protected":false},"excerpt":{"rendered":"<p>Sincap teyze kalabal\u0131k ve g\u00fcr\u00fclt\u00fcden bunal\u0131r, orman sakinleri pe\u015fine tak\u0131l\u0131r. Valizini toplayan d\u00fc\u015fer yola, yeni bir yuva bulma umuduyla\u2026 \u0130nsanlar \u00e7\u0131k\u0131nca kar\u015f\u0131lar\u0131na, da\u011f\u0131l\u0131rlar \u015fehrin d\u00f6rt bir<span class=\"excerpt-hellip\"> [\u2026]<\/span><\/p>\n","protected":false},"featured_media":0,"template":"","meta":{"_monsterinsights_skip_tracking":false,"_monsterinsights_sitenote_active":false,"_monsterinsights_sitenote_note":"","_monsterinsights_sitenote_category":0},"product_brand":[],"product_cat":[12274,12284],"product_tag":[],"class_list":{"0":"post-750504","1":"product","2":"type-product","3":"status-publish","5":"product_cat-cocuk-ve-genclik-kitaplari","6":"product_cat-hikayeler","7":"pa_cilt-ciltsiz","8":"pa_tur-kitap","9":"pa_yayinevi-ucanfil-ozel-urun","10":"pa_yazar-ovgu-tahberer-terlec","12":"first","13":"instock","14":"sale","15":"shipping-taxable","16":"purchasable","17":"product-type-simple"},"_links":{"self":[{"href":"https:\/\/roveyayinevi.com.tr\/index.php\/wp-json\/wp\/v2\/product\/750504","targetHints":{"allow":["GET"]}}],"collection":[{"href":"https:\/\/roveyayinevi.com.tr\/index.php\/wp-json\/wp\/v2\/product"}],"about":[{"href":"https:\/\/roveyayinevi.com.tr\/index.php\/wp-json\/wp\/v2\/types\/product"}],"wp:attachment":[{"href":"https:\/\/roveyayinevi.com.tr\/index.php\/wp-json\/wp\/v2\/media?parent=750504"}],"wp:term":[{"taxonomy":"product_brand","embeddable":true,"href":"https:\/\/roveyayinevi.com.tr\/index.php\/wp-json\/wp\/v2\/product_brand?post=750504"},{"taxonomy":"product_cat","embeddable":true,"href":"https:\/\/roveyayinevi.com.tr\/index.php\/wp-json\/wp\/v2\/product_cat?post=750504"},{"taxonomy":"product_tag","embeddable":true,"href":"https:\/\/roveyayinevi.com.tr\/index.php\/wp-json\/wp\/v2\/product_tag?post=750504"}],"curies":[{"name":"wp","href":"https:\/\/api.w.org\/{rel}","templated":true}]}}