{"id":750498,"date":"2025-08-28T04:22:09","date_gmt":"2025-08-28T01:22:09","guid":{"rendered":"https:\/\/roveyayinevi.com.tr\/index.php\/urun\/golge-kardesligi\/"},"modified":"2026-04-16T03:03:42","modified_gmt":"2026-04-16T00:03:42","slug":"golge-kardesligi","status":"publish","type":"product","link":"https:\/\/roveyayinevi.com.tr\/index.php\/urun\/golge-kardesligi\/","title":{"rendered":"G\u00f6lge Karde\u015fli\u011fi"},"content":{"rendered":"<p>Her \u015fey \u00c7\u0131kr\u0131k\u00e7\u0131lar Yoku\u015fu\u2019nda, antikac\u0131  Efraim\u2019den al\u0131nan, o eski foto\u011fraf makinesiyle ba\u015flad\u0131\u2026 O\u011fuz Kara\u00e7ay, antika Vorglander\u2019in i\u00e7inde unutulmu\u015f, \u00e7eyrek y\u00fczy\u0131ll\u0131k bir filmden bas\u0131lan tek kare foto\u011fraf\u0131n, kendisini nerelere s\u00fcr\u00fckleyece\u011fini asla tahmin edemezdi. Foto\u011fraftaki dinsel temal\u0131 garip binada ya\u015fananlar\u0131 \u00f6\u011frenmek ad\u0131na yapt\u0131\u011f\u0131 ara\u015ft\u0131rma, kendisini Toroslardaki o korkun\u00e7 s\u0131rra sahip ya\u015fl\u0131 dervi\u015fe g\u00f6t\u00fcrd\u00fc. Dervi\u015f Salih\u2019in vicdan\u0131na y\u00fckledi\u011fi g\u00f6revse ki\u015fili\u011finin kesin bir metamorfoza u\u011framas\u0131na neden oldu gen\u00e7 adam\u0131n. \u00d6\u011frendi\u011fi ger\u00e7eklerin ard\u0131ndan O\u011fuz Kara\u00e7ay, art\u0131k bamba\u015fka biriydi.  Y\u0131llar s\u00fcren de\u011fi\u015fim ve haz\u0131rl\u0131k d\u00f6neminin ard\u0131ndan, kendisini onlarla m\u00fccadeleye adad\u0131\u011f\u0131 d\u00fc\u015fman; Orta\u00e7a\u011f\u2019da hasta ruhlu bir \u015f\u00f6valye taraf\u0131ndan kurulmu\u015fken, g\u00fcn\u00fcm\u00fczde d\u00fcnyan\u0131n en b\u00fcy\u00fck, en sapk\u0131n ama ayn\u0131 zamanda  en zengin ter\u00f6r \u00f6rg\u00fct\u00fcne evrilmi\u015f, kan ve \u00f6l\u00fcmden olu\u015fan deh\u015fet denizinin sorumlusu G\u00f6lge Karde\u015fli\u011fi\u2019ydi. \u00dcstlendi\u011fi \u00f6l\u00fcmc\u00fcl g\u00f6rev onu \u00f6nce Rodos\u2019a, ard\u0131ndan da Madrid\u2019e s\u00fcr\u00fckledi. Nihayet Toledo\u2019ya ula\u015ft\u0131\u011f\u0131nda, tarihin ya\u015fayan en kanl\u0131 ama en organize tarikat\u0131n\u0131n e\u015fi\u011finden i\u00e7eri ilk ad\u0131m\u0131n\u0131 atmak \u00fczereydi. Bin y\u0131lda, milyonlarca insan\u0131n \u00f6l\u00fcm\u00fcnden sorumlu G\u00f6lge Karde\u015fli\u011fi, bu kadim kentte, sonuna dek a\u00e7\u0131lm\u0131\u015f karanl\u0131k dev bir a\u011f\u0131z gibi gen\u00e7 adam\u0131 bekliyordu\u2026  <\/p>\n","protected":false},"excerpt":{"rendered":"<p>Her \u015fey \u00c7\u0131kr\u0131k\u00e7\u0131lar Yoku\u015fu\u2019nda, antikac\u0131 Efraim\u2019den al\u0131nan, o eski foto\u011fraf makinesiyle ba\u015flad\u0131\u2026 O\u011fuz Kara\u00e7ay, antika Vorglander\u2019in i\u00e7inde unutulmu\u015f, \u00e7eyrek y\u00fczy\u0131ll\u0131k bir filmden bas\u0131lan tek kare foto\u011fraf\u0131n,<span class=\"excerpt-hellip\"> [\u2026]<\/span><\/p>\n","protected":false},"featured_media":0,"template":"","meta":{"_monsterinsights_skip_tracking":false,"_monsterinsights_sitenote_active":false,"_monsterinsights_sitenote_note":"","_monsterinsights_sitenote_category":0},"product_brand":[],"product_cat":[12291,12711],"product_tag":[],"class_list":{"0":"post-750498","1":"product","2":"type-product","3":"status-publish","5":"product_cat-edebiyat","6":"product_cat-roman-oyku","7":"pa_cilt-ciltsiz","8":"pa_tur-kitap","9":"pa_yayinevi-atayurt-yayinlari","10":"pa_yazar-sabit-sumer","12":"first","13":"instock","14":"sale","15":"shipping-taxable","16":"purchasable","17":"product-type-simple"},"_links":{"self":[{"href":"https:\/\/roveyayinevi.com.tr\/index.php\/wp-json\/wp\/v2\/product\/750498","targetHints":{"allow":["GET"]}}],"collection":[{"href":"https:\/\/roveyayinevi.com.tr\/index.php\/wp-json\/wp\/v2\/product"}],"about":[{"href":"https:\/\/roveyayinevi.com.tr\/index.php\/wp-json\/wp\/v2\/types\/product"}],"wp:attachment":[{"href":"https:\/\/roveyayinevi.com.tr\/index.php\/wp-json\/wp\/v2\/media?parent=750498"}],"wp:term":[{"taxonomy":"product_brand","embeddable":true,"href":"https:\/\/roveyayinevi.com.tr\/index.php\/wp-json\/wp\/v2\/product_brand?post=750498"},{"taxonomy":"product_cat","embeddable":true,"href":"https:\/\/roveyayinevi.com.tr\/index.php\/wp-json\/wp\/v2\/product_cat?post=750498"},{"taxonomy":"product_tag","embeddable":true,"href":"https:\/\/roveyayinevi.com.tr\/index.php\/wp-json\/wp\/v2\/product_tag?post=750498"}],"curies":[{"name":"wp","href":"https:\/\/api.w.org\/{rel}","templated":true}]}}