{"id":750497,"date":"2025-08-28T04:22:07","date_gmt":"2025-08-28T01:22:07","guid":{"rendered":"https:\/\/roveyayinevi.com.tr\/index.php\/urun\/soz-de-kalir\/"},"modified":"2026-04-16T03:03:42","modified_gmt":"2026-04-16T00:03:42","slug":"soz-de-kalir","status":"publish","type":"product","link":"https:\/\/roveyayinevi.com.tr\/index.php\/urun\/soz-de-kalir\/","title":{"rendered":"S\u00f6z de Kal\u0131r"},"content":{"rendered":"<p>* Sanat; var olan ile olmas\u0131 gereken aras\u0131ndaki m\u00fccadeledir. * \u0130nsanlar\u0131n \u00e7o\u011fu, kendini ke\u015ffetmeden \u00f6l\u00fcr. \u00c7\u00fcnk\u00fc herkesin \u00f6l\u00fcm\u00fc umdu\u011fundan k\u0131sa olur. * Ku\u015flar \u00f6zg\u00fcr olduklar\u0131 i\u00e7in u\u00e7muyorlar, u\u00e7tuklar\u0131 i\u00e7in \u00f6zg\u00fcrler. <\/p>\n","protected":false},"excerpt":{"rendered":"<p>* Sanat; var olan ile olmas\u0131 gereken aras\u0131ndaki m\u00fccadeledir. * \u0130nsanlar\u0131n \u00e7o\u011fu, kendini ke\u015ffetmeden \u00f6l\u00fcr. \u00c7\u00fcnk\u00fc herkesin \u00f6l\u00fcm\u00fc umdu\u011fundan k\u0131sa olur. * Ku\u015flar \u00f6zg\u00fcr olduklar\u0131 i\u00e7in<span class=\"excerpt-hellip\"> [\u2026]<\/span><\/p>\n","protected":false},"featured_media":0,"template":"","meta":{"_monsterinsights_skip_tracking":false,"_monsterinsights_sitenote_active":false,"_monsterinsights_sitenote_note":"","_monsterinsights_sitenote_category":0},"product_brand":[],"product_cat":[75065,12291],"product_tag":[],"class_list":{"0":"post-750497","1":"product","2":"type-product","3":"status-publish","5":"product_cat-aforizmalar","6":"product_cat-edebiyat","7":"pa_cilt-ciltsiz","8":"pa_tur-kitap","9":"pa_yayinevi-sinirsiz-kitap","10":"pa_yazar-duran-soytoprak","12":"first","13":"instock","14":"sale","15":"shipping-taxable","16":"purchasable","17":"product-type-simple"},"_links":{"self":[{"href":"https:\/\/roveyayinevi.com.tr\/index.php\/wp-json\/wp\/v2\/product\/750497","targetHints":{"allow":["GET"]}}],"collection":[{"href":"https:\/\/roveyayinevi.com.tr\/index.php\/wp-json\/wp\/v2\/product"}],"about":[{"href":"https:\/\/roveyayinevi.com.tr\/index.php\/wp-json\/wp\/v2\/types\/product"}],"wp:attachment":[{"href":"https:\/\/roveyayinevi.com.tr\/index.php\/wp-json\/wp\/v2\/media?parent=750497"}],"wp:term":[{"taxonomy":"product_brand","embeddable":true,"href":"https:\/\/roveyayinevi.com.tr\/index.php\/wp-json\/wp\/v2\/product_brand?post=750497"},{"taxonomy":"product_cat","embeddable":true,"href":"https:\/\/roveyayinevi.com.tr\/index.php\/wp-json\/wp\/v2\/product_cat?post=750497"},{"taxonomy":"product_tag","embeddable":true,"href":"https:\/\/roveyayinevi.com.tr\/index.php\/wp-json\/wp\/v2\/product_tag?post=750497"}],"curies":[{"name":"wp","href":"https:\/\/api.w.org\/{rel}","templated":true}]}}