{"id":750495,"date":"2025-08-28T04:22:04","date_gmt":"2025-08-28T01:22:04","guid":{"rendered":"https:\/\/roveyayinevi.com.tr\/index.php\/urun\/hayallerim-agir-bir-bavul\/"},"modified":"2026-04-16T03:03:42","modified_gmt":"2026-04-16T00:03:42","slug":"hayallerim-agir-bir-bavul","status":"publish","type":"product","link":"https:\/\/roveyayinevi.com.tr\/index.php\/urun\/hayallerim-agir-bir-bavul\/","title":{"rendered":"Hayallerim A\u011f\u0131r Bir Bavul"},"content":{"rendered":"<p>Bu kitap 10 ya\u015f\u0131ndaki bir \u00e7ocu\u011fun hayalleridir. O \u00e7ocu\u011fun hayalleri ne yaz\u0131k ki 45 y\u0131l sonra ancak ger\u00e7ek olabildi. 55 ya\u015f\u0131ndaki benim i\u00e7imde hi\u00e7 b\u00fcy\u00fcmeyen o \u00e7ocuk, bu kitapla b\u00fcy\u00fcyecek ve yar\u0131m kalan bana gelecek. Art\u0131k ben de yar\u0131m kalan beni tamamlam\u0131\u015f olaca\u011f\u0131m. Kitapta yaz\u0131lan \u015fiirler, hik\u00e2yeler biraz 10 ya\u015f\u0131ndaki \u00e7ocu\u011fu, biraz da 55 ya\u015f\u0131ndaki beni anlat\u0131yor.<\/p>\n","protected":false},"excerpt":{"rendered":"<p>Bu kitap 10 ya\u015f\u0131ndaki bir \u00e7ocu\u011fun hayalleridir. O \u00e7ocu\u011fun hayalleri ne yaz\u0131k ki 45 y\u0131l sonra ancak ger\u00e7ek olabildi. 55 ya\u015f\u0131ndaki benim i\u00e7imde hi\u00e7 b\u00fcy\u00fcmeyen o<span class=\"excerpt-hellip\"> [\u2026]<\/span><\/p>\n","protected":false},"featured_media":0,"template":"","meta":{"_monsterinsights_skip_tracking":false,"_monsterinsights_sitenote_active":false,"_monsterinsights_sitenote_note":"","_monsterinsights_sitenote_category":0},"product_brand":[],"product_cat":[12291,12509],"product_tag":[],"class_list":{"0":"post-750495","1":"product","2":"type-product","3":"status-publish","5":"product_cat-edebiyat","6":"product_cat-siir","7":"pa_cilt-ciltsiz","8":"pa_tur-kitap","9":"pa_yayinevi-luna-yayinlari","10":"pa_yazar-serpil-demirel","12":"first","13":"instock","14":"sale","15":"shipping-taxable","16":"purchasable","17":"product-type-simple"},"_links":{"self":[{"href":"https:\/\/roveyayinevi.com.tr\/index.php\/wp-json\/wp\/v2\/product\/750495","targetHints":{"allow":["GET"]}}],"collection":[{"href":"https:\/\/roveyayinevi.com.tr\/index.php\/wp-json\/wp\/v2\/product"}],"about":[{"href":"https:\/\/roveyayinevi.com.tr\/index.php\/wp-json\/wp\/v2\/types\/product"}],"wp:attachment":[{"href":"https:\/\/roveyayinevi.com.tr\/index.php\/wp-json\/wp\/v2\/media?parent=750495"}],"wp:term":[{"taxonomy":"product_brand","embeddable":true,"href":"https:\/\/roveyayinevi.com.tr\/index.php\/wp-json\/wp\/v2\/product_brand?post=750495"},{"taxonomy":"product_cat","embeddable":true,"href":"https:\/\/roveyayinevi.com.tr\/index.php\/wp-json\/wp\/v2\/product_cat?post=750495"},{"taxonomy":"product_tag","embeddable":true,"href":"https:\/\/roveyayinevi.com.tr\/index.php\/wp-json\/wp\/v2\/product_tag?post=750495"}],"curies":[{"name":"wp","href":"https:\/\/api.w.org\/{rel}","templated":true}]}}