{"id":750494,"date":"2025-08-28T04:22:02","date_gmt":"2025-08-28T01:22:02","guid":{"rendered":"https:\/\/roveyayinevi.com.tr\/index.php\/urun\/bakla-fali\/"},"modified":"2026-04-16T03:03:42","modified_gmt":"2026-04-16T00:03:42","slug":"bakla-fali","status":"publish","type":"product","link":"https:\/\/roveyayinevi.com.tr\/index.php\/urun\/bakla-fali\/","title":{"rendered":"Bakla Fal\u0131"},"content":{"rendered":"<p>Tan\u0131d\u0131k kahramanlar&#8230; Hepsi yan\u0131 ba\u015f\u0131m\u0131zda sanki. Ve yan\u0131 ba\u015f\u0131m\u0131zdakiler kadar uzak her biri. Uzun hik\u00e2yelerin k\u0131sa kesitleri, bir d\u00fc\u015f gibi ak\u0131p ge\u00e7iyor okurun g\u00f6zlerinin \u00f6n\u00fcnden. Yaln\u0131zl\u0131k, aidiyetsizlik, yorgunluk gibi kavramlar, ya\u015fam\u0131n do\u011fal ak\u0131c\u0131l\u0131\u011f\u0131nda, abart\u0131s\u0131z sunuluyor okura. Her bir \u00f6yk\u00fcde okur, ba\u015fka bir y\u00fczle\u015fmenin kar\u015f\u0131s\u0131nda buluyor kendini.   Duyulanlar sadece \u00f6yk\u00fc kahramanlar\u0131n\u0131n sesi de\u011fil! Her okurun kendi i\u00e7 sesi&#8230;   *** \u0130\u00e7imde k\u0131rm\u0131z\u0131 bir \u00f6fke balonu patl\u0131yor. Elimde t\u0131rt\u0131kl\u0131 b\u0131\u00e7ak, annemden deniz kabuklar\u0131 yap\u0131yorum. <\/p>\n","protected":false},"excerpt":{"rendered":"<p>Tan\u0131d\u0131k kahramanlar&#8230; Hepsi yan\u0131 ba\u015f\u0131m\u0131zda sanki. Ve yan\u0131 ba\u015f\u0131m\u0131zdakiler kadar uzak her biri. Uzun hik\u00e2yelerin k\u0131sa kesitleri, bir d\u00fc\u015f gibi ak\u0131p ge\u00e7iyor okurun g\u00f6zlerinin \u00f6n\u00fcnden. Yaln\u0131zl\u0131k,<span class=\"excerpt-hellip\"> [\u2026]<\/span><\/p>\n","protected":false},"featured_media":0,"template":"","meta":{"_monsterinsights_skip_tracking":false,"_monsterinsights_sitenote_active":false,"_monsterinsights_sitenote_note":"","_monsterinsights_sitenote_category":0},"product_brand":[],"product_cat":[12291,18202],"product_tag":[],"class_list":{"0":"post-750494","1":"product","2":"type-product","3":"status-publish","5":"product_cat-edebiyat","6":"product_cat-hikaye","7":"pa_cilt-ciltsiz","8":"pa_tur-kitap","9":"pa_yayinevi-luna-yayinlari","10":"pa_yazar-meral-saylar","12":"first","13":"instock","14":"sale","15":"shipping-taxable","16":"purchasable","17":"product-type-simple"},"_links":{"self":[{"href":"https:\/\/roveyayinevi.com.tr\/index.php\/wp-json\/wp\/v2\/product\/750494","targetHints":{"allow":["GET"]}}],"collection":[{"href":"https:\/\/roveyayinevi.com.tr\/index.php\/wp-json\/wp\/v2\/product"}],"about":[{"href":"https:\/\/roveyayinevi.com.tr\/index.php\/wp-json\/wp\/v2\/types\/product"}],"wp:attachment":[{"href":"https:\/\/roveyayinevi.com.tr\/index.php\/wp-json\/wp\/v2\/media?parent=750494"}],"wp:term":[{"taxonomy":"product_brand","embeddable":true,"href":"https:\/\/roveyayinevi.com.tr\/index.php\/wp-json\/wp\/v2\/product_brand?post=750494"},{"taxonomy":"product_cat","embeddable":true,"href":"https:\/\/roveyayinevi.com.tr\/index.php\/wp-json\/wp\/v2\/product_cat?post=750494"},{"taxonomy":"product_tag","embeddable":true,"href":"https:\/\/roveyayinevi.com.tr\/index.php\/wp-json\/wp\/v2\/product_tag?post=750494"}],"curies":[{"name":"wp","href":"https:\/\/api.w.org\/{rel}","templated":true}]}}