{"id":750493,"date":"2025-08-28T04:22:00","date_gmt":"2025-08-28T01:22:00","guid":{"rendered":"https:\/\/roveyayinevi.com.tr\/index.php\/urun\/benim-bir-sorunum-var\/"},"modified":"2026-04-16T03:03:42","modified_gmt":"2026-04-16T00:03:42","slug":"benim-bir-sorunum-var","status":"publish","type":"product","link":"https:\/\/roveyayinevi.com.tr\/index.php\/urun\/benim-bir-sorunum-var\/","title":{"rendered":"Benim Bir Sorunum Var"},"content":{"rendered":"<p>Bazen k\u00fc\u00e7\u00fck bir sorun, baz\u0131lar\u0131 i\u00e7in \u00e7ok B\u00dcY\u00dcKt\u00fcr. Bazense b\u00fcy\u00fck san\u0131lan bir sorun, kolayl\u0131kla \u00e7\u00f6z\u00fcl\u00fcr. Moni\u2019nin ger\u00e7ekten bir sorunu var. Onun ba\u015f\u0131 \u00e7oraplar\u0131yla B\u00dcY\u00dcK dertte! Ya da g\u00f6remedi\u011fi ba\u015fka sorunlar\u0131 var! Da\u011f\u0131n\u0131k bir oda gibi\u2026 *** Sorumluluklar\u0131 bilmek ve \u00fcst\u00fcne d\u00fc\u015feni yapmak \u00fczerine, e\u011flenceli bir hik\u00e2ye!<\/p>\n","protected":false},"excerpt":{"rendered":"<p>Bazen k\u00fc\u00e7\u00fck bir sorun, baz\u0131lar\u0131 i\u00e7in \u00e7ok B\u00dcY\u00dcKt\u00fcr. Bazense b\u00fcy\u00fck san\u0131lan bir sorun, kolayl\u0131kla \u00e7\u00f6z\u00fcl\u00fcr. Moni\u2019nin ger\u00e7ekten bir sorunu var. Onun ba\u015f\u0131 \u00e7oraplar\u0131yla B\u00dcY\u00dcK dertte! Ya<span class=\"excerpt-hellip\"> [\u2026]<\/span><\/p>\n","protected":false},"featured_media":0,"template":"","meta":{"_monsterinsights_skip_tracking":false,"_monsterinsights_sitenote_active":false,"_monsterinsights_sitenote_note":"","_monsterinsights_sitenote_category":0},"product_brand":[],"product_cat":[12274,12284],"product_tag":[],"class_list":{"0":"post-750493","1":"product","2":"type-product","3":"status-publish","5":"product_cat-cocuk-ve-genclik-kitaplari","6":"product_cat-hikayeler","7":"pa_cilt-ciltsiz","8":"pa_tur-kitap","9":"pa_yayinevi-luna-cocuk-yayinlari","10":"pa_yazar-yasemen-ekmekci","12":"first","13":"instock","14":"sale","15":"shipping-taxable","16":"purchasable","17":"product-type-simple"},"_links":{"self":[{"href":"https:\/\/roveyayinevi.com.tr\/index.php\/wp-json\/wp\/v2\/product\/750493","targetHints":{"allow":["GET"]}}],"collection":[{"href":"https:\/\/roveyayinevi.com.tr\/index.php\/wp-json\/wp\/v2\/product"}],"about":[{"href":"https:\/\/roveyayinevi.com.tr\/index.php\/wp-json\/wp\/v2\/types\/product"}],"wp:attachment":[{"href":"https:\/\/roveyayinevi.com.tr\/index.php\/wp-json\/wp\/v2\/media?parent=750493"}],"wp:term":[{"taxonomy":"product_brand","embeddable":true,"href":"https:\/\/roveyayinevi.com.tr\/index.php\/wp-json\/wp\/v2\/product_brand?post=750493"},{"taxonomy":"product_cat","embeddable":true,"href":"https:\/\/roveyayinevi.com.tr\/index.php\/wp-json\/wp\/v2\/product_cat?post=750493"},{"taxonomy":"product_tag","embeddable":true,"href":"https:\/\/roveyayinevi.com.tr\/index.php\/wp-json\/wp\/v2\/product_tag?post=750493"}],"curies":[{"name":"wp","href":"https:\/\/api.w.org\/{rel}","templated":true}]}}