{"id":750491,"date":"2025-08-28T04:21:58","date_gmt":"2025-08-28T01:21:58","guid":{"rendered":"https:\/\/roveyayinevi.com.tr\/index.php\/urun\/samanin-ruyasi-kehaneti\/"},"modified":"2026-04-16T03:03:42","modified_gmt":"2026-04-16T00:03:42","slug":"samanin-ruyasi-kehaneti","status":"publish","type":"product","link":"https:\/\/roveyayinevi.com.tr\/index.php\/urun\/samanin-ruyasi-kehaneti\/","title":{"rendered":"\u015eaman\u2019\u0131n R\u00fcyas\u0131 Kehaneti"},"content":{"rendered":"<p>64 Kartl\u0131k Deste ve Rehber Kitap.   Hepimiz du\u0308nyay\u0131 du\u0308\u015fleyerek var eden kutsal ru\u0308yac\u0131lar\u0131z. \u2014Sizin ru\u0308yan\u0131z ne olacak?   \u015eaman\u2019\u0131n ru\u0308yas\u0131 kehaneti, usta \u00f6\u011fretmenler Alberto Villoldo ile Colette Baron-Reid aras\u0131ndaki gu\u0308\u00e7lu\u0308 bir i\u015fbirli\u011finin u\u0308ru\u0308nu\u0308du\u0308r. \u00c7izimler ve i\u00e7g\u00f6ru\u0308ler \u015faman arketiplerinin ve sihrinin ru\u0308ya du\u0308nyas\u0131na dayanmakla birlikte yeni ve \u00e7a\u011fda\u015f yorumlar da sunmaktad\u0131r. Efsanevi manzaralar ve spiritu\u0308el varl\u0131klar ke\u015ffedecek ve bu kutsal \u00e2lemin uyan\u0131k du\u0308nyam\u0131zdaki deneyimlerimizi nas\u0131l \u015fekillendi\u011fini anlayacaks\u0131n\u0131z. Bu kehanet size, ru\u0308ya sahnelerinizin du\u0308nyan\u0131z\u0131n yarat\u0131lmas\u0131na ortak olman\u0131z ve en de\u011ferli niyetlerinizi ger\u00e7ekle\u015ftirmeniz i\u00e7in rehber oldu\u011funu g\u00f6sterecektir. <\/p>\n","protected":false},"excerpt":{"rendered":"<p>64 Kartl\u0131k Deste ve Rehber Kitap. Hepimiz du\u0308nyay\u0131 du\u0308\u015fleyerek var eden kutsal ru\u0308yac\u0131lar\u0131z. \u2014Sizin ru\u0308yan\u0131z ne olacak? \u015eaman\u2019\u0131n ru\u0308yas\u0131 kehaneti, usta \u00f6\u011fretmenler Alberto Villoldo ile Colette<span class=\"excerpt-hellip\"> [\u2026]<\/span><\/p>\n","protected":false},"featured_media":0,"template":"","meta":{"_monsterinsights_skip_tracking":false,"_monsterinsights_sitenote_active":false,"_monsterinsights_sitenote_note":"","_monsterinsights_sitenote_category":0},"product_brand":[],"product_cat":[18082,15563],"product_tag":[],"class_list":{"0":"post-750491","1":"product","2":"type-product","3":"status-publish","5":"product_cat-astroloji-fal-ruya","6":"product_cat-hobi","7":"pa_cilt-ciltsiz","8":"pa_tur-kitap","9":"pa_yayinevi-butik-yayinlari","10":"pa_yazar-alberto-villoldo-colette-baron-reid","12":"first","13":"instock","14":"sale","15":"shipping-taxable","16":"purchasable","17":"product-type-simple"},"_links":{"self":[{"href":"https:\/\/roveyayinevi.com.tr\/index.php\/wp-json\/wp\/v2\/product\/750491","targetHints":{"allow":["GET"]}}],"collection":[{"href":"https:\/\/roveyayinevi.com.tr\/index.php\/wp-json\/wp\/v2\/product"}],"about":[{"href":"https:\/\/roveyayinevi.com.tr\/index.php\/wp-json\/wp\/v2\/types\/product"}],"wp:attachment":[{"href":"https:\/\/roveyayinevi.com.tr\/index.php\/wp-json\/wp\/v2\/media?parent=750491"}],"wp:term":[{"taxonomy":"product_brand","embeddable":true,"href":"https:\/\/roveyayinevi.com.tr\/index.php\/wp-json\/wp\/v2\/product_brand?post=750491"},{"taxonomy":"product_cat","embeddable":true,"href":"https:\/\/roveyayinevi.com.tr\/index.php\/wp-json\/wp\/v2\/product_cat?post=750491"},{"taxonomy":"product_tag","embeddable":true,"href":"https:\/\/roveyayinevi.com.tr\/index.php\/wp-json\/wp\/v2\/product_tag?post=750491"}],"curies":[{"name":"wp","href":"https:\/\/api.w.org\/{rel}","templated":true}]}}