{"id":750490,"date":"2025-08-28T04:21:57","date_gmt":"2025-08-28T01:21:57","guid":{"rendered":"https:\/\/roveyayinevi.com.tr\/index.php\/urun\/tepekoy-hoyuk-1\/"},"modified":"2026-04-16T03:03:42","modified_gmt":"2026-04-16T00:03:42","slug":"tepekoy-hoyuk-1","status":"publish","type":"product","link":"https:\/\/roveyayinevi.com.tr\/index.php\/urun\/tepekoy-hoyuk-1\/","title":{"rendered":"Tepek\u00f6y H\u00f6y\u00fck 1"},"content":{"rendered":"<p>Mu\u015f \u0130li, Varto \u0130l\u00e7esine ba\u011fl\u0131 Tepek\u00f6y K\u00f6y\u00fc i\u00e7inde yer alan ve g\u00fcn\u00fcm\u00fczde Alpaslan II Baraj\u0131 sular\u0131 alt\u0131nda kalan Tepek\u00f6y H\u00f6y\u00fck\u2019te yap\u0131lan kurtarma kaz\u0131lar\u0131 do\u011frultusunda haz\u0131rlanm\u0131\u015ft\u0131r. Alanlar\u0131nda uzman bilim insanlar\u0131n\u0131n katk\u0131lar\u0131yla haz\u0131rlanan h\u00f6y\u00fck serinin ilk \u00e7al\u0131\u015fmas\u0131 olan bu eser; yerle\u015fimde ortaya \u00e7\u0131kar\u0131lan Erken Tun\u00e7 \u00c7a\u011f\u0131 tabakas\u0131n\u0131 ayr\u0131nt\u0131lar\u0131 ile ele almaktad\u0131r. Keza bu eser Do\u011fu Anadolu arkeolojisi i\u00e7in olduk\u00e7a \u00f6nemli verileri sunmakla birlikte, bahsi ge\u00e7en d\u00f6nemin sorunsallar\u0131na da cevap vermektedir.<\/p>\n","protected":false},"excerpt":{"rendered":"<p>Mu\u015f \u0130li, Varto \u0130l\u00e7esine ba\u011fl\u0131 Tepek\u00f6y K\u00f6y\u00fc i\u00e7inde yer alan ve g\u00fcn\u00fcm\u00fczde Alpaslan II Baraj\u0131 sular\u0131 alt\u0131nda kalan Tepek\u00f6y H\u00f6y\u00fck\u2019te yap\u0131lan kurtarma kaz\u0131lar\u0131 do\u011frultusunda haz\u0131rlanm\u0131\u015ft\u0131r. Alanlar\u0131nda<span class=\"excerpt-hellip\"> [\u2026]<\/span><\/p>\n","protected":false},"featured_media":0,"template":"","meta":{"_monsterinsights_skip_tracking":false,"_monsterinsights_sitenote_active":false,"_monsterinsights_sitenote_note":"","_monsterinsights_sitenote_category":0},"product_brand":[],"product_cat":[52477,52478],"product_tag":[],"class_list":{"0":"post-750490","1":"product","2":"type-product","3":"status-publish","5":"product_cat-arastirma","6":"product_cat-arkeoloji","7":"pa_cilt-ciltli","8":"pa_tur-kitap","9":"pa_yayinevi-bilgin-kultur-sanat","10":"pa_yazar-sabahattin-erdogan-yunus-ciftci-mikail-ercek","12":"first","13":"instock","14":"sale","15":"shipping-taxable","16":"purchasable","17":"product-type-simple"},"_links":{"self":[{"href":"https:\/\/roveyayinevi.com.tr\/index.php\/wp-json\/wp\/v2\/product\/750490","targetHints":{"allow":["GET"]}}],"collection":[{"href":"https:\/\/roveyayinevi.com.tr\/index.php\/wp-json\/wp\/v2\/product"}],"about":[{"href":"https:\/\/roveyayinevi.com.tr\/index.php\/wp-json\/wp\/v2\/types\/product"}],"wp:attachment":[{"href":"https:\/\/roveyayinevi.com.tr\/index.php\/wp-json\/wp\/v2\/media?parent=750490"}],"wp:term":[{"taxonomy":"product_brand","embeddable":true,"href":"https:\/\/roveyayinevi.com.tr\/index.php\/wp-json\/wp\/v2\/product_brand?post=750490"},{"taxonomy":"product_cat","embeddable":true,"href":"https:\/\/roveyayinevi.com.tr\/index.php\/wp-json\/wp\/v2\/product_cat?post=750490"},{"taxonomy":"product_tag","embeddable":true,"href":"https:\/\/roveyayinevi.com.tr\/index.php\/wp-json\/wp\/v2\/product_tag?post=750490"}],"curies":[{"name":"wp","href":"https:\/\/api.w.org\/{rel}","templated":true}]}}