{"id":750488,"date":"2025-08-28T04:21:55","date_gmt":"2025-08-28T01:21:55","guid":{"rendered":"https:\/\/roveyayinevi.com.tr\/index.php\/urun\/profesor-arsene-wenger-ciltli\/"},"modified":"2026-04-16T03:03:41","modified_gmt":"2026-04-16T00:03:41","slug":"profesor-arsene-wenger-ciltli","status":"publish","type":"product","link":"https:\/\/roveyayinevi.com.tr\/index.php\/urun\/profesor-arsene-wenger-ciltli\/","title":{"rendered":"Profes\u00f6r Arsene Wenger (Ciltli)"},"content":{"rendered":"<p>Ars\u00e8ne Wenger: ma\u00e7larda nadiren birden fazla gol atabilen Arsenal\u2019\u0131n kaderini kendine has y\u00f6ntemleriyle de\u011fi\u015ftiren futbol adam\u0131. Britanya d\u0131\u015f\u0131ndan olup \u0130ngiltere\u2019de hedefledi\u011fi nama\u011flup \u015fampiyonlu\u011fu kazanan ilk teknik direkt\u00f6r unvan\u0131n\u0131 elde etmesinin yan\u0131nda, tak\u0131m\u0131n\u0131n ayn\u0131 sezon Federasyon Kupas\u0131\u2019n\u0131 da kazan\u0131p tarihi bir duble yapmas\u0131n\u0131 sa\u011flayarak \u0130ngiliz futbol tarihinde tekrarlanmas\u0131 zor ba\u015far\u0131lara imza att\u0131. Teknik direkt\u00f6rl\u00fck kariyerinin ard\u0131ndan FIFA K\u00fcresel Futbol Geli\u015fim Direkt\u00f6r\u00fc olarak futbol d\u00fcnyas\u0131na hayat\u0131n\u0131 adad\u0131 ve \u201cy\u0131ld\u0131z teknik direkt\u00f6rler \u00e7a\u011f\u0131\u201d \u015feklinde tan\u0131mlanabilecek d\u00f6nemin \u00f6nemli fig\u00fcrlerinden biri oldu. Profes\u00f6r Ars\u00e8ne Wenger ; teknik direkt\u00f6r\u00fcn Alsace\u2019taki \u00e7ocuklu\u011funu, futbolculuk d\u00f6nemini ve teknik direkt\u00f6rl\u00fck kariyeri ile \u00f6zellikle futbol camias\u0131nda y\u0131ld\u0131z\u0131n\u0131n parlamas\u0131n\u0131 sa\u011flayan Arsenal g\u00fcnlerini ele al\u0131yor. Kalem oynatt\u0131\u011f\u0131 sayg\u0131n bas\u0131n organlar\u0131 sayesinde d\u00fcnyan\u0131n d\u00f6rt bir yan\u0131ndan okurlara seslenen spor camias\u0131n\u0131n yetkin ismi Xavier Rivoire, hem Fransa\u2019dan hem de \u0130ngiltere\u2019den Wenger\u2019in kariyerinin farkl\u0131 d\u00f6nemlerindeki elliye yak\u0131n ismin tan\u0131kl\u0131\u011f\u0131na ba\u015fvurarak \u00e7ok say\u0131da bak\u0131\u015f a\u00e7\u0131s\u0131n\u0131 bir araya getirip onu yak\u0131ndan tan\u0131mam\u0131z\u0131 sa\u011fl\u0131yor.  <\/p>\n","protected":false},"excerpt":{"rendered":"<p>Ars\u00e8ne Wenger: ma\u00e7larda nadiren birden fazla gol atabilen Arsenal\u2019\u0131n kaderini kendine has y\u00f6ntemleriyle de\u011fi\u015ftiren futbol adam\u0131. Britanya d\u0131\u015f\u0131ndan olup \u0130ngiltere\u2019de hedefledi\u011fi nama\u011flup \u015fampiyonlu\u011fu kazanan ilk teknik<span class=\"excerpt-hellip\"> [\u2026]<\/span><\/p>\n","protected":false},"featured_media":0,"template":"","meta":{"_monsterinsights_skip_tracking":false,"_monsterinsights_sitenote_active":false,"_monsterinsights_sitenote_note":"","_monsterinsights_sitenote_category":0},"product_brand":[],"product_cat":[14009,12291],"product_tag":[],"class_list":{"0":"post-750488","1":"product","2":"type-product","3":"status-publish","5":"product_cat-biyografi-otobiyografi-edebiyat","6":"product_cat-edebiyat","7":"pa_cilt-ciltli","8":"pa_tur-kitap","9":"pa_yayinevi-indigo-kitap","10":"pa_yazar-xavier-rivoire","12":"first","13":"instock","14":"sale","15":"shipping-taxable","16":"purchasable","17":"product-type-simple"},"_links":{"self":[{"href":"https:\/\/roveyayinevi.com.tr\/index.php\/wp-json\/wp\/v2\/product\/750488","targetHints":{"allow":["GET"]}}],"collection":[{"href":"https:\/\/roveyayinevi.com.tr\/index.php\/wp-json\/wp\/v2\/product"}],"about":[{"href":"https:\/\/roveyayinevi.com.tr\/index.php\/wp-json\/wp\/v2\/types\/product"}],"wp:attachment":[{"href":"https:\/\/roveyayinevi.com.tr\/index.php\/wp-json\/wp\/v2\/media?parent=750488"}],"wp:term":[{"taxonomy":"product_brand","embeddable":true,"href":"https:\/\/roveyayinevi.com.tr\/index.php\/wp-json\/wp\/v2\/product_brand?post=750488"},{"taxonomy":"product_cat","embeddable":true,"href":"https:\/\/roveyayinevi.com.tr\/index.php\/wp-json\/wp\/v2\/product_cat?post=750488"},{"taxonomy":"product_tag","embeddable":true,"href":"https:\/\/roveyayinevi.com.tr\/index.php\/wp-json\/wp\/v2\/product_tag?post=750488"}],"curies":[{"name":"wp","href":"https:\/\/api.w.org\/{rel}","templated":true}]}}