{"id":750486,"date":"2025-08-28T04:21:52","date_gmt":"2025-08-28T01:21:52","guid":{"rendered":"https:\/\/roveyayinevi.com.tr\/index.php\/urun\/beden-ve-anlam\/"},"modified":"2026-04-16T03:03:41","modified_gmt":"2026-04-16T00:03:41","slug":"beden-ve-anlam","status":"publish","type":"product","link":"https:\/\/roveyayinevi.com.tr\/index.php\/urun\/beden-ve-anlam\/","title":{"rendered":"Beden ve Anlam"},"content":{"rendered":"<p>\u00c7a\u011f\u0131m\u0131z\u0131n d\u00fc\u015f\u00fcncesi ve k\u00fclt\u00fcrel \u00f6geleri, beden ve anlama dair farkl\u0131 kavram ve kabulleri i\u00e7ermekte, bu kavramlar \u00fczerinden d\u00fcnya ile ili\u015fkimizi yeniden tan\u0131mlamakta, k\u00fclt\u00fcrel kodlar\u0131m\u0131z bu kabuller \u00e7er\u00e7evesinde yeniden \u00fcretilmektedir. Beden ve anlam, bir ba\u015fka deyi\u015fle madde ve mana, birbirinden ayr\u0131 d\u00fcnyalara ait iki varl\u0131k t\u00fcr\u00fc olarak kabul g\u00f6rm\u00fc\u015fken \u00e7a\u011fda\u015f anlam tart\u0131\u015fmalar\u0131, bedenin anlam\u0131n olu\u015fumundaki rol\u00fcne vurgu yaparak, beden ve anlam ili\u015fkisini kuran yeni bir \u00e7er\u00e7eve olu\u015fturmu\u015flar ve bedeni tart\u0131\u015fman\u0131n merkezine koymu\u015flard\u0131r. Aysun Ayd\u0131n\u2019\u0131n edit\u00f6rl\u00fc\u011f\u00fcnde kitapla\u015fan Beden ve Anlam, bir problem olarak bedeni ve anlam\u0131 tart\u0131\u015fan, \u00f6zellikle bedenin ve anlam\u0131n birlikte ele al\u0131n\u0131\u015f\u0131n\u0131 felsefi ve sosyolojik ba\u011flamda konu edinen makalelerden olu\u015fmaktad\u0131r. Beden ve anlam aras\u0131ndaki ili\u015fkinin i\u00e7sel ya da d\u0131\u015fsal olarak tan\u0131mlanmas\u0131; anlam\u0131n bedensel ya da bedene i\u00e7kin olmas\u0131; anlam\u0131n bedensel temas olarak yorumlanmas\u0131; anlam\u0131n bedenin kar\u015f\u0131s\u0131nda ya da bedenden yal\u0131t\u0131lm\u0131\u015f bir \u015fekilde konumland\u0131r\u0131lmas\u0131; beden \u00fczerine in\u015fa edilen toplumsal, ideolojik, k\u00fclt\u00fcrel ve tarihsel anlamlar ve bedeni bi\u00e7imlendiren anlamlar; bedenin mek\u00e2nla ve bulundu\u011fu mek\u00e2na ba\u011fl\u0131 olarak ortaya \u00e7\u0131kan anlamlarla ili\u015fkisi; bedenin mek\u00e2nsall\u0131\u011f\u0131n\u0131n anlamdaki ifadesi; bedenin ya\u015famsall\u0131\u011f\u0131 ve \u00f6l\u00fcmle ili\u015fkisinin anlam\u0131 \u015feklinde s\u0131ralayabilece\u011fimiz sorun ve konular, \u00e7al\u0131\u015fman\u0131n oda\u011f\u0131n\u0131 olu\u015fturmaktad\u0131r. <\/p>\n","protected":false},"excerpt":{"rendered":"<p>\u00c7a\u011f\u0131m\u0131z\u0131n d\u00fc\u015f\u00fcncesi ve k\u00fclt\u00fcrel \u00f6geleri, beden ve anlama dair farkl\u0131 kavram ve kabulleri i\u00e7ermekte, bu kavramlar \u00fczerinden d\u00fcnya ile ili\u015fkimizi yeniden tan\u0131mlamakta, k\u00fclt\u00fcrel kodlar\u0131m\u0131z bu kabuller<span class=\"excerpt-hellip\"> [\u2026]<\/span><\/p>\n","protected":false},"featured_media":0,"template":"","meta":{"_monsterinsights_skip_tracking":false,"_monsterinsights_sitenote_active":false,"_monsterinsights_sitenote_note":"","_monsterinsights_sitenote_category":0},"product_brand":[],"product_cat":[12388],"product_tag":[],"class_list":{"0":"post-750486","1":"product","2":"type-product","3":"status-publish","5":"product_cat-felsefe","6":"pa_cilt-ciltsiz","7":"pa_tur-kitap","8":"pa_yayinevi-vakifbank-kultur-yayinlari","9":"pa_yazar-kolektif","11":"first","12":"instock","13":"sale","14":"shipping-taxable","15":"purchasable","16":"product-type-simple"},"_links":{"self":[{"href":"https:\/\/roveyayinevi.com.tr\/index.php\/wp-json\/wp\/v2\/product\/750486","targetHints":{"allow":["GET"]}}],"collection":[{"href":"https:\/\/roveyayinevi.com.tr\/index.php\/wp-json\/wp\/v2\/product"}],"about":[{"href":"https:\/\/roveyayinevi.com.tr\/index.php\/wp-json\/wp\/v2\/types\/product"}],"wp:attachment":[{"href":"https:\/\/roveyayinevi.com.tr\/index.php\/wp-json\/wp\/v2\/media?parent=750486"}],"wp:term":[{"taxonomy":"product_brand","embeddable":true,"href":"https:\/\/roveyayinevi.com.tr\/index.php\/wp-json\/wp\/v2\/product_brand?post=750486"},{"taxonomy":"product_cat","embeddable":true,"href":"https:\/\/roveyayinevi.com.tr\/index.php\/wp-json\/wp\/v2\/product_cat?post=750486"},{"taxonomy":"product_tag","embeddable":true,"href":"https:\/\/roveyayinevi.com.tr\/index.php\/wp-json\/wp\/v2\/product_tag?post=750486"}],"curies":[{"name":"wp","href":"https:\/\/api.w.org\/{rel}","templated":true}]}}