{"id":750485,"date":"2025-08-28T04:21:51","date_gmt":"2025-08-28T01:21:51","guid":{"rendered":"https:\/\/roveyayinevi.com.tr\/index.php\/urun\/yaldizli-tarot-royal\/"},"modified":"2026-04-16T03:03:41","modified_gmt":"2026-04-16T00:03:41","slug":"yaldizli-tarot-royal","status":"publish","type":"product","link":"https:\/\/roveyayinevi.com.tr\/index.php\/urun\/yaldizli-tarot-royal\/","title":{"rendered":"Yald\u0131zl\u0131 Tarot Royal"},"content":{"rendered":"<p>78 Kartl\u0131k Deste ve Rehber Kitap.   Muhte\u015fem Bir Sihir ve Mucize Tarotu   Her kart\u0131n \u00e7er\u00e7evesiz ve gu\u0308nu\u0308mu\u0308ze uygun, \u015f\u0131k bir \u015fekilde tasarland\u0131\u011f\u0131 Yald\u0131zl\u0131 Tarot, bu destenin \u00f6zgu\u0308nlu\u0308\u011fu\u0308nu\u0308 yeni bir sanatsal co\u015fkunun ve kehanet gu\u0308cu\u0308nu\u0308n doruklar\u0131na yu\u0308kseltiyor. Destenin ebedi sanatsall\u0131\u011f\u0131, onun sihrini hayat\u0131n\u0131za dokuyan spiritu\u0308el enerjiyi ke\u015ffetmeye davet ediyor sizi. Sanat\u00e7\u0131 Ciro Marchetti\u2019nin Tarot sembolizmini ve arketiplerini resmeden g\u00f6rsel yorumlar\u0131 kaderin a\u00e7\u0131l\u0131mlar\u0131 konusunda de\u011ferli perspektifler sunuyor. <\/p>\n","protected":false},"excerpt":{"rendered":"<p>78 Kartl\u0131k Deste ve Rehber Kitap. Muhte\u015fem Bir Sihir ve Mucize Tarotu Her kart\u0131n \u00e7er\u00e7evesiz ve gu\u0308nu\u0308mu\u0308ze uygun, \u015f\u0131k bir \u015fekilde tasarland\u0131\u011f\u0131 Yald\u0131zl\u0131 Tarot, bu destenin<span class=\"excerpt-hellip\"> [\u2026]<\/span><\/p>\n","protected":false},"featured_media":0,"template":"","meta":{"_monsterinsights_skip_tracking":false,"_monsterinsights_sitenote_active":false,"_monsterinsights_sitenote_note":"","_monsterinsights_sitenote_category":0},"product_brand":[],"product_cat":[18082,15563],"product_tag":[],"class_list":{"0":"post-750485","1":"product","2":"type-product","3":"status-publish","5":"product_cat-astroloji-fal-ruya","6":"product_cat-hobi","7":"pa_cilt-ciltsiz","8":"pa_tur-kitap","9":"pa_yayinevi-butik-yayinlari","10":"pa_yazar-barbara-moore","12":"first","13":"instock","14":"sale","15":"shipping-taxable","16":"purchasable","17":"product-type-simple"},"_links":{"self":[{"href":"https:\/\/roveyayinevi.com.tr\/index.php\/wp-json\/wp\/v2\/product\/750485","targetHints":{"allow":["GET"]}}],"collection":[{"href":"https:\/\/roveyayinevi.com.tr\/index.php\/wp-json\/wp\/v2\/product"}],"about":[{"href":"https:\/\/roveyayinevi.com.tr\/index.php\/wp-json\/wp\/v2\/types\/product"}],"wp:attachment":[{"href":"https:\/\/roveyayinevi.com.tr\/index.php\/wp-json\/wp\/v2\/media?parent=750485"}],"wp:term":[{"taxonomy":"product_brand","embeddable":true,"href":"https:\/\/roveyayinevi.com.tr\/index.php\/wp-json\/wp\/v2\/product_brand?post=750485"},{"taxonomy":"product_cat","embeddable":true,"href":"https:\/\/roveyayinevi.com.tr\/index.php\/wp-json\/wp\/v2\/product_cat?post=750485"},{"taxonomy":"product_tag","embeddable":true,"href":"https:\/\/roveyayinevi.com.tr\/index.php\/wp-json\/wp\/v2\/product_tag?post=750485"}],"curies":[{"name":"wp","href":"https:\/\/api.w.org\/{rel}","templated":true}]}}