{"id":750483,"date":"2025-08-28T04:21:49","date_gmt":"2025-08-28T01:21:49","guid":{"rendered":"https:\/\/roveyayinevi.com.tr\/index.php\/urun\/is-contemporary-art-a-fraud-or-a-truth-avelina-lesper-analysis\/"},"modified":"2026-04-16T03:03:41","modified_gmt":"2026-04-16T00:03:41","slug":"is-contemporary-art-a-fraud-or-a-truth-avelina-lesper-analysis","status":"publish","type":"product","link":"https:\/\/roveyayinevi.com.tr\/index.php\/urun\/is-contemporary-art-a-fraud-or-a-truth-avelina-lesper-analysis\/","title":{"rendered":"Is Contemporary Art a Fraud or a Truth? Avelina Lesper Analysis"},"content":{"rendered":"<p>In this book, the author provides interpretations of the contemporary art criticism of the critic Avelina Lesper from her own perspective. She offers various evaluations by stating the points she thinks differently. He opposes the reference of all kinds of problematics in the art environment to Marcel Duchamp, who is the harsh child of the Ecole des Beaux-Arts and who builds his career by responding to sexual impulses with his works by others. Stating that contemporary works of art cannot really be made sense at first glance, the author says, &#8220;Is there an art like this?&#8221; He explains that under all these actions that make people say, at certain points, it is necessary to be conscious of the existence of a deep world of thought; \u201cWhen we are convinced of the existence of this world, it will become impossible for us to talk about a general dishonesty, although we cannot talk about total honesty.\u201d Yazar bu kitab\u0131nda, Ele\u015ftirmen Avelina Lesper\u2019in \u00e7a\u011fda\u015f sanat ele\u015ftirilerine y\u00f6nelik kendi perspektifinden yorumlamalar getiriyor. Farkl\u0131 d\u00fc\u015f\u00fcnd\u00fc\u011f\u00fc noktalar\u0131 belirterek \u00e7e\u015fitli de\u011ferlendirmeler sunuyor. Sanat ortam\u0131ndaki her t\u00fcrl\u00fc problemati\u011fin kimilerince Ecole des Beaux &#8211; Arts\u2019\u0131n ha\u015fin \u00e7ocu\u011fu olan, kimilerince cinsellik d\u00fcrt\u00fclerine eserleriyle cevap vererek kariyerine kurgulayan Marcel Duchamp\u2019a refere edilmesine kar\u015f\u0131 \u00e7\u0131k\u0131yor.\u00c7a\u011fda\u015f sanat eserlerinin ger\u00e7ekten de ilk bak\u0131\u015fta anlamland\u0131r\u0131lamad\u0131\u011f\u0131n\u0131 ifade eden yazar, asl\u0131nda sanat\u00e7\u0131lar\u0131n ba\u015flang\u0131\u00e7ta anla\u015f\u0131lmayan ve \u201cb\u00f6yle sanat m\u0131 olur?\u201d dedirten t\u00fcm bu eylemlerinin alt\u0131nda, belli noktalarda, derin bir d\u00fc\u015f\u00fcn d\u00fcnyas\u0131n\u0131n varl\u0131\u011f\u0131n\u0131n bilincinde olmak gerekti\u011fini anlat\u0131yor; \u201cBu d\u00fcnyan\u0131n varl\u0131\u011f\u0131na kanaat getirdi\u011fimizde, her ne kadar topyekun bir d\u00fcr\u00fcstl\u00fckten s\u00f6z edemesek de genel bir sahtekarl\u0131ktan s\u00f6z etmemizde imkans\u0131z hale gelecektir.\u2019\u2019 <\/p>\n","protected":false},"excerpt":{"rendered":"<p>In this book, the author provides interpretations of the contemporary art criticism of the critic Avelina Lesper from her own perspective. She offers various evaluations by<span class=\"excerpt-hellip\"> [\u2026]<\/span><\/p>\n","protected":false},"featured_media":0,"template":"","meta":{"_monsterinsights_skip_tracking":false,"_monsterinsights_sitenote_active":false,"_monsterinsights_sitenote_note":"","_monsterinsights_sitenote_category":0},"product_brand":[],"product_cat":[12408],"product_tag":[],"class_list":{"0":"post-750483","1":"product","2":"type-product","3":"status-publish","5":"product_cat-sanat","6":"pa_cilt-ciltsiz","7":"pa_tur-kitap","8":"pa_yayinevi-myrina-yayinlari","9":"pa_yazar-alp-dogu-eser","11":"first","12":"instock","13":"sale","14":"shipping-taxable","15":"purchasable","16":"product-type-simple"},"_links":{"self":[{"href":"https:\/\/roveyayinevi.com.tr\/index.php\/wp-json\/wp\/v2\/product\/750483","targetHints":{"allow":["GET"]}}],"collection":[{"href":"https:\/\/roveyayinevi.com.tr\/index.php\/wp-json\/wp\/v2\/product"}],"about":[{"href":"https:\/\/roveyayinevi.com.tr\/index.php\/wp-json\/wp\/v2\/types\/product"}],"wp:attachment":[{"href":"https:\/\/roveyayinevi.com.tr\/index.php\/wp-json\/wp\/v2\/media?parent=750483"}],"wp:term":[{"taxonomy":"product_brand","embeddable":true,"href":"https:\/\/roveyayinevi.com.tr\/index.php\/wp-json\/wp\/v2\/product_brand?post=750483"},{"taxonomy":"product_cat","embeddable":true,"href":"https:\/\/roveyayinevi.com.tr\/index.php\/wp-json\/wp\/v2\/product_cat?post=750483"},{"taxonomy":"product_tag","embeddable":true,"href":"https:\/\/roveyayinevi.com.tr\/index.php\/wp-json\/wp\/v2\/product_tag?post=750483"}],"curies":[{"name":"wp","href":"https:\/\/api.w.org\/{rel}","templated":true}]}}