{"id":750482,"date":"2025-08-28T04:21:48","date_gmt":"2025-08-28T01:21:48","guid":{"rendered":"https:\/\/roveyayinevi.com.tr\/index.php\/urun\/pers-krali-sikkeleri\/"},"modified":"2026-04-16T03:03:41","modified_gmt":"2026-04-16T00:03:41","slug":"pers-krali-sikkeleri","status":"publish","type":"product","link":"https:\/\/roveyayinevi.com.tr\/index.php\/urun\/pers-krali-sikkeleri\/","title":{"rendered":"Pers Krali Sikkeleri"},"content":{"rendered":"<p>Bu \u00e7al\u0131\u015fmada, Anadolu\u2019ya yakla\u015f\u0131k 200 y\u0131l egemen olan Persler\u2019in (M\u00d6 546-334) basm\u0131\u015f oldu\u011fu kraliyet sikkeleri (Dareikos ve Siglos) ayr\u0131nt\u0131l\u0131 olarak incelenmi\u015ftir. Kitap, geli\u015fim periyoduna g\u00f6re s\u0131ralanm\u0131\u015f resimler ve zengin bir kaynak\u00e7a ile desteklenmi\u015ftir. <\/p>\n","protected":false},"excerpt":{"rendered":"<p>Bu \u00e7al\u0131\u015fmada, Anadolu\u2019ya yakla\u015f\u0131k 200 y\u0131l egemen olan Persler\u2019in (M\u00d6 546-334) basm\u0131\u015f oldu\u011fu kraliyet sikkeleri (Dareikos ve Siglos) ayr\u0131nt\u0131l\u0131 olarak incelenmi\u015ftir. Kitap, geli\u015fim periyoduna g\u00f6re s\u0131ralanm\u0131\u015f<span class=\"excerpt-hellip\"> [\u2026]<\/span><\/p>\n","protected":false},"featured_media":0,"template":"","meta":{"_monsterinsights_skip_tracking":false,"_monsterinsights_sitenote_active":false,"_monsterinsights_sitenote_note":"","_monsterinsights_sitenote_category":0},"product_brand":[],"product_cat":[52477,52478],"product_tag":[],"class_list":{"0":"post-750482","1":"product","2":"type-product","3":"status-publish","5":"product_cat-arastirma","6":"product_cat-arkeoloji","7":"pa_cilt-ciltsiz","8":"pa_tur-kitap","9":"pa_yayinevi-myrina-yayinlari","10":"pa_yazar-huseyin-koker","12":"first","13":"instock","14":"sale","15":"shipping-taxable","16":"purchasable","17":"product-type-simple"},"_links":{"self":[{"href":"https:\/\/roveyayinevi.com.tr\/index.php\/wp-json\/wp\/v2\/product\/750482","targetHints":{"allow":["GET"]}}],"collection":[{"href":"https:\/\/roveyayinevi.com.tr\/index.php\/wp-json\/wp\/v2\/product"}],"about":[{"href":"https:\/\/roveyayinevi.com.tr\/index.php\/wp-json\/wp\/v2\/types\/product"}],"wp:attachment":[{"href":"https:\/\/roveyayinevi.com.tr\/index.php\/wp-json\/wp\/v2\/media?parent=750482"}],"wp:term":[{"taxonomy":"product_brand","embeddable":true,"href":"https:\/\/roveyayinevi.com.tr\/index.php\/wp-json\/wp\/v2\/product_brand?post=750482"},{"taxonomy":"product_cat","embeddable":true,"href":"https:\/\/roveyayinevi.com.tr\/index.php\/wp-json\/wp\/v2\/product_cat?post=750482"},{"taxonomy":"product_tag","embeddable":true,"href":"https:\/\/roveyayinevi.com.tr\/index.php\/wp-json\/wp\/v2\/product_tag?post=750482"}],"curies":[{"name":"wp","href":"https:\/\/api.w.org\/{rel}","templated":true}]}}