{"id":750481,"date":"2025-08-28T04:21:47","date_gmt":"2025-08-28T01:21:47","guid":{"rendered":"https:\/\/roveyayinevi.com.tr\/index.php\/urun\/deney-kartlari-30-kart\/"},"modified":"2026-04-16T03:03:41","modified_gmt":"2026-04-16T00:03:41","slug":"deney-kartlari-30-kart","status":"publish","type":"product","link":"https:\/\/roveyayinevi.com.tr\/index.php\/urun\/deney-kartlari-30-kart\/","title":{"rendered":"Deney Kartlar\u0131 (30 Kart)"},"content":{"rendered":"<p>\u00d6\u011frenmek i\u00e7in \u00e7ocu\u011funuzun merak ve tutkusunu uyarmak ister misiniz? E\u011flenirken onlar\u0131n pratik bilgiler elde etmesini ister misiniz?Deney Kartlar\u0131 \u00e7ocuklar i\u00e7in \u015fa\u015f\u0131rt\u0131c\u0131 deneylerin oldu\u011fu 30 kart i\u00e7erir. Etraf\u0131n\u0131zdaki d\u00fcnyay\u0131 yeniden ke\u015ffedin ve bilimsel bir yolculu\u011fa \u00e7\u0131k\u0131n!<\/p>\n","protected":false},"excerpt":{"rendered":"<p>\u00d6\u011frenmek i\u00e7in \u00e7ocu\u011funuzun merak ve tutkusunu uyarmak ister misiniz? E\u011flenirken onlar\u0131n pratik bilgiler elde etmesini ister misiniz?Deney Kartlar\u0131 \u00e7ocuklar i\u00e7in \u015fa\u015f\u0131rt\u0131c\u0131 deneylerin oldu\u011fu 30 kart i\u00e7erir.<span class=\"excerpt-hellip\"> [\u2026]<\/span><\/p>\n","protected":false},"featured_media":0,"template":"","meta":{"_monsterinsights_skip_tracking":false,"_monsterinsights_sitenote_active":false,"_monsterinsights_sitenote_note":"","_monsterinsights_sitenote_category":0},"product_brand":[],"product_cat":[28265,15563],"product_tag":[],"class_list":{"0":"post-750481","1":"product","2":"type-product","3":"status-publish","5":"product_cat-diger-hobi","6":"product_cat-hobi","7":"pa_cilt-ciltsiz","8":"pa_tur-kitap10","9":"pa_yayinevi-yagmur-cocuk-yayinlari","10":"pa_yazar-kolektif","12":"first","13":"instock","14":"sale","15":"shipping-taxable","16":"purchasable","17":"product-type-simple"},"_links":{"self":[{"href":"https:\/\/roveyayinevi.com.tr\/index.php\/wp-json\/wp\/v2\/product\/750481","targetHints":{"allow":["GET"]}}],"collection":[{"href":"https:\/\/roveyayinevi.com.tr\/index.php\/wp-json\/wp\/v2\/product"}],"about":[{"href":"https:\/\/roveyayinevi.com.tr\/index.php\/wp-json\/wp\/v2\/types\/product"}],"wp:attachment":[{"href":"https:\/\/roveyayinevi.com.tr\/index.php\/wp-json\/wp\/v2\/media?parent=750481"}],"wp:term":[{"taxonomy":"product_brand","embeddable":true,"href":"https:\/\/roveyayinevi.com.tr\/index.php\/wp-json\/wp\/v2\/product_brand?post=750481"},{"taxonomy":"product_cat","embeddable":true,"href":"https:\/\/roveyayinevi.com.tr\/index.php\/wp-json\/wp\/v2\/product_cat?post=750481"},{"taxonomy":"product_tag","embeddable":true,"href":"https:\/\/roveyayinevi.com.tr\/index.php\/wp-json\/wp\/v2\/product_tag?post=750481"}],"curies":[{"name":"wp","href":"https:\/\/api.w.org\/{rel}","templated":true}]}}