{"id":750475,"date":"2025-08-28T04:21:37","date_gmt":"2025-08-28T01:21:37","guid":{"rendered":"https:\/\/roveyayinevi.com.tr\/index.php\/urun\/buyuk-turk-siiri-antolojisi-2-cilt-takim\/"},"modified":"2026-04-16T03:03:41","modified_gmt":"2026-04-16T00:03:41","slug":"buyuk-turk-siiri-antolojisi-2-cilt-takim","status":"publish","type":"product","link":"https:\/\/roveyayinevi.com.tr\/index.php\/urun\/buyuk-turk-siiri-antolojisi-2-cilt-takim\/","title":{"rendered":"B\u00fcy\u00fck T\u00fcrk \u015eiiri Antolojisi (2 Cilt Tak\u0131m)"},"content":{"rendered":"<p>Son Y\u00fczy\u0131l B\u00fcy\u00fck T\u00fcrk \u015eiiri Antolojisi&#8217;nin g\u00f6zden ge\u00e7irilmi\u015f yeni bas\u0131m\u0131nda, Tanzimat d\u00f6neminden g\u00fcn\u00fcm\u00fcz\u00fcn en gen\u00e7 \u015fairlerine kadar, toplam 230 \u015fair ve 1000 a\u015fk\u0131n \u015fiir yer al\u0131yor. Antoloji&#8217;nin giri\u015f yaz\u0131lar\u0131yla sondaki &#8220;Biyografiler ve De\u011ferlendirmeler&#8221; b\u00f6l\u00fcm\u00fcnde ise, modern T\u00fcrk \u015fiirinin iki y\u00fcz y\u0131l\u0131 kapsayan olu\u015fumlar\u0131 ve yarat\u0131c\u0131lar\u0131n\u0131n \u00f6zellikler irdeleniyor. Bu nitelikleriyle Son Y\u00fczy\u0131l B\u00fcy\u00fck T\u00fcrk \u015eiiri Antolojisi, \u015fiir severlerin oldu\u011fu kadar, \u00f6\u011frencilerin ve modern T\u00fcrk \u015fiiri konusunda b\u00fct\u00fcnsel bir g\u00f6r\u00fc\u015f edinmek isteyen herkesin ba\u015fvurmas\u0131 gerekli temel bir yap\u0131tt\u0131r.<\/p>\n","protected":false},"excerpt":{"rendered":"<p>Son Y\u00fczy\u0131l B\u00fcy\u00fck T\u00fcrk \u015eiiri Antolojisi&#8217;nin g\u00f6zden ge\u00e7irilmi\u015f yeni bas\u0131m\u0131nda, Tanzimat d\u00f6neminden g\u00fcn\u00fcm\u00fcz\u00fcn en gen\u00e7 \u015fairlerine kadar, toplam 230 \u015fair ve 1000 a\u015fk\u0131n \u015fiir yer al\u0131yor.<span class=\"excerpt-hellip\"> [\u2026]<\/span><\/p>\n","protected":false},"featured_media":0,"template":"","meta":{"_monsterinsights_skip_tracking":false,"_monsterinsights_sitenote_active":false,"_monsterinsights_sitenote_note":"","_monsterinsights_sitenote_category":0},"product_brand":[],"product_cat":[12291,12292],"product_tag":[],"class_list":{"0":"post-750475","1":"product","2":"type-product","3":"status-publish","5":"product_cat-edebiyat","6":"product_cat-turk-edebiyati","7":"pa_cilt-ciltsiz","8":"pa_tur-kitap","9":"pa_yayinevi-sosyal-yayinlari","10":"pa_yazar-ataol-behramoglu","12":"first","13":"instock","14":"sale","15":"shipping-taxable","16":"purchasable","17":"product-type-simple"},"_links":{"self":[{"href":"https:\/\/roveyayinevi.com.tr\/index.php\/wp-json\/wp\/v2\/product\/750475","targetHints":{"allow":["GET"]}}],"collection":[{"href":"https:\/\/roveyayinevi.com.tr\/index.php\/wp-json\/wp\/v2\/product"}],"about":[{"href":"https:\/\/roveyayinevi.com.tr\/index.php\/wp-json\/wp\/v2\/types\/product"}],"wp:attachment":[{"href":"https:\/\/roveyayinevi.com.tr\/index.php\/wp-json\/wp\/v2\/media?parent=750475"}],"wp:term":[{"taxonomy":"product_brand","embeddable":true,"href":"https:\/\/roveyayinevi.com.tr\/index.php\/wp-json\/wp\/v2\/product_brand?post=750475"},{"taxonomy":"product_cat","embeddable":true,"href":"https:\/\/roveyayinevi.com.tr\/index.php\/wp-json\/wp\/v2\/product_cat?post=750475"},{"taxonomy":"product_tag","embeddable":true,"href":"https:\/\/roveyayinevi.com.tr\/index.php\/wp-json\/wp\/v2\/product_tag?post=750475"}],"curies":[{"name":"wp","href":"https:\/\/api.w.org\/{rel}","templated":true}]}}