{"id":750470,"date":"2025-08-28T04:21:33","date_gmt":"2025-08-28T01:21:33","guid":{"rendered":"https:\/\/roveyayinevi.com.tr\/index.php\/urun\/keskul-dergisi-sayi44\/"},"modified":"2026-04-16T03:03:41","modified_gmt":"2026-04-16T00:03:41","slug":"keskul-dergisi-sayi44","status":"publish","type":"product","link":"https:\/\/roveyayinevi.com.tr\/index.php\/urun\/keskul-dergisi-sayi44\/","title":{"rendered":"Ke\u015fk\u00fcl Dergisi Say\u0131:44"},"content":{"rendered":"<p>&#8220;Allah erlerinin s\u00f6zleri, tesiri \u00e7ok kuvvetli bir iksirdir. Bunun s\u0131rr\u0131, s\u00f6zlerinin g\u00fczelli\u011fi veya konu\u015fma kabiliyetlerinin y\u00fcksek olu\u015funda de\u011fil, s\u00f6z\u00fcn mahrecinin kalp olu\u015funda gizlidir. At\u00e2ullah \u0130skender\u00ee Hazretleri der ki: &#8216;Her s\u00f6z bulundu\u011fu kalbin elbisesini giyerek a\u011f\u0131zdan \u00e7\u0131kar.&#8217; \u0130\u015fte bu sebeple &#8216;sohbet&#8217; el-Kel\u00e2m s\u0131fat\u0131nda ifn\u00e2 olan z\u00e2t\u0131n yapt\u0131\u011f\u0131 konu\u015fmaya denir.Onun a\u011fz\u0131ndan konu\u015fan Allah (c.c.)&#8217;t\u0131r. Zaten sohbetin sahibi de O&#8217;dur.  Allah erlerinin sohbet meclislerinde m\u00fc\u015fk\u00fcller hallolur, sorular cevap bulur. Hatta soru dahi kalmaz. \u00c7\u00fcnk\u00fc \u00e2rifler hak\u00eekati t\u00e2rif etmez, nur uyand\u0131r\u0131rlar, t\u00e2liblerin arad\u0131klar\u0131n\u0131 kendilerinin bulmas\u0131n\u0131 sa\u011flarlar. Sorularla gidersin, sorun neydi onu dahi unutursun.&#8221;Ke\u015fk\u00fcl dergisinin, 44. say\u0131s\u0131nda &#8216;sohbet&#8217; var. Sohbet makam\u0131n\u0131n insan\u0131n kem\u00e2line vesile olu\u015fundan Allah ile sohbet olan namaza, Ras\u00fblullah (s.a.s.)&#8217;\u0131n \u00f6zel sohbetinde bulunan Ash\u00e2b-\u0131 Suffa&#8217;dan \u00e2riflerin sohbetine&#8230; M\u00fcr\u015fid sohbetlerinden, bu sohbetlerden beslenip de bir neslin in\u015f\u00e2&#8217;\u0131nda s\u00f6z sahibi olan z\u00e2tlara&#8230; Sohbetin edeblerinden tekkelerdeki sohbet \u00e2d\u00e2b\u0131na kadar pek \u00e7ok konuyu Ke\u015fk\u00fcl&#8217;\u00fcn sayfalar\u0131nda bulmak m\u00fcmk\u00fcn.\u201cNamaz\u0131n kazas\u0131 olur ama sohbetin kazas\u0131 olmaz\u201d s\u00f6z\u00fcn\u00fcn asl\u0131nda ni\u00e7in s\u00f6ylenmi\u015f oldu\u011fu da bu say\u0131da \u00e7arp\u0131c\u0131 bir \u015fekilde anlat\u0131l\u0131yor.Ke\u015fk\u00fcl dergisinin 44. say\u0131s\u0131n\u0131n yazar ve ba\u015fl\u0131klar\u0131ndan baz\u0131lar\u0131 ise \u015f\u00f6yle: Prof. Dr. S\u00fcleyman Uluda\u011f, &#8216;Sohbet \u00d6nemi ve \u00c2d\u00e2b\u0131&#8217;; Mehmed Fatih \u00c7\u0131tlak, &#8216;Sohbet Bir Ciddi \u0130\u015ftir&#8217;; Prof. Dr. Mustafa Kara, &#8216;Do\u011fumunun 150. y\u0131l\u0131nda Bursa M\u0131sr\u00ee Derg\u00e2h\u0131 \u015eeyhi \u015eemsedd\u00een Efendi\u2019nin Baz\u0131 Tahm\u00eesleri&#8217;; Kemal Sayar, &#8216;Fethi Gemuhluo\u011flu&#8217;nun vefat\u0131n\u0131n 40. sene-i devriyyesi h\u00e2t\u0131ras\u0131na&#8230; \u00dclk\u00fcye, Vatana, Em\u00e2nete Sad\u00e2kat&#8230;&#8217;; Gazeteci-Yazar Belk\u0131s K\u0131l\u0131\u00e7kaya, &#8216;Abd\u00fclaz\u00eez Bekkine (k.s.): &#8216;Bu Gen\u00e7li\u011fin Tenkide De\u011fil Tenvire \u0130htiyac\u0131 Var&#8221;; Kemal S\u00e2il, &#8216;Sohbetin Emojisi Olur mu?&#8217;; Ay\u015fe Sevim, &#8216;Bizim Medeniyetimiz Sohbet Medeniyetidir&#8217;Muhabbetin yerini alan objektif ileti\u015fimin getirdi\u011fi felakete de dikkat \u00e7ekilen Ke\u015fk\u00fcl&#8217;\u00fcn Sohbet say\u0131s\u0131, birbirini yanl\u0131\u015f anlama probleminin ayyuka \u00e7\u0131kt\u0131\u011f\u0131 hayat\u0131m\u0131zda bizlere k\u0131ymetli re\u00e7eteler sunuyor.<\/p>\n","protected":false},"excerpt":{"rendered":"<p>&#8220;Allah erlerinin s\u00f6zleri, tesiri \u00e7ok kuvvetli bir iksirdir. Bunun s\u0131rr\u0131, s\u00f6zlerinin g\u00fczelli\u011fi veya konu\u015fma kabiliyetlerinin y\u00fcksek olu\u015funda de\u011fil, s\u00f6z\u00fcn mahrecinin kalp olu\u015funda gizlidir. At\u00e2ullah \u0130skender\u00ee Hazretleri<span class=\"excerpt-hellip\"> [\u2026]<\/span><\/p>\n","protected":false},"featured_media":0,"template":"","meta":{"_monsterinsights_skip_tracking":false,"_monsterinsights_sitenote_active":false,"_monsterinsights_sitenote_note":"","_monsterinsights_sitenote_category":0},"product_brand":[],"product_cat":[13527],"product_tag":[],"class_list":{"0":"post-750470","1":"product","2":"type-product","3":"status-publish","5":"product_cat-sureli-yayinlar","6":"pa_cilt-ciltsiz","7":"pa_tur-dergi","8":"pa_yayinevi-sufi-kitap","9":"pa_yazar-kolektif","11":"first","12":"instock","13":"sale","14":"shipping-taxable","15":"purchasable","16":"product-type-simple"},"_links":{"self":[{"href":"https:\/\/roveyayinevi.com.tr\/index.php\/wp-json\/wp\/v2\/product\/750470","targetHints":{"allow":["GET"]}}],"collection":[{"href":"https:\/\/roveyayinevi.com.tr\/index.php\/wp-json\/wp\/v2\/product"}],"about":[{"href":"https:\/\/roveyayinevi.com.tr\/index.php\/wp-json\/wp\/v2\/types\/product"}],"wp:attachment":[{"href":"https:\/\/roveyayinevi.com.tr\/index.php\/wp-json\/wp\/v2\/media?parent=750470"}],"wp:term":[{"taxonomy":"product_brand","embeddable":true,"href":"https:\/\/roveyayinevi.com.tr\/index.php\/wp-json\/wp\/v2\/product_brand?post=750470"},{"taxonomy":"product_cat","embeddable":true,"href":"https:\/\/roveyayinevi.com.tr\/index.php\/wp-json\/wp\/v2\/product_cat?post=750470"},{"taxonomy":"product_tag","embeddable":true,"href":"https:\/\/roveyayinevi.com.tr\/index.php\/wp-json\/wp\/v2\/product_tag?post=750470"}],"curies":[{"name":"wp","href":"https:\/\/api.w.org\/{rel}","templated":true}]}}