{"id":750469,"date":"2025-08-28T04:21:31","date_gmt":"2025-08-28T01:21:31","guid":{"rendered":"https:\/\/roveyayinevi.com.tr\/index.php\/urun\/cocuklar-icin-dua-kitabi\/"},"modified":"2026-04-16T03:03:41","modified_gmt":"2026-04-16T00:03:41","slug":"cocuklar-icin-dua-kitabi","status":"publish","type":"product","link":"https:\/\/roveyayinevi.com.tr\/index.php\/urun\/cocuklar-icin-dua-kitabi\/","title":{"rendered":"\u00c7ocuklar \u0130\u00e7in Dua Kitab\u0131"},"content":{"rendered":"<p>Bu kitaptaki dualar, Peygamber Efendimiz\u2019in (asm), b\u00fcy\u00fck hadis kitaplar\u0131nda yer alan dualar\u0131ndan derlendi. Baz\u0131 dualar oldu\u011fu gibi al\u0131nd\u0131, baz\u0131lar\u0131n\u0131n ise sadece bir k\u0131sm\u0131. Baz\u0131lar\u0131nda da manas\u0131n\u0131 bozmayacak ama k\u00fc\u00e7\u00fck okurlar\u0131m\u0131z\u0131n daha kolay anlamas\u0131na imk\u00e2n sa\u011flayacak birtak\u0131m kelime de\u011fi\u015fiklikleri yap\u0131ld\u0131. B\u00f6ylece, Peygamberimiz\u2019in (asm) k\u00fc\u00e7\u00fck \u00fcmmeti olan \u00e7ocuklar\u0131n kalpleri, y\u00fczleri ve ruhlar\u0131 gibi tertemiz ellerini Rablerine a\u00e7t\u0131klar\u0131nda, onun istedi\u011fi \u015feyleri, onun istedi\u011fi gibi isteyebilmelerini, ge\u00e7 kal\u0131nmam\u0131\u015f bir zamanda al\u0131\u015fkanl\u0131k haline getirmeleri \u00fcmit edildi. \u0130\u015fte bu kitab\u0131n duas\u0131 da buydu. Amin&#8230; <\/p>\n","protected":false},"excerpt":{"rendered":"<p>Bu kitaptaki dualar, Peygamber Efendimiz\u2019in (asm), b\u00fcy\u00fck hadis kitaplar\u0131nda yer alan dualar\u0131ndan derlendi. Baz\u0131 dualar oldu\u011fu gibi al\u0131nd\u0131, baz\u0131lar\u0131n\u0131n ise sadece bir k\u0131sm\u0131. Baz\u0131lar\u0131nda da manas\u0131n\u0131<span class=\"excerpt-hellip\"> [\u2026]<\/span><\/p>\n","protected":false},"featured_media":0,"template":"","meta":{"_monsterinsights_skip_tracking":false,"_monsterinsights_sitenote_active":false,"_monsterinsights_sitenote_note":"","_monsterinsights_sitenote_category":0},"product_brand":[],"product_cat":[12274,18802],"product_tag":[],"class_list":{"0":"post-750469","1":"product","2":"type-product","3":"status-publish","5":"product_cat-cocuk-ve-genclik-kitaplari","6":"product_cat-din-egitimi","7":"pa_cilt-ciltsiz","8":"pa_tur-kitap","9":"pa_yayinevi-ugurbocegi-yayinlari","10":"pa_yazar-emine-aydin","12":"first","13":"instock","14":"sale","15":"shipping-taxable","16":"purchasable","17":"product-type-simple"},"_links":{"self":[{"href":"https:\/\/roveyayinevi.com.tr\/index.php\/wp-json\/wp\/v2\/product\/750469","targetHints":{"allow":["GET"]}}],"collection":[{"href":"https:\/\/roveyayinevi.com.tr\/index.php\/wp-json\/wp\/v2\/product"}],"about":[{"href":"https:\/\/roveyayinevi.com.tr\/index.php\/wp-json\/wp\/v2\/types\/product"}],"wp:attachment":[{"href":"https:\/\/roveyayinevi.com.tr\/index.php\/wp-json\/wp\/v2\/media?parent=750469"}],"wp:term":[{"taxonomy":"product_brand","embeddable":true,"href":"https:\/\/roveyayinevi.com.tr\/index.php\/wp-json\/wp\/v2\/product_brand?post=750469"},{"taxonomy":"product_cat","embeddable":true,"href":"https:\/\/roveyayinevi.com.tr\/index.php\/wp-json\/wp\/v2\/product_cat?post=750469"},{"taxonomy":"product_tag","embeddable":true,"href":"https:\/\/roveyayinevi.com.tr\/index.php\/wp-json\/wp\/v2\/product_tag?post=750469"}],"curies":[{"name":"wp","href":"https:\/\/api.w.org\/{rel}","templated":true}]}}