{"id":750454,"date":"2025-08-28T04:21:10","date_gmt":"2025-08-28T01:21:10","guid":{"rendered":"https:\/\/roveyayinevi.com.tr\/index.php\/urun\/osmanli-imparatorlugunda-denizciligin-dogusu-barbaros-hayreddin\/"},"modified":"2026-04-16T03:03:41","modified_gmt":"2026-04-16T00:03:41","slug":"osmanli-imparatorlugunda-denizciligin-dogusu-barbaros-hayreddin","status":"publish","type":"product","link":"https:\/\/roveyayinevi.com.tr\/index.php\/urun\/osmanli-imparatorlugunda-denizciligin-dogusu-barbaros-hayreddin\/","title":{"rendered":"Osmanl\u0131 \u0130mparatorlu\u011fu&#8217;nda Denizcili\u011fin Do\u011fu\u015fu Barbaros Hayreddin"},"content":{"rendered":"<p>OSMANLI \u0130MPARATORLU\u011eU\u2019NDA DEN\u0130ZC\u0130L\u0130\u011e\u0130N DO\u011eU\u015eU BARBAROS HAYREDD\u0130N (\u00c7\u0130ZG\u0130 AN\u0130MASYON F\u0130LM SENARYOSU)<\/p>\n","protected":false},"excerpt":{"rendered":"<p>OSMANLI \u0130MPARATORLU\u011eU\u2019NDA DEN\u0130ZC\u0130L\u0130\u011e\u0130N DO\u011eU\u015eU BARBAROS HAYREDD\u0130N (\u00c7\u0130ZG\u0130 AN\u0130MASYON F\u0130LM SENARYOSU)<\/p>\n","protected":false},"featured_media":0,"template":"","meta":{"_monsterinsights_skip_tracking":false,"_monsterinsights_sitenote_active":false,"_monsterinsights_sitenote_note":"","_monsterinsights_sitenote_category":0},"product_brand":[],"product_cat":[12408],"product_tag":[],"class_list":{"0":"post-750454","1":"product","2":"type-product","3":"status-publish","5":"product_cat-sanat","6":"pa_cilt-ciltsiz","7":"pa_tur-kitap","8":"pa_yayinevi-soncag","9":"pa_yazar-asiye-koray-bendon-hasan-huseyin-oz-mehmet-bahattin-adiguzel","11":"first","12":"instock","13":"sale","14":"shipping-taxable","15":"purchasable","16":"product-type-simple"},"_links":{"self":[{"href":"https:\/\/roveyayinevi.com.tr\/index.php\/wp-json\/wp\/v2\/product\/750454","targetHints":{"allow":["GET"]}}],"collection":[{"href":"https:\/\/roveyayinevi.com.tr\/index.php\/wp-json\/wp\/v2\/product"}],"about":[{"href":"https:\/\/roveyayinevi.com.tr\/index.php\/wp-json\/wp\/v2\/types\/product"}],"wp:attachment":[{"href":"https:\/\/roveyayinevi.com.tr\/index.php\/wp-json\/wp\/v2\/media?parent=750454"}],"wp:term":[{"taxonomy":"product_brand","embeddable":true,"href":"https:\/\/roveyayinevi.com.tr\/index.php\/wp-json\/wp\/v2\/product_brand?post=750454"},{"taxonomy":"product_cat","embeddable":true,"href":"https:\/\/roveyayinevi.com.tr\/index.php\/wp-json\/wp\/v2\/product_cat?post=750454"},{"taxonomy":"product_tag","embeddable":true,"href":"https:\/\/roveyayinevi.com.tr\/index.php\/wp-json\/wp\/v2\/product_tag?post=750454"}],"curies":[{"name":"wp","href":"https:\/\/api.w.org\/{rel}","templated":true}]}}