{"id":750442,"date":"2025-08-28T04:20:54","date_gmt":"2025-08-28T01:20:54","guid":{"rendered":"https:\/\/roveyayinevi.com.tr\/index.php\/urun\/ibrahim-rifatin-uc-risalesi-ve-fitne-olaylarinin-nifak-hareketleri-ekseninde-degerlendirilmesi\/"},"modified":"2026-04-16T03:03:40","modified_gmt":"2026-04-16T00:03:40","slug":"ibrahim-rifatin-uc-risalesi-ve-fitne-olaylarinin-nifak-hareketleri-ekseninde-degerlendirilmesi","status":"publish","type":"product","link":"https:\/\/roveyayinevi.com.tr\/index.php\/urun\/ibrahim-rifatin-uc-risalesi-ve-fitne-olaylarinin-nifak-hareketleri-ekseninde-degerlendirilmesi\/","title":{"rendered":"\u0130brahim R\u0131fat&#8217;\u0131n \u00dc\u00e7 Risalesi ve Fitne Olaylar\u0131n\u0131n Nifak Hareketleri Ekseninde De\u011ferlendirilmesi"},"content":{"rendered":"<p>\u0130BR\u00c2H\u0130M RIFAT\u2019IN \u00dc\u00c7 R\u0130S\u00c2LES\u0130 (Hz. Osman\u2019\u0131n \u015eehadeti, Cemel ve S\u0131ff\u0131n Sava\u015flar\u0131) VE F\u0130TNE OLAYLARININ N\u0130FAK HAREKETLER\u0130 EKSEN\u0130NDE DE\u011eERLEND\u0130R\u0130LMES\u0130 <\/p>\n","protected":false},"excerpt":{"rendered":"<p>\u0130BR\u00c2H\u0130M RIFAT\u2019IN \u00dc\u00c7 R\u0130S\u00c2LES\u0130 (Hz. Osman\u2019\u0131n \u015eehadeti, Cemel ve S\u0131ff\u0131n Sava\u015flar\u0131) VE F\u0130TNE OLAYLARININ N\u0130FAK HAREKETLER\u0130 EKSEN\u0130NDE DE\u011eERLEND\u0130R\u0130LMES\u0130<\/p>\n","protected":false},"featured_media":0,"template":"","meta":{"_monsterinsights_skip_tracking":false,"_monsterinsights_sitenote_active":false,"_monsterinsights_sitenote_note":"","_monsterinsights_sitenote_category":0},"product_brand":[],"product_cat":[12573,12566],"product_tag":[],"class_list":{"0":"post-750442","1":"product","2":"type-product","3":"status-publish","5":"product_cat-akademik-kitaplar","6":"product_cat-egitim","7":"pa_cilt-ciltsiz","8":"pa_tur-kitap","9":"pa_yayinevi-soncag-akademik-kitaplar","10":"pa_yazar-mevlut-poyraz","12":"first","13":"instock","14":"sale","15":"shipping-taxable","16":"purchasable","17":"product-type-simple"},"_links":{"self":[{"href":"https:\/\/roveyayinevi.com.tr\/index.php\/wp-json\/wp\/v2\/product\/750442","targetHints":{"allow":["GET"]}}],"collection":[{"href":"https:\/\/roveyayinevi.com.tr\/index.php\/wp-json\/wp\/v2\/product"}],"about":[{"href":"https:\/\/roveyayinevi.com.tr\/index.php\/wp-json\/wp\/v2\/types\/product"}],"wp:attachment":[{"href":"https:\/\/roveyayinevi.com.tr\/index.php\/wp-json\/wp\/v2\/media?parent=750442"}],"wp:term":[{"taxonomy":"product_brand","embeddable":true,"href":"https:\/\/roveyayinevi.com.tr\/index.php\/wp-json\/wp\/v2\/product_brand?post=750442"},{"taxonomy":"product_cat","embeddable":true,"href":"https:\/\/roveyayinevi.com.tr\/index.php\/wp-json\/wp\/v2\/product_cat?post=750442"},{"taxonomy":"product_tag","embeddable":true,"href":"https:\/\/roveyayinevi.com.tr\/index.php\/wp-json\/wp\/v2\/product_tag?post=750442"}],"curies":[{"name":"wp","href":"https:\/\/api.w.org\/{rel}","templated":true}]}}