{"id":750441,"date":"2025-08-28T04:20:53","date_gmt":"2025-08-28T01:20:53","guid":{"rendered":"https:\/\/roveyayinevi.com.tr\/index.php\/urun\/klasik-turkce-tip-metinlerinde-gereklilik-ve-yukumluluk-kipligi\/"},"modified":"2026-04-16T03:03:40","modified_gmt":"2026-04-16T00:03:40","slug":"klasik-turkce-tip-metinlerinde-gereklilik-ve-yukumluluk-kipligi","status":"publish","type":"product","link":"https:\/\/roveyayinevi.com.tr\/index.php\/urun\/klasik-turkce-tip-metinlerinde-gereklilik-ve-yukumluluk-kipligi\/","title":{"rendered":"Klasik T\u00fcrk\u00e7e T\u0131p Metinlerinde Gereklilik ve Y\u00fck\u00fcml\u00fcl\u00fck Kipli\u011fi"},"content":{"rendered":"<p>Klasik T\u00fcrk\u00e7e T\u0131p Metinlerinde Gereklilik ve Y\u00fck\u00fcml\u00fcl\u00fck Kipli\u011fi<\/p>\n","protected":false},"excerpt":{"rendered":"<p>Klasik T\u00fcrk\u00e7e T\u0131p Metinlerinde Gereklilik ve Y\u00fck\u00fcml\u00fcl\u00fck Kipli\u011fi<\/p>\n","protected":false},"featured_media":0,"template":"","meta":{"_monsterinsights_skip_tracking":false,"_monsterinsights_sitenote_active":false,"_monsterinsights_sitenote_note":"","_monsterinsights_sitenote_category":0},"product_brand":[],"product_cat":[12573,12566],"product_tag":[],"class_list":{"0":"post-750441","1":"product","2":"type-product","3":"status-publish","5":"product_cat-akademik-kitaplar","6":"product_cat-egitim","7":"pa_cilt-ciltsiz","8":"pa_tur-kitap","9":"pa_yayinevi-soncag-akademik-kitaplar","10":"pa_yazar-meryem-arslan","12":"first","13":"instock","14":"sale","15":"shipping-taxable","16":"purchasable","17":"product-type-simple"},"_links":{"self":[{"href":"https:\/\/roveyayinevi.com.tr\/index.php\/wp-json\/wp\/v2\/product\/750441","targetHints":{"allow":["GET"]}}],"collection":[{"href":"https:\/\/roveyayinevi.com.tr\/index.php\/wp-json\/wp\/v2\/product"}],"about":[{"href":"https:\/\/roveyayinevi.com.tr\/index.php\/wp-json\/wp\/v2\/types\/product"}],"wp:attachment":[{"href":"https:\/\/roveyayinevi.com.tr\/index.php\/wp-json\/wp\/v2\/media?parent=750441"}],"wp:term":[{"taxonomy":"product_brand","embeddable":true,"href":"https:\/\/roveyayinevi.com.tr\/index.php\/wp-json\/wp\/v2\/product_brand?post=750441"},{"taxonomy":"product_cat","embeddable":true,"href":"https:\/\/roveyayinevi.com.tr\/index.php\/wp-json\/wp\/v2\/product_cat?post=750441"},{"taxonomy":"product_tag","embeddable":true,"href":"https:\/\/roveyayinevi.com.tr\/index.php\/wp-json\/wp\/v2\/product_tag?post=750441"}],"curies":[{"name":"wp","href":"https:\/\/api.w.org\/{rel}","templated":true}]}}