{"id":750429,"date":"2025-08-28T04:20:30","date_gmt":"2025-08-28T01:20:30","guid":{"rendered":"https:\/\/roveyayinevi.com.tr\/index.php\/urun\/lohusa-serbeti\/"},"modified":"2026-04-16T03:03:40","modified_gmt":"2026-04-16T00:03:40","slug":"lohusa-serbeti","status":"publish","type":"product","link":"https:\/\/roveyayinevi.com.tr\/index.php\/urun\/lohusa-serbeti\/","title":{"rendered":"Lohusa \u015eerbeti"},"content":{"rendered":"<p>Avukat Erg\u00fcn Kazan\u0131r\u2019\u0131n, kocas\u0131ndan bo\u015fanmak isteyen dan\u0131\u015fan\u0131yla imtihan\u0131\u2026 \u00dcstelik u\u011fra\u015fmas\u0131 gereken tek sorun bu da de\u011fil.   Hamile e\u015fine destek olabilmeyi kendine g\u00f6rev edinen Erg\u00fcn Kazan\u0131r, mesle\u011fini de ihmal etmez. Yeni \u00e7ocuk yeni masraflar demektir ne de olsa. \u00c7ok \u00e7al\u0131\u015fmal\u0131d\u0131r Erg\u00fcn Kazan\u0131r, \u00e7ok.   Kaderini de\u011fi\u015ftirecek davay\u0131 beklerken kar\u015f\u0131s\u0131na Kader\u2019in bo\u015fanma davas\u0131 \u00e7\u0131kar. Erg\u00fcn Kazan\u0131r, akl\u0131selim davran\u0131p kocas\u0131n\u0131 onu aldatmakla su\u00e7layan yeni anne Kader\u2019i bo\u015fanma karar\u0131ndan vazge\u00e7irmeyi ba\u015far\u0131r.   Ama bu hamlesi pi\u015fmanl\u0131k duyaca\u011f\u0131 olaylar zincirinin ilk halkas\u0131 olacakt\u0131r. Lohusa \u015ferbeti ile ekilen \u015f\u00fcphe tohumlar\u0131 ak\u015famlar\u0131 eve ge\u00e7 gelmelerle ye\u015ferecek ve Avukat Erg\u00fcn\u2019\u00fcn evlili\u011fini de i\u00e7ine alarak b\u00fcy\u00fcyecek\u2026 Erg\u00fcn\u2019\u00fcn eski e\u015fi Nurcan\u2019\u0131 da unutmamak gerek. Acaba yollar\u0131 nas\u0131l kesi\u015fecek?   Erg\u00fcn Kazan\u0131r, polisiye \u00f6\u011felerle bezenmi\u015f Lohusa \u015eerbeti\u2019nde okuru hem g\u00fcld\u00fcr\u00fcyor hem de heyecanl\u0131 bir yolculu\u011fa \u00e7\u0131kar\u0131yor. <\/p>\n","protected":false},"excerpt":{"rendered":"<p>Avukat Erg\u00fcn Kazan\u0131r\u2019\u0131n, kocas\u0131ndan bo\u015fanmak isteyen dan\u0131\u015fan\u0131yla imtihan\u0131\u2026 \u00dcstelik u\u011fra\u015fmas\u0131 gereken tek sorun bu da de\u011fil. Hamile e\u015fine destek olabilmeyi kendine g\u00f6rev edinen Erg\u00fcn Kazan\u0131r, mesle\u011fini<span class=\"excerpt-hellip\"> [\u2026]<\/span><\/p>\n","protected":false},"featured_media":0,"template":"","meta":{"_monsterinsights_skip_tracking":false,"_monsterinsights_sitenote_active":false,"_monsterinsights_sitenote_note":"","_monsterinsights_sitenote_category":0},"product_brand":[],"product_cat":[12291,12711],"product_tag":[],"class_list":{"0":"post-750429","1":"product","2":"type-product","3":"status-publish","5":"product_cat-edebiyat","6":"product_cat-roman-oyku","7":"pa_cilt-ciltsiz","8":"pa_tur-kitap","9":"pa_yayinevi-sahi-kitap","10":"pa_yazar-ergun-kazanir","12":"first","13":"instock","14":"sale","15":"shipping-taxable","16":"purchasable","17":"product-type-simple"},"_links":{"self":[{"href":"https:\/\/roveyayinevi.com.tr\/index.php\/wp-json\/wp\/v2\/product\/750429","targetHints":{"allow":["GET"]}}],"collection":[{"href":"https:\/\/roveyayinevi.com.tr\/index.php\/wp-json\/wp\/v2\/product"}],"about":[{"href":"https:\/\/roveyayinevi.com.tr\/index.php\/wp-json\/wp\/v2\/types\/product"}],"wp:attachment":[{"href":"https:\/\/roveyayinevi.com.tr\/index.php\/wp-json\/wp\/v2\/media?parent=750429"}],"wp:term":[{"taxonomy":"product_brand","embeddable":true,"href":"https:\/\/roveyayinevi.com.tr\/index.php\/wp-json\/wp\/v2\/product_brand?post=750429"},{"taxonomy":"product_cat","embeddable":true,"href":"https:\/\/roveyayinevi.com.tr\/index.php\/wp-json\/wp\/v2\/product_cat?post=750429"},{"taxonomy":"product_tag","embeddable":true,"href":"https:\/\/roveyayinevi.com.tr\/index.php\/wp-json\/wp\/v2\/product_tag?post=750429"}],"curies":[{"name":"wp","href":"https:\/\/api.w.org\/{rel}","templated":true}]}}