{"id":750428,"date":"2025-08-28T04:20:28","date_gmt":"2025-08-28T01:20:28","guid":{"rendered":"https:\/\/roveyayinevi.com.tr\/index.php\/urun\/denizin-solan-mavisi\/"},"modified":"2026-04-08T03:10:13","modified_gmt":"2026-04-08T00:10:13","slug":"denizin-solan-mavisi","status":"publish","type":"product","link":"https:\/\/roveyayinevi.com.tr\/index.php\/urun\/denizin-solan-mavisi\/","title":{"rendered":"Denizin Solan Mavisi"},"content":{"rendered":"<p>Hayat\u0131n seni neyle, nerede veya ne zaman kar\u015f\u0131la\u015ft\u0131raca\u011f\u0131 belli midir? A\u015fk, aile, ba\u011fl\u0131l\u0131k, h\u00fcz\u00fcn, mutluluk ve sayabilece\u011fimiz daha bir\u00e7ok \u015fey; ya\u015fad\u0131\u011f\u0131m\u0131z bu hayat\u0131n bir par\u00e7as\u0131 de\u011fil midir? Belki de bizim bu hayata tutunmam\u0131za vesile olan \u015feydir. Soruyorum size; a\u015fk, bir kaosun ortas\u0131nda kaybolmak m\u0131d\u0131r?Aile, sadece kan ba\u011f\u0131yla olu\u015fan bir h\u0131s\u0131ml\u0131k m\u0131d\u0131r? Arkada\u015f, ba\u011fland\u0131\u011f\u0131nda vazge\u00e7emedi\u011fin bir al\u0131\u015fkanl\u0131k m\u0131d\u0131r? D\u00fc\u015f\u00fcn\u00fcn\u2026 Asl\u0131nda siz ve sahip olduklar\u0131n\u0131z, d\u00fc\u015f\u00fcnd\u00fc\u011f\u00fcn\u00fczden daha fazlas\u0131d\u0131r. Ne zaman, nerede \u00e2\u015f\u0131k olaca\u011f\u0131n\u0131, aile olaca\u011f\u0131n\u0131 ve arkada\u015fl\u0131k kuraca\u011f\u0131n\u0131 kimse bilmez. \u00c7\u00fcnk\u00fc umut, en \u00e7aresiz zaman\u0131n\u0131zda kap\u0131n\u0131z\u0131 \u00e7alar. <\/p>\n","protected":false},"excerpt":{"rendered":"<p>Hayat\u0131n seni neyle, nerede veya ne zaman kar\u015f\u0131la\u015ft\u0131raca\u011f\u0131 belli midir? A\u015fk, aile, ba\u011fl\u0131l\u0131k, h\u00fcz\u00fcn, mutluluk ve sayabilece\u011fimiz daha bir\u00e7ok \u015fey; ya\u015fad\u0131\u011f\u0131m\u0131z bu hayat\u0131n bir par\u00e7as\u0131 de\u011fil<span class=\"excerpt-hellip\"> [\u2026]<\/span><\/p>\n","protected":false},"featured_media":0,"template":"","meta":{"_monsterinsights_skip_tracking":false,"_monsterinsights_sitenote_active":false,"_monsterinsights_sitenote_note":"","_monsterinsights_sitenote_category":0},"product_brand":[],"product_cat":[12291,12711],"product_tag":[],"class_list":{"0":"post-750428","1":"product","2":"type-product","3":"status-publish","5":"product_cat-edebiyat","6":"product_cat-roman-oyku","7":"pa_cilt-ciltsiz","8":"pa_tur-kitap","9":"pa_yayinevi-cinaralti-yayinlari","10":"pa_yazar-sahra-atmanoglu","12":"first","13":"instock","14":"sale","15":"shipping-taxable","16":"purchasable","17":"product-type-simple"},"_links":{"self":[{"href":"https:\/\/roveyayinevi.com.tr\/index.php\/wp-json\/wp\/v2\/product\/750428","targetHints":{"allow":["GET"]}}],"collection":[{"href":"https:\/\/roveyayinevi.com.tr\/index.php\/wp-json\/wp\/v2\/product"}],"about":[{"href":"https:\/\/roveyayinevi.com.tr\/index.php\/wp-json\/wp\/v2\/types\/product"}],"wp:attachment":[{"href":"https:\/\/roveyayinevi.com.tr\/index.php\/wp-json\/wp\/v2\/media?parent=750428"}],"wp:term":[{"taxonomy":"product_brand","embeddable":true,"href":"https:\/\/roveyayinevi.com.tr\/index.php\/wp-json\/wp\/v2\/product_brand?post=750428"},{"taxonomy":"product_cat","embeddable":true,"href":"https:\/\/roveyayinevi.com.tr\/index.php\/wp-json\/wp\/v2\/product_cat?post=750428"},{"taxonomy":"product_tag","embeddable":true,"href":"https:\/\/roveyayinevi.com.tr\/index.php\/wp-json\/wp\/v2\/product_tag?post=750428"}],"curies":[{"name":"wp","href":"https:\/\/api.w.org\/{rel}","templated":true}]}}