{"id":750427,"date":"2025-08-28T04:20:27","date_gmt":"2025-08-28T01:20:27","guid":{"rendered":"https:\/\/roveyayinevi.com.tr\/index.php\/urun\/yagan-yagmurun-ardindan-talip-ozkan\/"},"modified":"2025-12-30T11:08:51","modified_gmt":"2025-12-30T08:08:51","slug":"yagan-yagmurun-ardindan-talip-ozkan","status":"publish","type":"product","link":"https:\/\/roveyayinevi.com.tr\/index.php\/urun\/yagan-yagmurun-ardindan-talip-ozkan\/","title":{"rendered":"Ya\u011fan Ya\u011fmurun Ard\u0131ndan Talip \u00d6zkan"},"content":{"rendered":"<p>Talip \u00d6zkan\u2019a dair M\u00fccahit Kol\u2019un \u00e7al\u0131\u015fmas\u0131 bu m\u00fczik adam\u0131n\u0131n \u201c\u00f6z\u00fcn ke\u015ffine\u201d \u00f6rnek te\u015fkil edebilecek devirsel yolculu\u011funun ke\u015ffi ad\u0131na b\u00fcy\u00fck \u00f6nem arz etmektedir. Zira, b\u00f6ylesi i\u00e7sel yolculuklar\u0131n somut bir dizgi halinde e\u011fitim, k\u00fclt\u00fcr ve sosyal bilim alanlar\u0131na aktar\u0131labilmesinin yeg\u00e2ne yolu, bu yolculu\u011fun safhalar\u0131na tutulan analitik b\u00fcy\u00fcte\u00e7lerdir. Bu b\u00fcy\u00fcte\u00e7lerin yap\u0131 ve \u015fekilleri e\u011fer g\u00fc\u00e7l\u00fc bir analiz fikrinden yola \u00e7\u0131kmazlarsa, pek \u00e7ok noktas\u0131 hayallerle s\u00fcsl\u00fc bu d\u00fc\u015fsel yolculuklar\u0131n, hayata dair izd\u00fc\u015f\u00fcmlerinin takibi do\u011fald\u0131r ki kolay olmayacakt\u0131r. N\u00fcveleri M\u00fccahit Kol\u2019un Do\u00e7. Dr. Sinan Ayy\u0131ld\u0131z\u2019\u0131n dan\u0131\u015fmanl\u0131\u011f\u0131nda ger\u00e7ekle\u015ftirdi\u011fi k\u0131ymetli y\u00fcksek lisans tez \u00e7al\u0131\u015fmas\u0131na dayanan bu \u00e7al\u0131\u015fma \u00d6zkan\u2019\u0131n hayat\u0131ndan, icras\u0131n\u0131n beslendi\u011fi kaynaklara; icras\u0131n\u0131n t\u00fcm bile\u015fenlerinden, sanatsal kimli\u011finin olu\u015fum s\u00fcrecine kadar t\u00fcm ayr\u0131nt\u0131lar\u0131 detayl\u0131, analitik ve sorgulay\u0131c\u0131 bir bak\u0131\u015f a\u00e7\u0131s\u0131yla i\u015flemektedir. Prof. Dr. Cenk G\u00fcray   \u00c7al\u0131\u015fma ekseninde Talip \u00d6zkan\u2019\u0131n saz icrac\u0131l\u0131\u011f\u0131 ezgi, ritim, t\u0131n\u0131, doku, icra tekni\u011fi ve pozisyon anlay\u0131\u015f\u0131 bak\u0131m\u0131ndan incelenmi\u015ftir. Bu incelemeler daha \u00e7ok \u00d6zkan\u2019\u0131n icralar\u0131 temelinde \u015fekillenmi\u015f, bunun yan\u0131 s\u0131ra onun s\u00f6ylemleri, yaz\u0131lar\u0131 ve kendi yazd\u0131\u011f\u0131 notalardan da faydalan\u0131lm\u0131\u015ft\u0131r.  Bunun yan\u0131 s\u0131ra bir m\u00fczisyen olarak \u00d6zkan\u2019\u0131n uyarlama ve do\u011fa\u00e7lama anlay\u0131\u015f\u0131 da incelenmi\u015f, \u00d6zkan\u2019\u0131n \u201cses icrac\u0131l\u0131\u011f\u0131\u201d ve \u201ctanbur icrac\u0131l\u0131\u011f\u0131\u201d ile ilgili tespitlerle birlikte icrac\u0131l\u0131k \u00f6zellikleri ekseninde genel m\u00fczik anlay\u0131\u015f\u0131 ortaya konulmaya \u00e7al\u0131\u015f\u0131lm\u0131\u015ft\u0131r. Temennimiz bu \u00e7al\u0131\u015fmadaki anlay\u0131\u015f esas al\u0131narak ve ileride anla\u015f\u0131labilecek olas\u0131 aksak y\u00f6nleri ve eksikleri giderilerek halk m\u00fczi\u011finin di\u011fer \u201custa icrac\u0131\u201dlar\u0131n\u0131n da detayl\u0131 bir \u015fekilde analiz edildi\u011fi \u201cicra odakl\u0131\u201d \u00e7al\u0131\u015fmalar\u0131n ortaya konulmas\u0131 ve bu \u00e7al\u0131\u015fmalardan edinilen bilginin akademi ve icra alan\u0131na d\u00f6n\u00fc\u015f\u00fcn\u00fcn sa\u011flanmas\u0131d\u0131r.  Do\u00e7. Dr. Sinan Ayy\u0131ld\u0131z <\/p>\n","protected":false},"excerpt":{"rendered":"<p>Talip \u00d6zkan\u2019a dair M\u00fccahit Kol\u2019un \u00e7al\u0131\u015fmas\u0131 bu m\u00fczik adam\u0131n\u0131n \u201c\u00f6z\u00fcn ke\u015ffine\u201d \u00f6rnek te\u015fkil edebilecek devirsel yolculu\u011funun ke\u015ffi ad\u0131na b\u00fcy\u00fck \u00f6nem arz etmektedir. Zira, b\u00f6ylesi i\u00e7sel yolculuklar\u0131n<span class=\"excerpt-hellip\"> [\u2026]<\/span><\/p>\n","protected":false},"featured_media":0,"template":"","meta":{"_monsterinsights_skip_tracking":false,"_monsterinsights_sitenote_active":false,"_monsterinsights_sitenote_note":"","_monsterinsights_sitenote_category":0},"product_brand":[],"product_cat":[14556],"product_tag":[],"class_list":{"0":"post-750427","1":"product","2":"type-product","3":"status-publish","5":"product_cat-muzik","6":"pa_cilt-ciltsiz","7":"pa_tur-kitap","8":"pa_yayinevi-kitapol-yayinlari","9":"pa_yazar-mucahit-kol","11":"first","12":"instock","13":"sale","14":"shipping-taxable","15":"purchasable","16":"product-type-simple"},"_links":{"self":[{"href":"https:\/\/roveyayinevi.com.tr\/index.php\/wp-json\/wp\/v2\/product\/750427","targetHints":{"allow":["GET"]}}],"collection":[{"href":"https:\/\/roveyayinevi.com.tr\/index.php\/wp-json\/wp\/v2\/product"}],"about":[{"href":"https:\/\/roveyayinevi.com.tr\/index.php\/wp-json\/wp\/v2\/types\/product"}],"wp:attachment":[{"href":"https:\/\/roveyayinevi.com.tr\/index.php\/wp-json\/wp\/v2\/media?parent=750427"}],"wp:term":[{"taxonomy":"product_brand","embeddable":true,"href":"https:\/\/roveyayinevi.com.tr\/index.php\/wp-json\/wp\/v2\/product_brand?post=750427"},{"taxonomy":"product_cat","embeddable":true,"href":"https:\/\/roveyayinevi.com.tr\/index.php\/wp-json\/wp\/v2\/product_cat?post=750427"},{"taxonomy":"product_tag","embeddable":true,"href":"https:\/\/roveyayinevi.com.tr\/index.php\/wp-json\/wp\/v2\/product_tag?post=750427"}],"curies":[{"name":"wp","href":"https:\/\/api.w.org\/{rel}","templated":true}]}}