{"id":750423,"date":"2025-08-28T04:20:20","date_gmt":"2025-08-28T01:20:20","guid":{"rendered":"https:\/\/roveyayinevi.com.tr\/index.php\/urun\/mikrofon-kafa\/"},"modified":"2026-04-16T03:03:40","modified_gmt":"2026-04-16T00:03:40","slug":"mikrofon-kafa","status":"publish","type":"product","link":"https:\/\/roveyayinevi.com.tr\/index.php\/urun\/mikrofon-kafa\/","title":{"rendered":"Mikrofon Kafa"},"content":{"rendered":"<p>Zaman\u0131n birinde PEYNEKlerin \u00fclkesinde G\u00d6LGEDE K\u00d6REBE oynayan SERT SESS\u0130ZLER\u0130N \u0130\u00c7\u0130NDEK\u0130 YANGINI k\u00f6r\u00fckleye-cek durumlar ya\u015fan\u0131rken, mek\u00e2n\u0131n birinde karanl\u0131k FOB\u0130leriyle m\u00fccadele etmekten G\u00dcZELle\u015fmi\u015f KAFAlar\u0131yla REPL\u0130KACI katiller kan\u0131 \u00e7ekilmi\u015f \u00d6L\u00dc ellerine KINA yakmaktayd\u0131lar. Peki, s\u00f6yleyin \u015fimdi \u00e7evremizde bunca \u015fey ya\u015fan\u0131rken nas\u0131lsa GE\u00c7M\u0130\u015eT\u0130R diyerek kafam\u0131z\u0131 kuma g\u00f6mer, sadece dinleyip g\u00f6rmezden gelirsek biz de birer M\u0130KROFON KAFAl\u0131 birey h\u00e2line gelir miyiz? Ya da ge\u00e7mi\u015f ger\u00e7ekten ge\u00e7er mi, ge\u00e7ip de gelece\u011fimizi enkaz h\u00e2line \u00e7evirir mi?<\/p>\n","protected":false},"excerpt":{"rendered":"<p>Zaman\u0131n birinde PEYNEKlerin \u00fclkesinde G\u00d6LGEDE K\u00d6REBE oynayan SERT SESS\u0130ZLER\u0130N \u0130\u00c7\u0130NDEK\u0130 YANGINI k\u00f6r\u00fckleye-cek durumlar ya\u015fan\u0131rken, mek\u00e2n\u0131n birinde karanl\u0131k FOB\u0130leriyle m\u00fccadele etmekten G\u00dcZELle\u015fmi\u015f KAFAlar\u0131yla REPL\u0130KACI katiller kan\u0131 \u00e7ekilmi\u015f<span class=\"excerpt-hellip\"> [\u2026]<\/span><\/p>\n","protected":false},"featured_media":0,"template":"","meta":{"_monsterinsights_skip_tracking":false,"_monsterinsights_sitenote_active":false,"_monsterinsights_sitenote_note":"","_monsterinsights_sitenote_category":0},"product_brand":[],"product_cat":[12291,12711],"product_tag":[],"class_list":{"0":"post-750423","1":"product","2":"type-product","3":"status-publish","5":"product_cat-edebiyat","6":"product_cat-roman-oyku","7":"pa_cilt-ciltsiz","8":"pa_tur-kitap","9":"pa_yayinevi-perseus","10":"pa_yazar-mahmut-ozturk","12":"first","13":"instock","14":"sale","15":"shipping-taxable","16":"purchasable","17":"product-type-simple"},"_links":{"self":[{"href":"https:\/\/roveyayinevi.com.tr\/index.php\/wp-json\/wp\/v2\/product\/750423","targetHints":{"allow":["GET"]}}],"collection":[{"href":"https:\/\/roveyayinevi.com.tr\/index.php\/wp-json\/wp\/v2\/product"}],"about":[{"href":"https:\/\/roveyayinevi.com.tr\/index.php\/wp-json\/wp\/v2\/types\/product"}],"wp:attachment":[{"href":"https:\/\/roveyayinevi.com.tr\/index.php\/wp-json\/wp\/v2\/media?parent=750423"}],"wp:term":[{"taxonomy":"product_brand","embeddable":true,"href":"https:\/\/roveyayinevi.com.tr\/index.php\/wp-json\/wp\/v2\/product_brand?post=750423"},{"taxonomy":"product_cat","embeddable":true,"href":"https:\/\/roveyayinevi.com.tr\/index.php\/wp-json\/wp\/v2\/product_cat?post=750423"},{"taxonomy":"product_tag","embeddable":true,"href":"https:\/\/roveyayinevi.com.tr\/index.php\/wp-json\/wp\/v2\/product_tag?post=750423"}],"curies":[{"name":"wp","href":"https:\/\/api.w.org\/{rel}","templated":true}]}}