{"id":750422,"date":"2025-08-28T04:20:18","date_gmt":"2025-08-28T01:20:18","guid":{"rendered":"https:\/\/roveyayinevi.com.tr\/index.php\/urun\/karanlikta-monotoni\/"},"modified":"2026-04-16T03:03:40","modified_gmt":"2026-04-16T00:03:40","slug":"karanlikta-monotoni","status":"publish","type":"product","link":"https:\/\/roveyayinevi.com.tr\/index.php\/urun\/karanlikta-monotoni\/","title":{"rendered":"Karanl\u0131kta Monotoni"},"content":{"rendered":"<p>\u201cZay\u0131f y\u00fcz\u00fcne yerle\u015ftirilmi\u015f bitkin ve uykusuz k\u0131rm\u0131z\u0131 g\u00f6zlerini etrafta bir \u015fey ararcas\u0131na gezdiriyordu. \u00dc\u015f\u00fcyerek, ya\u011fan ya\u011fmur y\u00fcz\u00fcnden zar zor se\u00e7ebildi\u011fi vitrindeki kitaplar\u0131n isimlerine bakmaya \u00e7al\u0131\u015f\u0131yordu. Gece ilerledi\u011fi i\u00e7in kitap\u00e7\u0131lar \u00e7oktan kapal\u0131yd\u0131. Karanl\u0131k gittik\u00e7e \u015fehri ele ge\u00e7iriyordu. Giymi\u015f oldu\u011fu ince mont so\u011fuk ya\u011fmur damlalar\u0131n\u0131n boynundan i\u00e7eriye s\u00fcz\u00fclmesine engel olam\u0131yordu. Ellerinde titreme kendini g\u00f6stermeye ba\u015flam\u0131\u015ft\u0131. Parmak u\u00e7lar\u0131n\u0131 hissetmemeye ba\u015flarken, h\u0131zla kafas\u0131n\u0131 sa\u011fa sola \u00e7evirip gidece\u011fi y\u00f6n\u00fc kararla\u015ft\u0131rmay\u0131 denedi. Bu gece, g\u00fcn do\u011fmadan o kitab\u0131 bulmak istiyordu. Ayakkab\u0131lar\u0131ndan i\u00e7eri dolu\u015fmu\u015f sular ile \u0131slanm\u0131\u015f ayaklar\u0131, onu son \u015fans\u0131 olan eski bir binaya y\u00f6nlendirdi. Eski ve k\u00fc\u00e7\u00fck bir kitap\u00e7\u0131 daima oradayd\u0131. Aray\u0131\u015f\u0131n\u0131n son bulaca\u011f\u0131 nokta, y\u0131llar \u00f6nce de oldu\u011fu gibi bir kez daha buras\u0131 olmu\u015ftu. Sat\u0131c\u0131n\u0131n kendi masas\u0131n\u0131n alt\u0131ndan \u00e7\u0131kar\u0131p verdi\u011fi kitab\u0131 ellerine ald\u0131\u011f\u0131nda, sa\u00e7lar\u0131ndan kitab\u0131n \u00fczerine d\u00fc\u015fen damlalar e\u015fli\u011finde \u00fc\u015f\u00fcmesi ve yorgunlu\u011fu kaybolmaya ba\u015flad\u0131. D\u0131\u015far\u0131 \u00e7\u0131kt\u0131\u011f\u0131nda siyah g\u00f6ky\u00fcz\u00fcnden inen g\u00f6r\u00fcnmez damlalar\u0131n alt\u0131nda \u0131slan\u0131rken t\u00fcm o siyahl\u0131\u011f\u0131n i\u00e7erisine dudaklar\u0131ndan iki kelime yay\u0131ld\u0131: Karanl\u0131kta Monotoni.\u201d   <\/p>\n","protected":false},"excerpt":{"rendered":"<p>\u201cZay\u0131f y\u00fcz\u00fcne yerle\u015ftirilmi\u015f bitkin ve uykusuz k\u0131rm\u0131z\u0131 g\u00f6zlerini etrafta bir \u015fey ararcas\u0131na gezdiriyordu. \u00dc\u015f\u00fcyerek, ya\u011fan ya\u011fmur y\u00fcz\u00fcnden zar zor se\u00e7ebildi\u011fi vitrindeki kitaplar\u0131n isimlerine bakmaya \u00e7al\u0131\u015f\u0131yordu. Gece<span class=\"excerpt-hellip\"> [\u2026]<\/span><\/p>\n","protected":false},"featured_media":0,"template":"","meta":{"_monsterinsights_skip_tracking":false,"_monsterinsights_sitenote_active":false,"_monsterinsights_sitenote_note":"","_monsterinsights_sitenote_category":0},"product_brand":[],"product_cat":[12291,12711],"product_tag":[],"class_list":{"0":"post-750422","1":"product","2":"type-product","3":"status-publish","5":"product_cat-edebiyat","6":"product_cat-roman-oyku","7":"pa_cilt-ciltsiz","8":"pa_tur-kitap","9":"pa_yayinevi-elpis-yayinlari","10":"pa_yazar-hasan-morkoc","12":"first","13":"instock","14":"sale","15":"shipping-taxable","16":"purchasable","17":"product-type-simple"},"_links":{"self":[{"href":"https:\/\/roveyayinevi.com.tr\/index.php\/wp-json\/wp\/v2\/product\/750422","targetHints":{"allow":["GET"]}}],"collection":[{"href":"https:\/\/roveyayinevi.com.tr\/index.php\/wp-json\/wp\/v2\/product"}],"about":[{"href":"https:\/\/roveyayinevi.com.tr\/index.php\/wp-json\/wp\/v2\/types\/product"}],"wp:attachment":[{"href":"https:\/\/roveyayinevi.com.tr\/index.php\/wp-json\/wp\/v2\/media?parent=750422"}],"wp:term":[{"taxonomy":"product_brand","embeddable":true,"href":"https:\/\/roveyayinevi.com.tr\/index.php\/wp-json\/wp\/v2\/product_brand?post=750422"},{"taxonomy":"product_cat","embeddable":true,"href":"https:\/\/roveyayinevi.com.tr\/index.php\/wp-json\/wp\/v2\/product_cat?post=750422"},{"taxonomy":"product_tag","embeddable":true,"href":"https:\/\/roveyayinevi.com.tr\/index.php\/wp-json\/wp\/v2\/product_tag?post=750422"}],"curies":[{"name":"wp","href":"https:\/\/api.w.org\/{rel}","templated":true}]}}