{"id":750419,"date":"2025-08-28T04:20:13","date_gmt":"2025-08-28T01:20:13","guid":{"rendered":"https:\/\/roveyayinevi.com.tr\/index.php\/urun\/vajina-a-s\/"},"modified":"2026-04-16T03:03:40","modified_gmt":"2026-04-16T00:03:40","slug":"vajina-a-s","status":"publish","type":"product","link":"https:\/\/roveyayinevi.com.tr\/index.php\/urun\/vajina-a-s\/","title":{"rendered":"Vajina A.\u015e."},"content":{"rendered":"<p>Vajina: \u0130nsan v\u00fccudunda kaplad\u0131\u011f\u0131 yer ile kafalarda kaplad\u0131\u011f\u0131 yer aras\u0131nda u\u00e7urum olan organ. Ad\u0131 telaffuz edilmekten en korkulan, en utan\u0131lan organ. U\u011fruna sava\u015flar\u0131n \u00e7\u0131kt\u0131\u011f\u0131, \u00fclkeleri y\u0131kan, krall\u0131klar\u0131 deviren organ. Kad\u0131nl\u0131\u011f\u0131 ve anneli\u011fin kutsall\u0131\u011f\u0131n\u0131 temsil eden organ. Yerinin ve \u015feklinin d\u0131\u015far\u0131dan g\u00f6r\u00fclmemesinden dolay\u0131 en gizemli organ. \u0130\u00e7inde olan, olmayan, olup olmad\u0131\u011f\u0131 tam bilinmeyen hassas \u00f6zel noktalar\u0131 ile en \u00e7ok tart\u0131\u015f\u0131lan organ. Bebe\u011fi annesine kavu\u015fturan yol, do\u011fum kanal\u0131. Rahmin d\u0131\u015far\u0131ya a\u00e7\u0131lan kap\u0131s\u0131. \u00c2det kan\u0131n\u0131n ak\u0131\u015f g\u00fczergah\u0131. Soyun devam\u0131 i\u00e7in kad\u0131n v\u00fccuduna b\u0131rak\u0131lan sperm h\u00fccrelerinin yata\u011f\u0131, rezervuar\u0131, ya\u015famalar\u0131 i\u00e7in en elveri\u015fli yer. \u00dclkemizde k\u0131zl\u0131k zar\u0131 denilen ger\u00e7ek ad\u0131 himen olan giri\u015f kap\u0131s\u0131 ile namus bek\u00e7isi. Geni\u015f olsa su\u00e7, dar olsa su\u00e7. Islak olsa dert, kuru olsa daha ayr\u0131 dert. Yoklu\u011fu varl\u0131\u011f\u0131ndan zor. Var olamad\u0131\u011f\u0131 durumlar daha beter dert. (Baz\u0131 kad\u0131nlar do\u011fu\u015ftan vajinalar\u0131 kapal\u0131 d\u00fcnyaya geliyorlar.) \u00dczerine kitap yaz\u0131lmay\u0131 en \u00e7ok hak eden organ, \u00e7\u00fcnk\u00fc vajina hi\u00e7bir zaman sadece bir vajina de\u011fil. S\u00f6z konusu kad\u0131n olunca sahip \u00e7\u0131kan\u0131 da ak\u0131l vereni de dahil, neyi yapmas\u0131 ya da neyi yapmamas\u0131n\u0131 gerekti\u011fini s\u00f6yleme hakk\u0131 da herkese d\u00fc\u015f\u00fcyor. Anonim \u015firket, hakk\u0131 belirli pay ve paydalara b\u00f6l\u00fcnm\u00fc\u015f olana denir ya; i\u015fte vajina hakk\u0131nda herkes s\u00f6z sahibi oldu\u011funu iddia etti\u011fi i\u00e7in b\u00f6yle bir ironi ile konuya dikkat \u00e7ekmek istedik. \u0130\u015fte bu y\u00fczden kitab\u0131m\u0131z\u0131n ad\u0131 Vajina A.\u015e.   Vajina A.\u015e. projemizde bizlere destek veren ba\u015fta ba\u015f edit\u00f6rlerimiz Do\u00e7. Dr. A\u015fk\u0131 Ellibe\u015f Kaya ve Osman Erdo\u011fan\u2019a ve kitab\u0131m\u0131z\u0131n i\u00e7eri\u011fine e\u015fsiz deneyim ve bilgileri ile deste\u011fini esirgemeyen Op. Dr. Aylin An\u0131l Arslan, Op. Dr. Azer Aras Ulu\u011f, Op. Dr. Berk Karata\u015f, Uzm. Psk. Dan. Buket Bay\u0131nd\u0131r, Prof. Dr. Eray \u00c7al\u0131\u015fkan, Op. Dr. Esra Nur \u00d6zg\u00fcr, Dyt. Funda Tuzg\u00f6l, Uzm. Dr. Harika S\u00f6nmez, Prof. Dr. H\u00fcseyin Cengiz, Op. Dr. \u0130nci \u00c7avu\u015fo\u011flu, Prof. Dr. M. Murat Naki, Do\u00e7. Dr. Ozan Do\u011fan, Uzm. Psk. Sait Ali\u015fan, Prof. Dr. Sevtap Hamdemir K\u0131l\u0131\u00e7, Op. Dr. \u015eule K\u0131ray, Fzt. Yasemin \u0130rkilata\u2019ya te\u015fekk\u00fcr\u00fc bor\u00e7 biliriz.<\/p>\n","protected":false},"excerpt":{"rendered":"<p>Vajina: \u0130nsan v\u00fccudunda kaplad\u0131\u011f\u0131 yer ile kafalarda kaplad\u0131\u011f\u0131 yer aras\u0131nda u\u00e7urum olan organ. Ad\u0131 telaffuz edilmekten en korkulan, en utan\u0131lan organ. U\u011fruna sava\u015flar\u0131n \u00e7\u0131kt\u0131\u011f\u0131, \u00fclkeleri y\u0131kan,<span class=\"excerpt-hellip\"> [\u2026]<\/span><\/p>\n","protected":false},"featured_media":0,"template":"","meta":{"_monsterinsights_skip_tracking":false,"_monsterinsights_sitenote_active":false,"_monsterinsights_sitenote_note":"","_monsterinsights_sitenote_category":0},"product_brand":[],"product_cat":[13365],"product_tag":[],"class_list":{"0":"post-750419","1":"product","2":"type-product","3":"status-publish","5":"product_cat-saglik","6":"pa_cilt-ciltsiz","7":"pa_tur-kitap","8":"pa_yayinevi-bambuk-yayinevi","9":"pa_yazar-aski-ellibes-kaya-osman-erdogan","11":"first","12":"instock","13":"sale","14":"shipping-taxable","15":"purchasable","16":"product-type-simple"},"_links":{"self":[{"href":"https:\/\/roveyayinevi.com.tr\/index.php\/wp-json\/wp\/v2\/product\/750419","targetHints":{"allow":["GET"]}}],"collection":[{"href":"https:\/\/roveyayinevi.com.tr\/index.php\/wp-json\/wp\/v2\/product"}],"about":[{"href":"https:\/\/roveyayinevi.com.tr\/index.php\/wp-json\/wp\/v2\/types\/product"}],"wp:attachment":[{"href":"https:\/\/roveyayinevi.com.tr\/index.php\/wp-json\/wp\/v2\/media?parent=750419"}],"wp:term":[{"taxonomy":"product_brand","embeddable":true,"href":"https:\/\/roveyayinevi.com.tr\/index.php\/wp-json\/wp\/v2\/product_brand?post=750419"},{"taxonomy":"product_cat","embeddable":true,"href":"https:\/\/roveyayinevi.com.tr\/index.php\/wp-json\/wp\/v2\/product_cat?post=750419"},{"taxonomy":"product_tag","embeddable":true,"href":"https:\/\/roveyayinevi.com.tr\/index.php\/wp-json\/wp\/v2\/product_tag?post=750419"}],"curies":[{"name":"wp","href":"https:\/\/api.w.org\/{rel}","templated":true}]}}