{"id":750418,"date":"2025-08-28T04:20:12","date_gmt":"2025-08-28T01:20:12","guid":{"rendered":"https:\/\/roveyayinevi.com.tr\/index.php\/urun\/cocuk-yetistirmede-psikolojik-taktikler\/"},"modified":"2026-04-16T03:03:40","modified_gmt":"2026-04-16T00:03:40","slug":"cocuk-yetistirmede-psikolojik-taktikler","status":"publish","type":"product","link":"https:\/\/roveyayinevi.com.tr\/index.php\/urun\/cocuk-yetistirmede-psikolojik-taktikler\/","title":{"rendered":"\u00c7ocuk Yeti\u015ftirmede Psikolojik Taktikler"},"content":{"rendered":"<p>Bu kitapta neler var: \u2022 Okula al\u0131\u015fma s\u00fcreci kolayl\u0131kla nas\u0131l ge\u00e7irilir? \u2022 Ya\u015flara ba\u011fl\u0131 geli\u015fen zorlu d\u00f6nemler ile ba\u015f etmek\u2026 \u2022 \u00c7ocu\u011funuz hangi ya\u015fta yaln\u0131z yatmaya ba\u015flamal\u0131? \u2022 \u00d6d\u00fcl-ceza ne zaman verilmeli? \u2022 Yemek yeme problemleri nas\u0131l a\u015f\u0131l\u0131r? \u2022 Kendine g\u00fcvenen \u00e7ocuk yeti\u015ftirmek\u2026 \u2022 Anaokuluna ba\u015flama ya\u015f\u0131 ka\u00e7 olmal\u0131? \u2022 Gece korkular\u0131n\u0131n nedenleri nelerdir, korkularla nas\u0131l ba\u015f edilir? \u2022 Aile i\u00e7i disiplini sa\u011flamak i\u00e7in form\u00fcller\u2026 \u2022 Tuvalet e\u011fitimine ne zaman ve nas\u0131l ba\u015flamal\u0131? \u2022 \u00c7ocuklarla do\u011fru ileti\u015fim kurmak\u2026 \u2022 Hangi ya\u015fta hangi oyuncak al\u0131nmal\u0131? Bu kitap, anne-babalar\u0131n, \u00f6\u011fretmen ve psikologlar\u0131n, genel olarak da \u00e7ocuklarla diyalog kuran herkesin kullanabilece\u011fi \u00f6zel \u00f6nerileri ve pratik bilgileri i\u00e7ermektedir. Klinik Psikolog Buket Kasrat bu \u00e7al\u0131\u015fmada aile ve \u00e7ocuklarla birebir ya\u015fad\u0131\u011f\u0131 ger\u00e7ek hik\u00e2yeleri payla\u015farak, s\u0131k kar\u015f\u0131la\u015f\u0131lan sorunlar\u0131 \u00f6rneklerle a\u00e7\u0131klamaktad\u0131r. \u00c7ocuk Yeti\u015ftirmede Psikolojik Taktikler, \u00e7ocuklar\u0131n psikolojisini anlamay\u0131 sa\u011flayan, davran\u0131\u015f sorunlar\u0131na \u00e7\u00f6z\u00fcmler getiren ve anne-baba-\u00e7ocuk ileti\u015fimini g\u00fc\u00e7lendiren yararl\u0131 bir ba\u015fvuru kitab\u0131d\u0131r.<\/p>\n","protected":false},"excerpt":{"rendered":"<p>Bu kitapta neler var: \u2022 Okula al\u0131\u015fma s\u00fcreci kolayl\u0131kla nas\u0131l ge\u00e7irilir? \u2022 Ya\u015flara ba\u011fl\u0131 geli\u015fen zorlu d\u00f6nemler ile ba\u015f etmek\u2026 \u2022 \u00c7ocu\u011funuz hangi ya\u015fta yaln\u0131z yatmaya<span class=\"excerpt-hellip\"> [\u2026]<\/span><\/p>\n","protected":false},"featured_media":0,"template":"","meta":{"_monsterinsights_skip_tracking":false,"_monsterinsights_sitenote_active":false,"_monsterinsights_sitenote_note":"","_monsterinsights_sitenote_category":0},"product_brand":[],"product_cat":[12357],"product_tag":[],"class_list":{"0":"post-750418","1":"product","2":"type-product","3":"status-publish","5":"product_cat-psikoloji","6":"pa_cilt-ciltsiz","7":"pa_tur-kitap","8":"pa_yayinevi-remzi-kitabevi","9":"pa_yazar-buket-kasrat","11":"first","12":"instock","13":"sale","14":"shipping-taxable","15":"purchasable","16":"product-type-simple"},"_links":{"self":[{"href":"https:\/\/roveyayinevi.com.tr\/index.php\/wp-json\/wp\/v2\/product\/750418","targetHints":{"allow":["GET"]}}],"collection":[{"href":"https:\/\/roveyayinevi.com.tr\/index.php\/wp-json\/wp\/v2\/product"}],"about":[{"href":"https:\/\/roveyayinevi.com.tr\/index.php\/wp-json\/wp\/v2\/types\/product"}],"wp:attachment":[{"href":"https:\/\/roveyayinevi.com.tr\/index.php\/wp-json\/wp\/v2\/media?parent=750418"}],"wp:term":[{"taxonomy":"product_brand","embeddable":true,"href":"https:\/\/roveyayinevi.com.tr\/index.php\/wp-json\/wp\/v2\/product_brand?post=750418"},{"taxonomy":"product_cat","embeddable":true,"href":"https:\/\/roveyayinevi.com.tr\/index.php\/wp-json\/wp\/v2\/product_cat?post=750418"},{"taxonomy":"product_tag","embeddable":true,"href":"https:\/\/roveyayinevi.com.tr\/index.php\/wp-json\/wp\/v2\/product_tag?post=750418"}],"curies":[{"name":"wp","href":"https:\/\/api.w.org\/{rel}","templated":true}]}}