{"id":750415,"date":"2025-08-28T04:20:06","date_gmt":"2025-08-28T01:20:06","guid":{"rendered":"https:\/\/roveyayinevi.com.tr\/index.php\/urun\/canavar-pesinde-66-kralligin-kaderi-acimasiz-boga-tauron\/"},"modified":"2026-04-16T03:03:40","modified_gmt":"2026-04-16T00:03:40","slug":"canavar-pesinde-66-kralligin-kaderi-acimasiz-boga-tauron","status":"publish","type":"product","link":"https:\/\/roveyayinevi.com.tr\/index.php\/urun\/canavar-pesinde-66-kralligin-kaderi-acimasiz-boga-tauron\/","title":{"rendered":"Canavar Pe\u015finde 66 &#8211; Krall\u0131\u011f\u0131n Kaderi Ac\u0131mas\u0131z Bo\u011fa Tauron"},"content":{"rendered":"<p>Canavar Pe\u015finde 66 Yepyeni Canavar Pe\u015finde maceras\u0131na ho\u015f geldiniz: KRALLI\u011eIN KADER\u0130- ACIMASIZ BO\u011eA TAURON S\u0131rada \u00f6l\u00fcmc\u00fcl bir tehlike var. B\u00fcy\u00fcc\u00fc Kensa bu kez en \u00f6l\u00fcmc\u00fcl Canavar\u0131n\u0131, Ac\u0131mas\u0131z Bo\u011fa Tauron\u2019u serbest b\u0131rakt\u0131. Tom ve arkada\u015flar\u0131, onunla m\u00fccadele ediyorlar. Galip gelecekler mi yoksa Tauron\u2019un toynaklar\u0131n\u0131n alt\u0131nda ezilecekler mi? <\/p>\n","protected":false},"excerpt":{"rendered":"<p>Canavar Pe\u015finde 66 Yepyeni Canavar Pe\u015finde maceras\u0131na ho\u015f geldiniz: KRALLI\u011eIN KADER\u0130- ACIMASIZ BO\u011eA TAURON S\u0131rada \u00f6l\u00fcmc\u00fcl bir tehlike var. B\u00fcy\u00fcc\u00fc Kensa bu kez en \u00f6l\u00fcmc\u00fcl Canavar\u0131n\u0131,<span class=\"excerpt-hellip\"> [\u2026]<\/span><\/p>\n","protected":false},"featured_media":0,"template":"","meta":{"_monsterinsights_skip_tracking":false,"_monsterinsights_sitenote_active":false,"_monsterinsights_sitenote_note":"","_monsterinsights_sitenote_category":0},"product_brand":[],"product_cat":[12291,14777],"product_tag":[],"class_list":{"0":"post-750415","1":"product","2":"type-product","3":"status-publish","5":"product_cat-edebiyat","6":"product_cat-fantastik","7":"pa_cilt-ciltsiz","8":"pa_tur-kitap","9":"pa_yayinevi-beyaz-balina-yayinlari","10":"pa_yazar-adam-blade","12":"first","13":"instock","14":"sale","15":"shipping-taxable","16":"purchasable","17":"product-type-simple"},"_links":{"self":[{"href":"https:\/\/roveyayinevi.com.tr\/index.php\/wp-json\/wp\/v2\/product\/750415","targetHints":{"allow":["GET"]}}],"collection":[{"href":"https:\/\/roveyayinevi.com.tr\/index.php\/wp-json\/wp\/v2\/product"}],"about":[{"href":"https:\/\/roveyayinevi.com.tr\/index.php\/wp-json\/wp\/v2\/types\/product"}],"wp:attachment":[{"href":"https:\/\/roveyayinevi.com.tr\/index.php\/wp-json\/wp\/v2\/media?parent=750415"}],"wp:term":[{"taxonomy":"product_brand","embeddable":true,"href":"https:\/\/roveyayinevi.com.tr\/index.php\/wp-json\/wp\/v2\/product_brand?post=750415"},{"taxonomy":"product_cat","embeddable":true,"href":"https:\/\/roveyayinevi.com.tr\/index.php\/wp-json\/wp\/v2\/product_cat?post=750415"},{"taxonomy":"product_tag","embeddable":true,"href":"https:\/\/roveyayinevi.com.tr\/index.php\/wp-json\/wp\/v2\/product_tag?post=750415"}],"curies":[{"name":"wp","href":"https:\/\/api.w.org\/{rel}","templated":true}]}}