{"id":750411,"date":"2025-08-28T04:20:01","date_gmt":"2025-08-28T01:20:01","guid":{"rendered":"https:\/\/roveyayinevi.com.tr\/index.php\/urun\/bebek-ne-yapiyor\/"},"modified":"2026-04-16T03:03:40","modified_gmt":"2026-04-16T00:03:40","slug":"bebek-ne-yapiyor","status":"publish","type":"product","link":"https:\/\/roveyayinevi.com.tr\/index.php\/urun\/bebek-ne-yapiyor\/","title":{"rendered":"Bebek Ne Yap\u0131yor?"},"content":{"rendered":"<p>\u00c7ocuk geli\u015fimi alan\u0131n\u0131n \u00fcretken isimleri, de\u011ferli akademisyenler Saniye Bencik Kangal ve Bedriye \u00c7elik\u2019in \u00e7ocuklu\u011fun ilk y\u0131llar\u0131 i\u00e7in haz\u0131rlad\u0131klar\u0131 BebeKokulu Serisi; Meyveler, Sebzeler, Hayvanlar, Desenler, Nesneler ve Bebek Ne Yap\u0131yor? adl\u0131 alt\u0131 kitaptan olu\u015fuyor. Her biri on sayfal\u0131k bu \u201cbebek\u201d kitaplar, y\u0131pranmaya kar\u015f\u0131 dayan\u0131kl\u0131 yap\u0131da ve bebeklerin rahatl\u0131kla kavrayabilece\u011fi boyutta tasarland\u0131. Bebeklerimiz minicik sayfalar\u0131n aras\u0131nda g\u00f6zleriyle emekleyip biraz e\u011flenirken g\u00fcndelik hayatlar\u0131nda kar\u015f\u0131lar\u0131na \u00e7\u0131kan canl\u0131 ve cans\u0131z varl\u0131klarla tan\u0131\u015f\u0131p adlar\u0131n\u0131 \u00f6\u011frenecek, onlar\u0131 yeniden g\u00f6rd\u00fcklerinde kitaplardaki foto\u011frafl\u0131 anlat\u0131m sayesinde kolayca tan\u0131yabilecekler. Ba\u015fka bir deyi\u015fle, bebe\u011finiz kendisi i\u00e7in yeni olan bir d\u00fcnyaya daha odaklan\u0131rken dil edinim s\u00fcreci desteklenecek, g\u00f6rsel ve i\u015fitsel alg\u0131lama becerileri geli\u015fecek, kelime da\u011farc\u0131\u011f\u0131 geni\u015fleyecek. Siz de bu s\u0131rada, at\u0131lan t\u00fcm o ilk ad\u0131mlar\u0131n yan\u0131 s\u0131ra bebe\u011finizin kitaplara do\u011fru \u00e7\u0131kt\u0131\u011f\u0131 ilk yolculu\u011fa da tan\u0131k olacak, keyifli anlar\u0131n tad\u0131n\u0131 \u00e7\u0131karmaya koyulacaks\u0131n\u0131z.   BebeKokulu Serisi Meyveler Sebzeler Hayvanlar Desenler Nesneler  Bebek Ne Yap\u0131yor? <\/p>\n","protected":false},"excerpt":{"rendered":"<p>\u00c7ocuk geli\u015fimi alan\u0131n\u0131n \u00fcretken isimleri, de\u011ferli akademisyenler Saniye Bencik Kangal ve Bedriye \u00c7elik\u2019in \u00e7ocuklu\u011fun ilk y\u0131llar\u0131 i\u00e7in haz\u0131rlad\u0131klar\u0131 BebeKokulu Serisi; Meyveler, Sebzeler, Hayvanlar, Desenler, Nesneler ve<span class=\"excerpt-hellip\"> [\u2026]<\/span><\/p>\n","protected":false},"featured_media":0,"template":"","meta":{"_monsterinsights_skip_tracking":false,"_monsterinsights_sitenote_active":false,"_monsterinsights_sitenote_note":"","_monsterinsights_sitenote_category":0},"product_brand":[],"product_cat":[15192,12274],"product_tag":[],"class_list":{"0":"post-750411","1":"product","2":"type-product","3":"status-publish","5":"product_cat-1-3-yas-kitaplari","6":"product_cat-cocuk-ve-genclik-kitaplari","7":"pa_cilt-ciltsiz","8":"pa_tur-kitap","9":"pa_yayinevi-oyunperest","10":"pa_yazar-saniye-bencik-kangal-bedriye-celik","12":"first","13":"instock","14":"sale","15":"shipping-taxable","16":"purchasable","17":"product-type-simple"},"_links":{"self":[{"href":"https:\/\/roveyayinevi.com.tr\/index.php\/wp-json\/wp\/v2\/product\/750411","targetHints":{"allow":["GET"]}}],"collection":[{"href":"https:\/\/roveyayinevi.com.tr\/index.php\/wp-json\/wp\/v2\/product"}],"about":[{"href":"https:\/\/roveyayinevi.com.tr\/index.php\/wp-json\/wp\/v2\/types\/product"}],"wp:attachment":[{"href":"https:\/\/roveyayinevi.com.tr\/index.php\/wp-json\/wp\/v2\/media?parent=750411"}],"wp:term":[{"taxonomy":"product_brand","embeddable":true,"href":"https:\/\/roveyayinevi.com.tr\/index.php\/wp-json\/wp\/v2\/product_brand?post=750411"},{"taxonomy":"product_cat","embeddable":true,"href":"https:\/\/roveyayinevi.com.tr\/index.php\/wp-json\/wp\/v2\/product_cat?post=750411"},{"taxonomy":"product_tag","embeddable":true,"href":"https:\/\/roveyayinevi.com.tr\/index.php\/wp-json\/wp\/v2\/product_tag?post=750411"}],"curies":[{"name":"wp","href":"https:\/\/api.w.org\/{rel}","templated":true}]}}