{"id":750408,"date":"2025-08-28T04:19:56","date_gmt":"2025-08-28T01:19:56","guid":{"rendered":"https:\/\/roveyayinevi.com.tr\/index.php\/urun\/sinandim\/"},"modified":"2026-04-16T03:03:40","modified_gmt":"2026-04-16T00:03:40","slug":"sinandim","status":"publish","type":"product","link":"https:\/\/roveyayinevi.com.tr\/index.php\/urun\/sinandim\/","title":{"rendered":"S\u0131nand\u0131m"},"content":{"rendered":"<p>Yar\u0131nlar\u0131n kailesini \u00e7ekerken bug\u00fcn\u00fcn kay\u0131plar\u0131n\u0131 hep g\u00f6z ard\u0131 ettik sonras\u0131nda d\u00fcnde kalan ke\u015fkelerimizle hayat\u0131m\u0131z\u0131 zorla\u015ft\u0131rd\u0131k. Ne d\u00fcne bak\u0131p oyalanmal\u0131 insan, ne de yar\u0131nlar\u0131 d\u00fc\u015f\u00fcnerek kayg\u0131lanmal\u0131. Sebeb-i gayesini bilerek an\u0131 ya\u015farsa d\u00fcn\u00fc pak, yar\u0131n\u0131 duru olacakt\u0131r \u015f\u00fcphesiz. \u0130nsan\u0131n kendine olan g\u00fcveni tam inanc\u0131 da sa\u011flamsa a\u015famayaca\u011f\u0131 engel ba\u015far\u0131l\u0131 olamayaca\u011f\u0131 bir s\u0131nav olmaz elbette. S\u0131nan\u0131r insan; her an, her daim s\u0131nan\u0131r. Kimi zaman anlar bu durumu kimi zaman anlamaz. Do\u011fru zamanda do\u011fru yerde durmal\u0131 insan muhakkak as\u0131l galipler ma\u011flup g\u00f6r\u00fcnenlerdir. \u201cSINANDIM\u2019\u2019 adl\u0131 bu kitab\u0131mda hayattan \u00e7\u0131kar\u0131mlar yapm\u0131\u015f oldu\u011fum baz\u0131 duygular\u0131 kendi halimce dizelerle bulu\u015fturdum   \u0130krar verdim elest\u00fcde Allah&#8217;a, K\u00fcn fe yek \u00fcn dendi halde s\u0131nand\u0131m. K\u0131yamdayd\u0131m ermek i\u00e7in fel\u00e2ha, Hayli me\u015fakkatli yolda s\u0131nand\u0131m.   O yolda \u00f6\u011frendim y\u00fcr\u00fcmeyi ben, Derde talip olup \u00e7\u00fcr\u00fcmeyi ben, Yanarken anlad\u0131m erimeyi ben, Bir dem oldu s\u00f6nd\u00fcm k\u00fclde s\u0131nand\u0131m.   K\u00fcl\u00fcm\u00fc d\u00f6rt yana savurdu r\u00fczg\u00e2r Nedir bu ruhumu ku\u015fatan efk\u00e2r Bu s\u0131rr\u0131 sak\u0131n ha ! etme a\u015fik\u00e2r, Dediler L\u00e2l oldum dilde s\u0131nand\u0131m.   Dil susunca has\u0131l oldu muhabbet, Nas\u0131l bilmem izah\u0131 g\u00fc\u00e7 garabet, Mecnun oldum bir sevdaya m\u00fcebbet, Leyla&#8217;n\u0131n u\u011fruna \u00e7\u00f6lde s\u0131nand\u0131m. <\/p>\n","protected":false},"excerpt":{"rendered":"<p>Yar\u0131nlar\u0131n kailesini \u00e7ekerken bug\u00fcn\u00fcn kay\u0131plar\u0131n\u0131 hep g\u00f6z ard\u0131 ettik sonras\u0131nda d\u00fcnde kalan ke\u015fkelerimizle hayat\u0131m\u0131z\u0131 zorla\u015ft\u0131rd\u0131k. Ne d\u00fcne bak\u0131p oyalanmal\u0131 insan, ne de yar\u0131nlar\u0131 d\u00fc\u015f\u00fcnerek kayg\u0131lanmal\u0131. Sebeb-i<span class=\"excerpt-hellip\"> [\u2026]<\/span><\/p>\n","protected":false},"featured_media":0,"template":"","meta":{"_monsterinsights_skip_tracking":false,"_monsterinsights_sitenote_active":false,"_monsterinsights_sitenote_note":"","_monsterinsights_sitenote_category":0},"product_brand":[],"product_cat":[12291,12509],"product_tag":[],"class_list":{"0":"post-750408","1":"product","2":"type-product","3":"status-publish","5":"product_cat-edebiyat","6":"product_cat-siir","7":"pa_cilt-ciltsiz","8":"pa_tur-kitap","9":"pa_yayinevi-gulnar-yayinlari","10":"pa_yazar-nihat-soykan","12":"first","13":"instock","14":"sale","15":"shipping-taxable","16":"purchasable","17":"product-type-simple"},"_links":{"self":[{"href":"https:\/\/roveyayinevi.com.tr\/index.php\/wp-json\/wp\/v2\/product\/750408","targetHints":{"allow":["GET"]}}],"collection":[{"href":"https:\/\/roveyayinevi.com.tr\/index.php\/wp-json\/wp\/v2\/product"}],"about":[{"href":"https:\/\/roveyayinevi.com.tr\/index.php\/wp-json\/wp\/v2\/types\/product"}],"wp:attachment":[{"href":"https:\/\/roveyayinevi.com.tr\/index.php\/wp-json\/wp\/v2\/media?parent=750408"}],"wp:term":[{"taxonomy":"product_brand","embeddable":true,"href":"https:\/\/roveyayinevi.com.tr\/index.php\/wp-json\/wp\/v2\/product_brand?post=750408"},{"taxonomy":"product_cat","embeddable":true,"href":"https:\/\/roveyayinevi.com.tr\/index.php\/wp-json\/wp\/v2\/product_cat?post=750408"},{"taxonomy":"product_tag","embeddable":true,"href":"https:\/\/roveyayinevi.com.tr\/index.php\/wp-json\/wp\/v2\/product_tag?post=750408"}],"curies":[{"name":"wp","href":"https:\/\/api.w.org\/{rel}","templated":true}]}}