{"id":750407,"date":"2025-08-28T04:19:55","date_gmt":"2025-08-28T01:19:55","guid":{"rendered":"https:\/\/roveyayinevi.com.tr\/index.php\/urun\/kerkuklu-koca-turkmen\/"},"modified":"2026-04-16T03:03:40","modified_gmt":"2026-04-16T00:03:40","slug":"kerkuklu-koca-turkmen","status":"publish","type":"product","link":"https:\/\/roveyayinevi.com.tr\/index.php\/urun\/kerkuklu-koca-turkmen\/","title":{"rendered":"Kerk\u00fckl\u00fc Koca T\u00fcrkmen"},"content":{"rendered":"<p>Selahaddin Kaya&#8217;n\u0131n ard\u0131ndan, Osmanl\u0131 Devleti tarih sahnesinden \u00e7ekildikten sonra, Irak T\u00fcrkl\u00fc\u011f\u00fc \u00e2deta yetim kalm\u0131\u015ft\u0131r. O tarihten sonra Irak&#8217; ta \u0130ngilizlerin himayesinde kurulan Krall\u0131k rejiminin ve daha sonra bask\u0131c\u0131 cumhuriyet h\u00fck\u00fbmetlerinin h\u00e2kimiyeti alt\u0131nda ya\u015famaya ba\u015flayan ve en sonunda Saddam H\u00fcseyin iktidar\u0131nda u\u011framad\u0131klar\u0131 zul\u00fcm kalmayan Irak T\u00fcrkleri, 20. yy. boyunca, varl\u0131klar\u0131n\u0131n ink\u00e2r\u0131ndan temel hak ve h\u00fcrriyetlerinin gasp edilmesine, s\u00fcrg\u00fcnlerden hapislere, idamlardan katliamlara varan bir dizi mezalimle kar\u015f\u0131 kar\u015f\u0131ya kalm\u0131\u015flard\u0131r. Bu haks\u0131zl\u0131klara kar\u015f\u0131 Irak T\u00fcrklerinin bir k\u0131sm\u0131 m\u00fccadeleyi Irak i\u00e7inde y\u00fcr\u00fct\u00fcrken bir k\u0131sm\u0131 da Irak d\u0131\u015f\u0131na \u00e7\u0131km\u0131\u015f, bilhassa anavatan T\u00fcrkiye&#8217;de Irak T\u00fcrkl\u00fc\u011f\u00fcn\u00fcn ad\u0131n\u0131 duyurma, milli varl\u0131\u011f\u0131n\u0131n, sosyal ve k\u00fclt\u00fcrel de\u011ferlerini koruma yolunu tutmu\u015ftur. Bu kutlu m\u00fccadelenin isimsiz kahramanlar\u0131ndan biri de Selahaddin Kaya&#8217;d\u0131r. O, Yerle\u015fmi\u015f oldu\u011fu Kayseri&#8217; de uzun y\u0131llar Irak T\u00fcrklerinin hakl\u0131 davas\u0131n\u0131 g\u00fcr sesle dile getirmi\u015f, elindeki k\u0131s\u0131tl\u0131 imk\u00e2nlara ra\u011fmen bu mukaddes m\u00fccadelede bir g\u00fcn dahi geri ad\u0131m atmam\u0131\u015ft\u0131r. \u00d6mr\u00fcn\u00fc Irak T\u00fcrkl\u00fc\u011f\u00fcn\u00fcn y\u00fckseli\u015fi i\u00e7in feda eden Selahaddin Kaya&#8217;n\u0131n aziz hat\u0131ras\u0131 bu kitap vas\u0131tas\u0131yla unutulmayacakt\u0131r. Onu, bu de\u011ferli eserle y\u00e2d eden ve Irak T\u00fcrklerinin beka davas\u0131n\u0131n yeni nesillere devredilmesini sa\u011flayan Say\u0131n Ziya \u015eahin&#8217;i bu de\u011ferli \u00e7al\u0131nmas\u0131ndan dolay\u0131 kutlar, eserinin Selahaddin Kaya&#8217;n\u0131n ruhunu \u015fad edece\u011fini \u00fcmit ederim. Prof. Dr. \u00c7etin Saat\u00e7i Kayseri 2023 <\/p>\n","protected":false},"excerpt":{"rendered":"<p>Selahaddin Kaya&#8217;n\u0131n ard\u0131ndan, Osmanl\u0131 Devleti tarih sahnesinden \u00e7ekildikten sonra, Irak T\u00fcrkl\u00fc\u011f\u00fc \u00e2deta yetim kalm\u0131\u015ft\u0131r. O tarihten sonra Irak&#8217; ta \u0130ngilizlerin himayesinde kurulan Krall\u0131k rejiminin ve daha<span class=\"excerpt-hellip\"> [\u2026]<\/span><\/p>\n","protected":false},"featured_media":0,"template":"","meta":{"_monsterinsights_skip_tracking":false,"_monsterinsights_sitenote_active":false,"_monsterinsights_sitenote_note":"","_monsterinsights_sitenote_category":0},"product_brand":[],"product_cat":[12291,12745],"product_tag":[],"class_list":{"0":"post-750407","1":"product","2":"type-product","3":"status-publish","5":"product_cat-edebiyat","6":"product_cat-tarihi-roman","7":"pa_cilt-ciltsiz","8":"pa_tur-kitap","9":"pa_yayinevi-gulnar-yayinlari","10":"pa_yazar-ziya-sahin","12":"first","13":"instock","14":"sale","15":"shipping-taxable","16":"purchasable","17":"product-type-simple"},"_links":{"self":[{"href":"https:\/\/roveyayinevi.com.tr\/index.php\/wp-json\/wp\/v2\/product\/750407","targetHints":{"allow":["GET"]}}],"collection":[{"href":"https:\/\/roveyayinevi.com.tr\/index.php\/wp-json\/wp\/v2\/product"}],"about":[{"href":"https:\/\/roveyayinevi.com.tr\/index.php\/wp-json\/wp\/v2\/types\/product"}],"wp:attachment":[{"href":"https:\/\/roveyayinevi.com.tr\/index.php\/wp-json\/wp\/v2\/media?parent=750407"}],"wp:term":[{"taxonomy":"product_brand","embeddable":true,"href":"https:\/\/roveyayinevi.com.tr\/index.php\/wp-json\/wp\/v2\/product_brand?post=750407"},{"taxonomy":"product_cat","embeddable":true,"href":"https:\/\/roveyayinevi.com.tr\/index.php\/wp-json\/wp\/v2\/product_cat?post=750407"},{"taxonomy":"product_tag","embeddable":true,"href":"https:\/\/roveyayinevi.com.tr\/index.php\/wp-json\/wp\/v2\/product_tag?post=750407"}],"curies":[{"name":"wp","href":"https:\/\/api.w.org\/{rel}","templated":true}]}}